{"id":2450,"date":"2018-10-06T18:30:05","date_gmt":"2018-10-06T18:30:05","guid":{"rendered":"https:\/\/end.pt\/pt\/?post_type=product&#038;p=2450"},"modified":"2021-05-02T21:16:48","modified_gmt":"2021-05-02T21:16:48","slug":"conversor-de-bateria","status":"publish","type":"product","link":"https:\/\/end.pt\/pt\/product\/conversor-de-bateria\/","title":{"rendered":"Conversor de bateria"},"content":{"rendered":"<p>O conversor de bateria para a s\u00e9rie CP permite carregar uma unidade de comando de uma bateria LED tal como aquelas presentes em autom\u00f3veis.<br \/>\nO conversor gera um output de 230V \/ 50Hz a partir de um input de 12 ou 24 VDC e \u00e9 capaz de entregar uma pot\u00eancia el\u00e9ctrica de at\u00e9 1500W.<\/p>\n","protected":false},"excerpt":{"rendered":"<p>O conversor de bateria para a s\u00e9rie CP permite carregar uma unidade de comando de uma bateria LED tal como aquelas presentes em autom\u00f3veis. O conversor gera um output de 230V \/ 50Hz a partir de um input de 12 ou 24 VDC e \u00e9 capaz de entregar uma pot\u00eancia el\u00e9ctrica de at\u00e9 1500W.<\/p>\n","protected":false},"featured_media":2452,"template":"","meta":{"_mi_skip_tracking":false},"product_cat":[127,38,37],"product_tag":[],"class_list":["post-2450","product","type-product","status-publish","has-post-thumbnail","hentry","product_cat-acessorios-teledyne-icm-site-x-serie-cp","product_cat-equipamentos-raio-x","product_cat-radiografia-industrial"],"_links":{"self":[{"href":"https:\/\/end.pt\/pt\/wp-json\/wp\/v3\/product\/2450","targetHints":{"allow":["GET"]}}],"collection":[{"href":"https:\/\/end.pt\/pt\/wp-json\/wp\/v3\/product"}],"about":[{"href":"https:\/\/end.pt\/pt\/wp-json\/wp\/v2\/types\/product"}],"version-history":[{"count":3,"href":"https:\/\/end.pt\/pt\/wp-json\/wp\/v3\/product\/2450\/revisions"}],"predecessor-version":[{"id":5198,"href":"https:\/\/end.pt\/pt\/wp-json\/wp\/v3\/product\/2450\/revisions\/5198"}],"wp:featuredmedia":[{"embeddable":true,"href":"https:\/\/end.pt\/pt\/wp-json\/wp\/v2\/media\/2452"}],"wp:attachment":[{"href":"https:\/\/end.pt\/pt\/wp-json\/wp\/v2\/media?parent=2450"}],"wp:term":[{"taxonomy":"product_cat","embeddable":true,"href":"https:\/\/end.pt\/pt\/wp-json\/wp\/v2\/product_cat?post=2450"},{"taxonomy":"product_tag","embeddable":true,"href":"https:\/\/end.pt\/pt\/wp-json\/wp\/v2\/product_tag?post=2450"}],"curies":[{"name":"wp","href":"https:\/\/api.w.org\/{rel}","templated":true}]}}