{"id":2453,"date":"2018-10-06T18:32:33","date_gmt":"2018-10-06T18:32:33","guid":{"rendered":"https:\/\/end.pt\/pt\/?post_type=product&#038;p=2453"},"modified":"2021-05-02T21:16:14","modified_gmt":"2021-05-02T21:16:14","slug":"luzes-avisadoras","status":"publish","type":"product","link":"https:\/\/end.pt\/pt\/product\/luzes-avisadoras\/","title":{"rendered":"Luzes Avisadoras"},"content":{"rendered":"<p>A luz avisadora na s\u00e9rie CP \u00e9 uma \u00fanica luz vermelha de aviso numa estrutura refor\u00e7ada, ligada por um cabo de 20 metros, e com 2 configura\u00e7\u00f5es dispon\u00edveis e controladas pela unidade de comando.<br \/>\nInclui uma liga\u00e7\u00e3o ao trip\u00e9 ou a um p\u00e9 magn\u00e9tico.<\/p>\n","protected":false},"excerpt":{"rendered":"<p>A luz avisadora na s\u00e9rie CP \u00e9 uma \u00fanica luz vermelha de aviso numa estrutura refor\u00e7ada, ligada por um cabo de 20 metros, e com 2 configura\u00e7\u00f5es dispon\u00edveis e controladas pela unidade de comando. Inclui uma liga\u00e7\u00e3o ao trip\u00e9 ou a um p\u00e9 magn\u00e9tico.<\/p>\n","protected":false},"featured_media":2456,"template":"","meta":{"_mi_skip_tracking":false},"product_cat":[127,38],"product_tag":[],"class_list":["post-2453","product","type-product","status-publish","has-post-thumbnail","hentry","product_cat-acessorios-teledyne-icm-site-x-serie-cp","product_cat-equipamentos-raio-x"],"_links":{"self":[{"href":"https:\/\/end.pt\/pt\/wp-json\/wp\/v3\/product\/2453","targetHints":{"allow":["GET"]}}],"collection":[{"href":"https:\/\/end.pt\/pt\/wp-json\/wp\/v3\/product"}],"about":[{"href":"https:\/\/end.pt\/pt\/wp-json\/wp\/v2\/types\/product"}],"version-history":[{"count":3,"href":"https:\/\/end.pt\/pt\/wp-json\/wp\/v3\/product\/2453\/revisions"}],"predecessor-version":[{"id":5196,"href":"https:\/\/end.pt\/pt\/wp-json\/wp\/v3\/product\/2453\/revisions\/5196"}],"wp:featuredmedia":[{"embeddable":true,"href":"https:\/\/end.pt\/pt\/wp-json\/wp\/v2\/media\/2456"}],"wp:attachment":[{"href":"https:\/\/end.pt\/pt\/wp-json\/wp\/v2\/media?parent=2453"}],"wp:term":[{"taxonomy":"product_cat","embeddable":true,"href":"https:\/\/end.pt\/pt\/wp-json\/wp\/v2\/product_cat?post=2453"},{"taxonomy":"product_tag","embeddable":true,"href":"https:\/\/end.pt\/pt\/wp-json\/wp\/v2\/product_tag?post=2453"}],"curies":[{"name":"wp","href":"https:\/\/api.w.org\/{rel}","templated":true}]}}