{"id":2457,"date":"2018-10-06T18:38:30","date_gmt":"2018-10-06T18:38:30","guid":{"rendered":"https:\/\/end.pt\/pt\/?post_type=product&#038;p=2457"},"modified":"2021-05-02T21:15:42","modified_gmt":"2021-05-02T21:15:42","slug":"diafragmas-personalizados","status":"publish","type":"product","link":"https:\/\/end.pt\/pt\/product\/diafragmas-personalizados\/","title":{"rendered":"Diafragmas Personalizados"},"content":{"rendered":"<p>Os gerados de Raio-X CP est\u00e3o equipados com um carrosel com 5 posi\u00e7\u00f5es. A pedido, qualquer uma destas posi\u00e7\u00f5es pode ser preenchida com um diafragma personalizado, consoante a sua necessidade de aplica\u00e7\u00e3o.<\/p>\n","protected":false},"excerpt":{"rendered":"<p>Os gerados de Raio-X CP est\u00e3o equipados com um carrosel com 5 posi\u00e7\u00f5es. A pedido, qualquer uma destas posi\u00e7\u00f5es pode ser preenchida com um diafragma personalizado, consoante a sua necessidade de aplica\u00e7\u00e3o.<\/p>\n","protected":false},"featured_media":2454,"template":"","meta":{"_mi_skip_tracking":false},"product_cat":[127,38],"product_tag":[],"class_list":["post-2457","product","type-product","status-publish","has-post-thumbnail","hentry","product_cat-acessorios-teledyne-icm-site-x-serie-cp","product_cat-equipamentos-raio-x"],"_links":{"self":[{"href":"https:\/\/end.pt\/pt\/wp-json\/wp\/v3\/product\/2457","targetHints":{"allow":["GET"]}}],"collection":[{"href":"https:\/\/end.pt\/pt\/wp-json\/wp\/v3\/product"}],"about":[{"href":"https:\/\/end.pt\/pt\/wp-json\/wp\/v2\/types\/product"}],"version-history":[{"count":2,"href":"https:\/\/end.pt\/pt\/wp-json\/wp\/v3\/product\/2457\/revisions"}],"predecessor-version":[{"id":5195,"href":"https:\/\/end.pt\/pt\/wp-json\/wp\/v3\/product\/2457\/revisions\/5195"}],"wp:featuredmedia":[{"embeddable":true,"href":"https:\/\/end.pt\/pt\/wp-json\/wp\/v2\/media\/2454"}],"wp:attachment":[{"href":"https:\/\/end.pt\/pt\/wp-json\/wp\/v2\/media?parent=2457"}],"wp:term":[{"taxonomy":"product_cat","embeddable":true,"href":"https:\/\/end.pt\/pt\/wp-json\/wp\/v2\/product_cat?post=2457"},{"taxonomy":"product_tag","embeddable":true,"href":"https:\/\/end.pt\/pt\/wp-json\/wp\/v2\/product_tag?post=2457"}],"curies":[{"name":"wp","href":"https:\/\/api.w.org\/{rel}","templated":true}]}}