{"id":2458,"date":"2018-10-06T18:39:53","date_gmt":"2018-10-06T18:39:53","guid":{"rendered":"https:\/\/end.pt\/pt\/?post_type=product&#038;p=2458"},"modified":"2021-05-02T21:15:07","modified_gmt":"2021-05-02T21:15:07","slug":"pelicase","status":"publish","type":"product","link":"https:\/\/end.pt\/pt\/product\/pelicase\/","title":{"rendered":"Pelicase"},"content":{"rendered":"<p>A caixa de transporte de pl\u00e1stico refor\u00e7ado Pelicase \u00e9 uma caixa de transporte espec\u00edfica para transporte seguro dos geradores ICM CP. Esta caixa de transporte dedicada leva um gerador CP, uma unidade de comando, cabo de alimenta\u00e7\u00e3o de 20m, cabo de liga\u00e7\u00e3o de 10m, trip\u00e9 e luz avisadora ac\u00fastica. O peso total da caixa vazia \u00e9 de 17.7kg (50.2 kg cheia).<\/p>\n","protected":false},"excerpt":{"rendered":"<p>A caixa de transporte de pl\u00e1stico refor\u00e7ado Pelicase \u00e9 uma caixa de transporte espec\u00edfica para transporte seguro dos geradores ICM CP. Esta caixa de transporte dedicada leva um gerador CP, uma unidade de comando, cabo de alimenta\u00e7\u00e3o de 20m, cabo de liga\u00e7\u00e3o de 10m, trip\u00e9 e luz avisadora ac\u00fastica. O peso total da caixa vazia [&hellip;]<\/p>\n","protected":false},"featured_media":2459,"template":"","meta":{"_mi_skip_tracking":false},"product_cat":[127,38],"product_tag":[],"class_list":["post-2458","product","type-product","status-publish","has-post-thumbnail","hentry","product_cat-acessorios-teledyne-icm-site-x-serie-cp","product_cat-equipamentos-raio-x"],"_links":{"self":[{"href":"https:\/\/end.pt\/pt\/wp-json\/wp\/v3\/product\/2458","targetHints":{"allow":["GET"]}}],"collection":[{"href":"https:\/\/end.pt\/pt\/wp-json\/wp\/v3\/product"}],"about":[{"href":"https:\/\/end.pt\/pt\/wp-json\/wp\/v2\/types\/product"}],"version-history":[{"count":2,"href":"https:\/\/end.pt\/pt\/wp-json\/wp\/v3\/product\/2458\/revisions"}],"predecessor-version":[{"id":5194,"href":"https:\/\/end.pt\/pt\/wp-json\/wp\/v3\/product\/2458\/revisions\/5194"}],"wp:featuredmedia":[{"embeddable":true,"href":"https:\/\/end.pt\/pt\/wp-json\/wp\/v2\/media\/2459"}],"wp:attachment":[{"href":"https:\/\/end.pt\/pt\/wp-json\/wp\/v2\/media?parent=2458"}],"wp:term":[{"taxonomy":"product_cat","embeddable":true,"href":"https:\/\/end.pt\/pt\/wp-json\/wp\/v2\/product_cat?post=2458"},{"taxonomy":"product_tag","embeddable":true,"href":"https:\/\/end.pt\/pt\/wp-json\/wp\/v2\/product_tag?post=2458"}],"curies":[{"name":"wp","href":"https:\/\/api.w.org\/{rel}","templated":true}]}}