{"id":2462,"date":"2018-10-06T18:44:39","date_gmt":"2018-10-06T18:44:39","guid":{"rendered":"https:\/\/end.pt\/pt\/?post_type=product&#038;p=2462"},"modified":"2021-05-02T21:14:22","modified_gmt":"2021-05-02T21:14:22","slug":"tripe","status":"publish","type":"product","link":"https:\/\/end.pt\/pt\/product\/tripe\/","title":{"rendered":"Trip\u00e9"},"content":{"rendered":"<p>Um trip\u00e9 com um suporte espec\u00edfico para a s\u00e9rie CP. Este acess\u00f3rio permite um melhor posicionamento do gerador no campo de trabalho.<\/p>\n","protected":false},"excerpt":{"rendered":"<p>Um trip\u00e9 com um suporte espec\u00edfico para a s\u00e9rie CP. Este acess\u00f3rio permite um melhor posicionamento do gerador no campo de trabalho.<\/p>\n","protected":false},"featured_media":2463,"template":"","meta":{"_mi_skip_tracking":false},"product_cat":[127,38],"product_tag":[],"class_list":["post-2462","product","type-product","status-publish","has-post-thumbnail","hentry","product_cat-acessorios-teledyne-icm-site-x-serie-cp","product_cat-equipamentos-raio-x"],"_links":{"self":[{"href":"https:\/\/end.pt\/pt\/wp-json\/wp\/v3\/product\/2462","targetHints":{"allow":["GET"]}}],"collection":[{"href":"https:\/\/end.pt\/pt\/wp-json\/wp\/v3\/product"}],"about":[{"href":"https:\/\/end.pt\/pt\/wp-json\/wp\/v2\/types\/product"}],"version-history":[{"count":3,"href":"https:\/\/end.pt\/pt\/wp-json\/wp\/v3\/product\/2462\/revisions"}],"predecessor-version":[{"id":5192,"href":"https:\/\/end.pt\/pt\/wp-json\/wp\/v3\/product\/2462\/revisions\/5192"}],"wp:featuredmedia":[{"embeddable":true,"href":"https:\/\/end.pt\/pt\/wp-json\/wp\/v2\/media\/2463"}],"wp:attachment":[{"href":"https:\/\/end.pt\/pt\/wp-json\/wp\/v2\/media?parent=2462"}],"wp:term":[{"taxonomy":"product_cat","embeddable":true,"href":"https:\/\/end.pt\/pt\/wp-json\/wp\/v2\/product_cat?post=2462"},{"taxonomy":"product_tag","embeddable":true,"href":"https:\/\/end.pt\/pt\/wp-json\/wp\/v2\/product_tag?post=2462"}],"curies":[{"name":"wp","href":"https:\/\/api.w.org\/{rel}","templated":true}]}}