{"id":2464,"date":"2018-10-06T18:46:56","date_gmt":"2018-10-06T18:46:56","guid":{"rendered":"https:\/\/end.pt\/pt\/?post_type=product&#038;p=2464"},"modified":"2021-05-02T21:12:20","modified_gmt":"2021-05-02T21:12:20","slug":"tripe-para-luzes-avisadoras","status":"publish","type":"product","link":"https:\/\/end.pt\/pt\/product\/tripe-para-luzes-avisadoras\/","title":{"rendered":"Trip\u00e9 para Luzes avisadoras"},"content":{"rendered":"<p>As luzes avisadoras e luzes avisadoras ac\u00fasticas da s\u00e9rie CP s\u00e3o ambas compat\u00edveis com o seguinte trip\u00e9.<\/p>\n","protected":false},"excerpt":{"rendered":"<p>As luzes avisadoras e luzes avisadoras ac\u00fasticas da s\u00e9rie CP s\u00e3o ambas compat\u00edveis com o seguinte trip\u00e9.<\/p>\n","protected":false},"featured_media":2465,"template":"","meta":{"_mi_skip_tracking":false},"product_cat":[127,38],"product_tag":[],"class_list":["post-2464","product","type-product","status-publish","has-post-thumbnail","hentry","product_cat-acessorios-teledyne-icm-site-x-serie-cp","product_cat-equipamentos-raio-x"],"_links":{"self":[{"href":"https:\/\/end.pt\/pt\/wp-json\/wp\/v3\/product\/2464","targetHints":{"allow":["GET"]}}],"collection":[{"href":"https:\/\/end.pt\/pt\/wp-json\/wp\/v3\/product"}],"about":[{"href":"https:\/\/end.pt\/pt\/wp-json\/wp\/v2\/types\/product"}],"version-history":[{"count":2,"href":"https:\/\/end.pt\/pt\/wp-json\/wp\/v3\/product\/2464\/revisions"}],"predecessor-version":[{"id":5190,"href":"https:\/\/end.pt\/pt\/wp-json\/wp\/v3\/product\/2464\/revisions\/5190"}],"wp:featuredmedia":[{"embeddable":true,"href":"https:\/\/end.pt\/pt\/wp-json\/wp\/v2\/media\/2465"}],"wp:attachment":[{"href":"https:\/\/end.pt\/pt\/wp-json\/wp\/v2\/media?parent=2464"}],"wp:term":[{"taxonomy":"product_cat","embeddable":true,"href":"https:\/\/end.pt\/pt\/wp-json\/wp\/v2\/product_cat?post=2464"},{"taxonomy":"product_tag","embeddable":true,"href":"https:\/\/end.pt\/pt\/wp-json\/wp\/v2\/product_tag?post=2464"}],"curies":[{"name":"wp","href":"https:\/\/api.w.org\/{rel}","templated":true}]}}