{"id":2469,"date":"2018-10-06T21:01:16","date_gmt":"2018-10-06T21:01:16","guid":{"rendered":"https:\/\/end.pt\/pt\/?post_type=product&#038;p=2469"},"modified":"2021-05-02T21:12:49","modified_gmt":"2021-05-02T21:12:49","slug":"luz-avisadora-acustica","status":"publish","type":"product","link":"https:\/\/end.pt\/pt\/product\/luz-avisadora-acustica\/","title":{"rendered":"Luz Avisadora Ac\u00fastica"},"content":{"rendered":"<p>A luz avisadora ac\u00fastica da s\u00e9rie SITE-X &amp; SITE-XS \u00e9 uma luz de aviso vermelha combinada com um alarme ac\u00fastico, numa estrutura reforcada, ligada por um cabo de 20 metros.<\/p>\n<p>Inclui uma liga\u00e7\u00e3o para montar a luz num p\u00e9 magn\u00e9tico ou trip\u00e9.<\/p>\n","protected":false},"excerpt":{"rendered":"<p>A luz avisadora ac\u00fastica da s\u00e9rie SITE-X &amp; SITE-XS \u00e9 uma luz de aviso vermelha combinada com um alarme ac\u00fastico, numa estrutura reforcada, ligada por um cabo de 20 metros. Inclui uma liga\u00e7\u00e3o para montar a luz num p\u00e9 magn\u00e9tico ou trip\u00e9.<\/p>\n","protected":false},"featured_media":2470,"template":"","meta":{"_mi_skip_tracking":false},"product_cat":[126,38],"product_tag":[],"class_list":["post-2469","product","type-product","status-publish","has-post-thumbnail","hentry","product_cat-acessorios-teledyne-icm-site-x-site-xs","product_cat-equipamentos-raio-x"],"_links":{"self":[{"href":"https:\/\/end.pt\/pt\/wp-json\/wp\/v3\/product\/2469","targetHints":{"allow":["GET"]}}],"collection":[{"href":"https:\/\/end.pt\/pt\/wp-json\/wp\/v3\/product"}],"about":[{"href":"https:\/\/end.pt\/pt\/wp-json\/wp\/v2\/types\/product"}],"version-history":[{"count":2,"href":"https:\/\/end.pt\/pt\/wp-json\/wp\/v3\/product\/2469\/revisions"}],"predecessor-version":[{"id":5191,"href":"https:\/\/end.pt\/pt\/wp-json\/wp\/v3\/product\/2469\/revisions\/5191"}],"wp:featuredmedia":[{"embeddable":true,"href":"https:\/\/end.pt\/pt\/wp-json\/wp\/v2\/media\/2470"}],"wp:attachment":[{"href":"https:\/\/end.pt\/pt\/wp-json\/wp\/v2\/media?parent=2469"}],"wp:term":[{"taxonomy":"product_cat","embeddable":true,"href":"https:\/\/end.pt\/pt\/wp-json\/wp\/v2\/product_cat?post=2469"},{"taxonomy":"product_tag","embeddable":true,"href":"https:\/\/end.pt\/pt\/wp-json\/wp\/v2\/product_tag?post=2469"}],"curies":[{"name":"wp","href":"https:\/\/api.w.org\/{rel}","templated":true}]}}