{"id":2471,"date":"2018-10-06T21:03:41","date_gmt":"2018-10-06T21:03:41","guid":{"rendered":"https:\/\/end.pt\/pt\/?post_type=product&#038;p=2471"},"modified":"2021-05-02T21:10:20","modified_gmt":"2021-05-02T21:10:20","slug":"cabo-de-ligacao-scu286-pc","status":"publish","type":"product","link":"https:\/\/end.pt\/pt\/product\/cabo-de-ligacao-scu286-pc\/","title":{"rendered":"Cabo de liga\u00e7\u00e3o SCU286 &#8211; PC"},"content":{"rendered":"<p>Este cabo permite a liga\u00e7\u00e3o entre a unidade de comando do SITE-X e SITE-XS (SCU286) e um computador, e como tal, controlar o gerador a partir do interface do computador.<\/p>\n","protected":false},"excerpt":{"rendered":"<p>Este cabo permite a liga\u00e7\u00e3o entre a unidade de comando do SITE-X e SITE-XS (SCU286) e um computador, e como tal, controlar o gerador a partir do interface do computador.<\/p>\n","protected":false},"featured_media":2472,"template":"","meta":{"_mi_skip_tracking":false},"product_cat":[126,38],"product_tag":[],"class_list":["post-2471","product","type-product","status-publish","has-post-thumbnail","hentry","product_cat-acessorios-teledyne-icm-site-x-site-xs","product_cat-equipamentos-raio-x"],"_links":{"self":[{"href":"https:\/\/end.pt\/pt\/wp-json\/wp\/v3\/product\/2471","targetHints":{"allow":["GET"]}}],"collection":[{"href":"https:\/\/end.pt\/pt\/wp-json\/wp\/v3\/product"}],"about":[{"href":"https:\/\/end.pt\/pt\/wp-json\/wp\/v2\/types\/product"}],"version-history":[{"count":2,"href":"https:\/\/end.pt\/pt\/wp-json\/wp\/v3\/product\/2471\/revisions"}],"predecessor-version":[{"id":5187,"href":"https:\/\/end.pt\/pt\/wp-json\/wp\/v3\/product\/2471\/revisions\/5187"}],"wp:featuredmedia":[{"embeddable":true,"href":"https:\/\/end.pt\/pt\/wp-json\/wp\/v2\/media\/2472"}],"wp:attachment":[{"href":"https:\/\/end.pt\/pt\/wp-json\/wp\/v2\/media?parent=2471"}],"wp:term":[{"taxonomy":"product_cat","embeddable":true,"href":"https:\/\/end.pt\/pt\/wp-json\/wp\/v2\/product_cat?post=2471"},{"taxonomy":"product_tag","embeddable":true,"href":"https:\/\/end.pt\/pt\/wp-json\/wp\/v2\/product_tag?post=2471"}],"curies":[{"name":"wp","href":"https:\/\/api.w.org\/{rel}","templated":true}]}}