{"id":2473,"date":"2018-10-06T21:05:42","date_gmt":"2018-10-06T21:05:42","guid":{"rendered":"https:\/\/end.pt\/pt\/?post_type=product&#038;p=2473"},"modified":"2021-05-02T21:09:51","modified_gmt":"2021-05-02T21:09:51","slug":"luz-avisadora","status":"publish","type":"product","link":"https:\/\/end.pt\/pt\/product\/luz-avisadora\/","title":{"rendered":"Luz Avisadora"},"content":{"rendered":"<p>A luz avisadora SITE-X &amp; SITE-XS \u00e9 uma \u00fanica luz vermelha de aviso numa estrutura refor\u00e7ada, ligada por um cabo de 20 metros, e com 2 configura\u00e7\u00f5es dispon\u00edveis e controladas pela unidade de comando SCU 286.<br \/>\nInclui uma liga\u00e7\u00e3o para montar a luz num p\u00e9 magn\u00e9tico ou trip\u00e9.<\/p>\n","protected":false},"excerpt":{"rendered":"<p>A luz avisadora SITE-X &amp; SITE-XS \u00e9 uma \u00fanica luz vermelha de aviso numa estrutura refor\u00e7ada, ligada por um cabo de 20 metros, e com 2 configura\u00e7\u00f5es dispon\u00edveis e controladas pela unidade de comando SCU 286. Inclui uma liga\u00e7\u00e3o para montar a luz num p\u00e9 magn\u00e9tico ou trip\u00e9.<\/p>\n","protected":false},"featured_media":2474,"template":"","meta":{"_mi_skip_tracking":false},"product_cat":[126,38],"product_tag":[],"class_list":["post-2473","product","type-product","status-publish","has-post-thumbnail","hentry","product_cat-acessorios-teledyne-icm-site-x-site-xs","product_cat-equipamentos-raio-x"],"_links":{"self":[{"href":"https:\/\/end.pt\/pt\/wp-json\/wp\/v3\/product\/2473","targetHints":{"allow":["GET"]}}],"collection":[{"href":"https:\/\/end.pt\/pt\/wp-json\/wp\/v3\/product"}],"about":[{"href":"https:\/\/end.pt\/pt\/wp-json\/wp\/v2\/types\/product"}],"version-history":[{"count":2,"href":"https:\/\/end.pt\/pt\/wp-json\/wp\/v3\/product\/2473\/revisions"}],"predecessor-version":[{"id":5186,"href":"https:\/\/end.pt\/pt\/wp-json\/wp\/v3\/product\/2473\/revisions\/5186"}],"wp:featuredmedia":[{"embeddable":true,"href":"https:\/\/end.pt\/pt\/wp-json\/wp\/v2\/media\/2474"}],"wp:attachment":[{"href":"https:\/\/end.pt\/pt\/wp-json\/wp\/v2\/media?parent=2473"}],"wp:term":[{"taxonomy":"product_cat","embeddable":true,"href":"https:\/\/end.pt\/pt\/wp-json\/wp\/v2\/product_cat?post=2473"},{"taxonomy":"product_tag","embeddable":true,"href":"https:\/\/end.pt\/pt\/wp-json\/wp\/v2\/product_tag?post=2473"}],"curies":[{"name":"wp","href":"https:\/\/api.w.org\/{rel}","templated":true}]}}