{"id":2475,"date":"2018-10-06T21:07:45","date_gmt":"2018-10-06T21:07:45","guid":{"rendered":"https:\/\/end.pt\/pt\/?post_type=product&#038;p=2475"},"modified":"2021-05-02T21:09:29","modified_gmt":"2021-05-02T21:09:29","slug":"ring-lead-screen","status":"publish","type":"product","link":"https:\/\/end.pt\/pt\/product\/ring-lead-screen\/","title":{"rendered":"Ring Lead Screen"},"content":{"rendered":"<p>O Ring Lead screen \u00e9 um anel de chumbo em duas pe\u00e7as que pode ser fixado ao per\u00edmetro de um SITE-X ou SITE-XS panor\u00e2mico, de modo a converter o feixe Raio-X panor\u00e2mico num feixe direccional.<\/p>\n","protected":false},"excerpt":{"rendered":"<p>O Ring Lead screen \u00e9 um anel de chumbo em duas pe\u00e7as que pode ser fixado ao per\u00edmetro de um SITE-X ou SITE-XS panor\u00e2mico, de modo a converter o feixe Raio-X panor\u00e2mico num feixe direccional.<\/p>\n","protected":false},"featured_media":2476,"template":"","meta":{"_mi_skip_tracking":false},"product_cat":[126,38],"product_tag":[],"class_list":["post-2475","product","type-product","status-publish","has-post-thumbnail","hentry","product_cat-acessorios-teledyne-icm-site-x-site-xs","product_cat-equipamentos-raio-x"],"_links":{"self":[{"href":"https:\/\/end.pt\/pt\/wp-json\/wp\/v3\/product\/2475","targetHints":{"allow":["GET"]}}],"collection":[{"href":"https:\/\/end.pt\/pt\/wp-json\/wp\/v3\/product"}],"about":[{"href":"https:\/\/end.pt\/pt\/wp-json\/wp\/v2\/types\/product"}],"version-history":[{"count":3,"href":"https:\/\/end.pt\/pt\/wp-json\/wp\/v3\/product\/2475\/revisions"}],"predecessor-version":[{"id":5185,"href":"https:\/\/end.pt\/pt\/wp-json\/wp\/v3\/product\/2475\/revisions\/5185"}],"wp:featuredmedia":[{"embeddable":true,"href":"https:\/\/end.pt\/pt\/wp-json\/wp\/v2\/media\/2476"}],"wp:attachment":[{"href":"https:\/\/end.pt\/pt\/wp-json\/wp\/v2\/media?parent=2475"}],"wp:term":[{"taxonomy":"product_cat","embeddable":true,"href":"https:\/\/end.pt\/pt\/wp-json\/wp\/v2\/product_cat?post=2475"},{"taxonomy":"product_tag","embeddable":true,"href":"https:\/\/end.pt\/pt\/wp-json\/wp\/v2\/product_tag?post=2475"}],"curies":[{"name":"wp","href":"https:\/\/api.w.org\/{rel}","templated":true}]}}