{"id":2480,"date":"2018-10-06T21:13:07","date_gmt":"2018-10-06T21:13:07","guid":{"rendered":"https:\/\/end.pt\/pt\/?post_type=product&#038;p=2480"},"modified":"2021-05-02T21:11:54","modified_gmt":"2021-05-02T21:11:54","slug":"colimador-ajustavel","status":"publish","type":"product","link":"https:\/\/end.pt\/pt\/product\/colimador-ajustavel\/","title":{"rendered":"Colimador Ajust\u00e1vel"},"content":{"rendered":"<p>De modo a reduzir os defeitos nas radiografias industriais, foi desenvolvido um colimador ajust\u00e1vel para reduzir manualmente o feixe Raio-X do CP120B e CP160B. O colimador foca o feixe no alvo, de modo a reduzir efeitos de ru\u00eddo e outras perturba\u00e7\u00f5es, e melhorar a penetra\u00e7\u00e3o. O colimador \u00e9 montado nos projectores via um suporte espec\u00edfico colocado nos mesmos.<br \/>\nDimens\u00f5es (fechado): 125 x 125 x 16.5 mm<br \/>\nPeso: 0.4 kg<br \/>\nEspessura chumbo: 0.5 mm<br \/>\nPenetra\u00e7\u00e3o em a\u00e7o (CP120B): 33 mm ( a 20cm)<br \/>\nPenetra\u00e7\u00e3o em a\u00e7o (CP160B): 45 mm ( a 20cm)<\/p>\n","protected":false},"excerpt":{"rendered":"<p>De modo a reduzir os defeitos nas radiografias industriais, foi desenvolvido um colimador ajust\u00e1vel para reduzir manualmente o feixe Raio-X do CP120B e CP160B. O colimador foca o feixe no alvo, de modo a reduzir efeitos de ru\u00eddo e outras perturba\u00e7\u00f5es, e melhorar a penetra\u00e7\u00e3o. O colimador \u00e9 montado nos projectores via um suporte espec\u00edfico [&hellip;]<\/p>\n","protected":false},"featured_media":2481,"template":"","meta":{"_mi_skip_tracking":false},"product_cat":[19,38],"product_tag":[],"class_list":["post-2480","product","type-product","status-publish","has-post-thumbnail","hentry","product_cat-acessorios-teledyne-icm-cp-battery","product_cat-equipamentos-raio-x"],"_links":{"self":[{"href":"https:\/\/end.pt\/pt\/wp-json\/wp\/v3\/product\/2480","targetHints":{"allow":["GET"]}}],"collection":[{"href":"https:\/\/end.pt\/pt\/wp-json\/wp\/v3\/product"}],"about":[{"href":"https:\/\/end.pt\/pt\/wp-json\/wp\/v2\/types\/product"}],"version-history":[{"count":3,"href":"https:\/\/end.pt\/pt\/wp-json\/wp\/v3\/product\/2480\/revisions"}],"predecessor-version":[{"id":5189,"href":"https:\/\/end.pt\/pt\/wp-json\/wp\/v3\/product\/2480\/revisions\/5189"}],"wp:featuredmedia":[{"embeddable":true,"href":"https:\/\/end.pt\/pt\/wp-json\/wp\/v2\/media\/2481"}],"wp:attachment":[{"href":"https:\/\/end.pt\/pt\/wp-json\/wp\/v2\/media?parent=2480"}],"wp:term":[{"taxonomy":"product_cat","embeddable":true,"href":"https:\/\/end.pt\/pt\/wp-json\/wp\/v2\/product_cat?post=2480"},{"taxonomy":"product_tag","embeddable":true,"href":"https:\/\/end.pt\/pt\/wp-json\/wp\/v2\/product_tag?post=2480"}],"curies":[{"name":"wp","href":"https:\/\/api.w.org\/{rel}","templated":true}]}}