{"id":2482,"date":"2018-10-06T21:15:09","date_gmt":"2018-10-06T21:15:09","guid":{"rendered":"https:\/\/end.pt\/pt\/?post_type=product&#038;p=2482"},"modified":"2021-05-02T21:11:33","modified_gmt":"2021-05-02T21:11:33","slug":"fonte-de-alimentacao-externa","status":"publish","type":"product","link":"https:\/\/end.pt\/pt\/product\/fonte-de-alimentacao-externa\/","title":{"rendered":"Fonte de Alimenta\u00e7\u00e3o Externa"},"content":{"rendered":"<p>Utilizada para fornecer energia directamente os geradores sem ter que utilizar baterias. O equipamento consiste num adaptador no formato de um pack de bateria que permite uma liga\u00e7\u00e3o f\u00e1cil e s\u00f3lida ao gerador.<\/p>\n","protected":false},"excerpt":{"rendered":"<p>Utilizada para fornecer energia directamente os geradores sem ter que utilizar baterias. O equipamento consiste num adaptador no formato de um pack de bateria que permite uma liga\u00e7\u00e3o f\u00e1cil e s\u00f3lida ao gerador.<\/p>\n","protected":false},"featured_media":2483,"template":"","meta":{"_mi_skip_tracking":false},"product_cat":[19,38],"product_tag":[],"class_list":["post-2482","product","type-product","status-publish","has-post-thumbnail","hentry","product_cat-acessorios-teledyne-icm-cp-battery","product_cat-equipamentos-raio-x"],"_links":{"self":[{"href":"https:\/\/end.pt\/pt\/wp-json\/wp\/v3\/product\/2482","targetHints":{"allow":["GET"]}}],"collection":[{"href":"https:\/\/end.pt\/pt\/wp-json\/wp\/v3\/product"}],"about":[{"href":"https:\/\/end.pt\/pt\/wp-json\/wp\/v2\/types\/product"}],"version-history":[{"count":3,"href":"https:\/\/end.pt\/pt\/wp-json\/wp\/v3\/product\/2482\/revisions"}],"predecessor-version":[{"id":5188,"href":"https:\/\/end.pt\/pt\/wp-json\/wp\/v3\/product\/2482\/revisions\/5188"}],"wp:featuredmedia":[{"embeddable":true,"href":"https:\/\/end.pt\/pt\/wp-json\/wp\/v2\/media\/2483"}],"wp:attachment":[{"href":"https:\/\/end.pt\/pt\/wp-json\/wp\/v2\/media?parent=2482"}],"wp:term":[{"taxonomy":"product_cat","embeddable":true,"href":"https:\/\/end.pt\/pt\/wp-json\/wp\/v2\/product_cat?post=2482"},{"taxonomy":"product_tag","embeddable":true,"href":"https:\/\/end.pt\/pt\/wp-json\/wp\/v2\/product_tag?post=2482"}],"curies":[{"name":"wp","href":"https:\/\/api.w.org\/{rel}","templated":true}]}}