{"id":2488,"date":"2018-10-06T21:21:05","date_gmt":"2018-10-06T21:21:05","guid":{"rendered":"https:\/\/end.pt\/pt\/?post_type=product&#038;p=2488"},"modified":"2021-05-02T21:07:54","modified_gmt":"2021-05-02T21:07:54","slug":"pack-de-bateria-li-ion","status":"publish","type":"product","link":"https:\/\/end.pt\/pt\/product\/pack-de-bateria-li-ion\/","title":{"rendered":"Pack de bateria Li-Ion"},"content":{"rendered":"<p>A \u00faltima gera\u00e7\u00e3o de packs de bateria consistem em c\u00e9lulas Li-ion equipadas com um sistema de monitoriza\u00e7\u00e3o inteligente integrado que garante uma maior vida de trabalho. Este tipo de bateria n\u00e3o tem o chamado \u201cefeito de mem\u00f3ria\u201d e portanto n\u00e3o tem de ser descarregada antes de ser carregada.<\/p>\n<p>Est\u00e1 equipada com um medidor que permite ao utilizador verificar o n\u00edvel de carregamento e, deste modo, antecipar qualquer necessidade potencial de carregamento.<\/p>\n","protected":false},"excerpt":{"rendered":"<p>A \u00faltima gera\u00e7\u00e3o de packs de bateria consistem em c\u00e9lulas Li-ion equipadas com um sistema de monitoriza\u00e7\u00e3o inteligente integrado que garante uma maior vida de trabalho. Este tipo de bateria n\u00e3o tem o chamado \u201cefeito de mem\u00f3ria\u201d e portanto n\u00e3o tem de ser descarregada antes de ser carregada. Est\u00e1 equipada com um medidor que permite [&hellip;]<\/p>\n","protected":false},"featured_media":2489,"template":"","meta":{"_mi_skip_tracking":false},"product_cat":[19,38],"product_tag":[],"class_list":["post-2488","product","type-product","status-publish","has-post-thumbnail","hentry","product_cat-acessorios-teledyne-icm-cp-battery","product_cat-equipamentos-raio-x"],"_links":{"self":[{"href":"https:\/\/end.pt\/pt\/wp-json\/wp\/v3\/product\/2488","targetHints":{"allow":["GET"]}}],"collection":[{"href":"https:\/\/end.pt\/pt\/wp-json\/wp\/v3\/product"}],"about":[{"href":"https:\/\/end.pt\/pt\/wp-json\/wp\/v2\/types\/product"}],"version-history":[{"count":2,"href":"https:\/\/end.pt\/pt\/wp-json\/wp\/v3\/product\/2488\/revisions"}],"predecessor-version":[{"id":5179,"href":"https:\/\/end.pt\/pt\/wp-json\/wp\/v3\/product\/2488\/revisions\/5179"}],"wp:featuredmedia":[{"embeddable":true,"href":"https:\/\/end.pt\/pt\/wp-json\/wp\/v2\/media\/2489"}],"wp:attachment":[{"href":"https:\/\/end.pt\/pt\/wp-json\/wp\/v2\/media?parent=2488"}],"wp:term":[{"taxonomy":"product_cat","embeddable":true,"href":"https:\/\/end.pt\/pt\/wp-json\/wp\/v2\/product_cat?post=2488"},{"taxonomy":"product_tag","embeddable":true,"href":"https:\/\/end.pt\/pt\/wp-json\/wp\/v2\/product_tag?post=2488"}],"curies":[{"name":"wp","href":"https:\/\/api.w.org\/{rel}","templated":true}]}}