{"id":2492,"date":"2018-10-06T21:24:06","date_gmt":"2018-10-06T21:24:06","guid":{"rendered":"https:\/\/end.pt\/pt\/?post_type=product&#038;p=2492"},"modified":"2021-05-02T21:07:09","modified_gmt":"2021-05-02T21:07:09","slug":"tripe-2","status":"publish","type":"product","link":"https:\/\/end.pt\/pt\/product\/tripe-2\/","title":{"rendered":"Trip\u00e9"},"content":{"rendered":"<p>Um trip\u00e9 com um suporte espec\u00edfico para a s\u00e9rie CPBattery. Este acess\u00f3rio permite um melhor posicionamento do gerador no campo de trabalho.<\/p>\n","protected":false},"excerpt":{"rendered":"<p>Um trip\u00e9 com um suporte espec\u00edfico para a s\u00e9rie CPBattery. Este acess\u00f3rio permite um melhor posicionamento do gerador no campo de trabalho.<\/p>\n","protected":false},"featured_media":2493,"template":"","meta":{"_mi_skip_tracking":false},"product_cat":[19,38],"product_tag":[],"class_list":["post-2492","product","type-product","status-publish","has-post-thumbnail","hentry","product_cat-acessorios-teledyne-icm-cp-battery","product_cat-equipamentos-raio-x"],"_links":{"self":[{"href":"https:\/\/end.pt\/pt\/wp-json\/wp\/v3\/product\/2492","targetHints":{"allow":["GET"]}}],"collection":[{"href":"https:\/\/end.pt\/pt\/wp-json\/wp\/v3\/product"}],"about":[{"href":"https:\/\/end.pt\/pt\/wp-json\/wp\/v2\/types\/product"}],"version-history":[{"count":2,"href":"https:\/\/end.pt\/pt\/wp-json\/wp\/v3\/product\/2492\/revisions"}],"predecessor-version":[{"id":5177,"href":"https:\/\/end.pt\/pt\/wp-json\/wp\/v3\/product\/2492\/revisions\/5177"}],"wp:featuredmedia":[{"embeddable":true,"href":"https:\/\/end.pt\/pt\/wp-json\/wp\/v2\/media\/2493"}],"wp:attachment":[{"href":"https:\/\/end.pt\/pt\/wp-json\/wp\/v2\/media?parent=2492"}],"wp:term":[{"taxonomy":"product_cat","embeddable":true,"href":"https:\/\/end.pt\/pt\/wp-json\/wp\/v2\/product_cat?post=2492"},{"taxonomy":"product_tag","embeddable":true,"href":"https:\/\/end.pt\/pt\/wp-json\/wp\/v2\/product_tag?post=2492"}],"curies":[{"name":"wp","href":"https:\/\/api.w.org\/{rel}","templated":true}]}}