{"id":2494,"date":"2018-10-06T21:34:21","date_gmt":"2018-10-06T21:34:21","guid":{"rendered":"https:\/\/end.pt\/pt\/?post_type=product&#038;p=2494"},"modified":"2021-05-02T21:06:47","modified_gmt":"2021-05-02T21:06:47","slug":"sentinel880","status":"publish","type":"product","link":"https:\/\/end.pt\/pt\/product\/sentinel880\/","title":{"rendered":"SENTINEL S\u00e9rie 880"},"content":{"rendered":"<p>Projectores S\u00e9rie modelo 880, extremamente robustos, simples de operar e seguros para o operador, s\u00e3o utilizados para aplica\u00e7\u00f5es industriais de radiografia gama para inspeccionar materiais e estruturas, e est\u00e3o dispon\u00edveis em tr\u00eas modelos Delta, 880 Omega e o 880 Elite.<br \/>\nOs projectores modelo Sentinel 880 s\u00e3o equipamentos de exposi\u00e7\u00e3o radiogr\u00e1fica industrial port\u00e1teis, leves e compactos. O corpo do equipamento patenteado consiste num tubo em \u201cS\u201d de tit\u00e2nio e um escudo de ur\u00e2nio empobrecido fundido (DU) contido dentro de tubo de a\u00e7o inoxid\u00e1vel s\u00e9rie 300 com discos em a\u00e7o inoxid\u00e1vel soldados em cada extremidade formando uma caixa em forma de cilindro. Os discos est\u00e3o num encaixe para fornecer protec\u00e7\u00e3o ao mecanismo de fecho na parte de tr\u00e1s e na porta de sa\u00edda \u00e1 frente.<br \/>\nO design orientado horizontalmente permite ao mecanismo de fecho, liga\u00e7\u00e3o da fonte e porta de sa\u00edda serem operados facilmente, simplificando a liga\u00e7\u00e3o do tubo de guia da fonte e do controle remoto.<br \/>\nO corpo do projector de exposi\u00e7\u00e3o, que contem a blindagem DU, mecanismo de tranca, porta de sa\u00edda, coberturas de protec\u00e7\u00e3o e respectivas etiquetas, compreende um contentor de transporte de material radioactivo Tipo B(U) (o modelo 880 Omega \u00e9 um contentor Tipo A).<br \/>\nUm revestimento de pl\u00e1stico resistente a impactos cobre o projector de exposi\u00e7\u00e3o, para protec\u00e7\u00e3o e fornece os meios de transporte e posicionamento durante opera\u00e7\u00f5es radiogr\u00e1ficas.<br \/>\nOs tr\u00eas modelos s\u00e3o identificados pela cor do revestimento; amarelo para o 880 Delta, azul para o 880 Elite e laranja para o 880 Omega.<br \/>\nA versatilidade de utilizar fontes de radiois\u00f3topos Ir-192, Se-75 e Yb-169 maximiza as aplica\u00e7\u00f5es de ensaios n\u00e3o destrutivos, nas quais pode utilizar os projetores SENTINEL 880 Series, enquanto fun\u00e7\u00f5es avan\u00e7adas de seguran\u00e7a minimizam os perigos do operador.<br \/>\nProjectado, testado e fabricado de acordo com os requisitos da ANSI N432-1980, ISO 3999: 2004 (E), IAEA TS-R-1 (2009), IAEA SSR-6 (2012), USNRC 10CFR34, USNRC 10CFR71 e USDOT 49CFR173.<\/p>\n<table width=\"699\">\n<tbody>\n<tr>\n<td width=\"113\"><strong>Projector<\/strong><\/td>\n<td width=\"113\"><strong>Peso Total<\/strong><\/td>\n<td width=\"113\"><strong>Iridio 192<\/strong><\/td>\n<td width=\"113\"><strong>Sel\u00e9nio 75<\/strong><\/td>\n<td width=\"123\"><strong>Ytterbium-169<\/strong><\/td>\n<td width=\"123\"><strong>Transporte<\/strong><\/td>\n<\/tr>\n<tr>\n<td width=\"113\"><strong>880 Delta<\/strong><\/td>\n<td width=\"113\">23.6 kg<\/td>\n<td width=\"113\">150Ci \/ 5.55TBq<\/td>\n<td width=\"113\">150Ci \/ 5.55TBq<\/td>\n<td width=\"123\">150Ci \/ 4.00 TBq<\/td>\n<td width=\"123\">Contentor<\/p>\n<p>Tipo B(U)<\/td>\n<\/tr>\n<tr>\n<td width=\"113\"><strong>880 Elite<\/strong><\/td>\n<td width=\"113\">19.0 kg<\/td>\n<td width=\"113\">50Ci \/ 1.85TBq<\/td>\n<td width=\"113\">150Ci \/ 5.55TBq<\/td>\n<td width=\"123\">108Ci \/ 4.00TBq<\/td>\n<td width=\"123\">Contentor<\/p>\n<p>Tipo B(U)<\/td>\n<\/tr>\n<tr>\n<td width=\"113\"><strong>880 Omega<\/strong><\/td>\n<td width=\"113\">15.0 kg<\/td>\n<td width=\"113\">15Ci \/ 0.55TBq<\/td>\n<td width=\"113\">80Ci \/ 3.00TBq<\/td>\n<td width=\"123\">108Ci \/ 4.00TBq<\/td>\n<td width=\"123\">Contentor<\/p>\n<p>Tipo A<\/td>\n<\/tr>\n<\/tbody>\n<\/table>\n<p style=\"text-align: center;\"><strong>Extrema Durabilidade e Robustez<\/strong><\/p>\n<p>Em ambientes industriais severos e \u00e0s vezes remotos, a radiografia gama \u00e9 valorizada pela sua simplicidade e fiabilidade. Os projetores de gamagrafia SENTINEL\u2122 880 Series s\u00e3o consistentes e fi\u00e1veis em qualquer condi\u00e7\u00e3o.<\/p>\n<table width=\"699\">\n<tbody>\n<tr>\n<td width=\"113\"><strong><img loading=\"lazy\" decoding=\"async\" class=\"aligncenter wp-image-4268 size-full\" src=\"https:\/\/end.pt\/pt\/wp-content\/uploads\/2018\/10\/Imagem-1.jpg\" alt=\"\" width=\"400\" height=\"284\" srcset=\"https:\/\/end.pt\/pt\/wp-content\/uploads\/2018\/10\/Imagem-1.jpg 400w, https:\/\/end.pt\/pt\/wp-content\/uploads\/2018\/10\/Imagem-1-250x178.jpg 250w, https:\/\/end.pt\/pt\/wp-content\/uploads\/2018\/10\/Imagem-1-350x249.jpg 350w, https:\/\/end.pt\/pt\/wp-content\/uploads\/2018\/10\/Imagem-1-300x213.jpg 300w\" sizes=\"auto, (max-width: 400px) 100vw, 400px\" \/><\/strong><\/td>\n<td width=\"113\"><strong><img loading=\"lazy\" decoding=\"async\" class=\"aligncenter wp-image-4269 size-full\" src=\"https:\/\/end.pt\/pt\/wp-content\/uploads\/2018\/10\/Imagem-4.jpg\" alt=\"\" width=\"400\" height=\"284\" srcset=\"https:\/\/end.pt\/pt\/wp-content\/uploads\/2018\/10\/Imagem-4.jpg 400w, https:\/\/end.pt\/pt\/wp-content\/uploads\/2018\/10\/Imagem-4-250x178.jpg 250w, https:\/\/end.pt\/pt\/wp-content\/uploads\/2018\/10\/Imagem-4-350x249.jpg 350w, https:\/\/end.pt\/pt\/wp-content\/uploads\/2018\/10\/Imagem-4-300x213.jpg 300w\" sizes=\"auto, (max-width: 400px) 100vw, 400px\" \/><\/strong><\/td>\n<\/tr>\n<\/tbody>\n<\/table>\n","protected":false},"excerpt":{"rendered":"<p>Projectores S\u00e9rie modelo 880, extremamente robustos, simples de operar e seguros para o operador, s\u00e3o utilizados para aplica\u00e7\u00f5es industriais de radiografia gama para inspeccionar materiais e estruturas, e est\u00e3o dispon\u00edveis em tr\u00eas modelos Delta, 880 Omega e o 880 Elite. Os projectores modelo Sentinel 880 s\u00e3o equipamentos de exposi\u00e7\u00e3o radiogr\u00e1fica industrial port\u00e1teis, leves e compactos. [&hellip;]<\/p>\n","protected":false},"featured_media":2500,"template":"","meta":{"_mi_skip_tracking":false},"product_cat":[109,152,37],"product_tag":[],"class_list":["post-2494","product","type-product","status-publish","has-post-thumbnail","hentry","product_cat-gamagrafia-raios-gama","product_cat-projectores-sentinel-880","product_cat-radiografia-industrial"],"_links":{"self":[{"href":"https:\/\/end.pt\/pt\/wp-json\/wp\/v3\/product\/2494","targetHints":{"allow":["GET"]}}],"collection":[{"href":"https:\/\/end.pt\/pt\/wp-json\/wp\/v3\/product"}],"about":[{"href":"https:\/\/end.pt\/pt\/wp-json\/wp\/v2\/types\/product"}],"version-history":[{"count":7,"href":"https:\/\/end.pt\/pt\/wp-json\/wp\/v3\/product\/2494\/revisions"}],"predecessor-version":[{"id":5176,"href":"https:\/\/end.pt\/pt\/wp-json\/wp\/v3\/product\/2494\/revisions\/5176"}],"wp:featuredmedia":[{"embeddable":true,"href":"https:\/\/end.pt\/pt\/wp-json\/wp\/v2\/media\/2500"}],"wp:attachment":[{"href":"https:\/\/end.pt\/pt\/wp-json\/wp\/v2\/media?parent=2494"}],"wp:term":[{"taxonomy":"product_cat","embeddable":true,"href":"https:\/\/end.pt\/pt\/wp-json\/wp\/v2\/product_cat?post=2494"},{"taxonomy":"product_tag","embeddable":true,"href":"https:\/\/end.pt\/pt\/wp-json\/wp\/v2\/product_tag?post=2494"}],"curies":[{"name":"wp","href":"https:\/\/api.w.org\/{rel}","templated":true}]}}