{"id":2501,"date":"2018-10-06T21:47:20","date_gmt":"2018-10-06T21:47:20","guid":{"rendered":"https:\/\/end.pt\/pt\/?post_type=product&#038;p=2501"},"modified":"2021-05-02T21:04:55","modified_gmt":"2021-05-02T21:04:55","slug":"fontes-radioactivas-seladas","status":"publish","type":"product","link":"https:\/\/end.pt\/pt\/product\/fontes-radioactivas-seladas\/","title":{"rendered":"Fontes Radioactivas Seladas"},"content":{"rendered":"\t\t<div data-elementor-type=\"product-post\" data-elementor-id=\"2501\" class=\"elementor elementor-2501\">\n\t\t\t\t\t\t<div class=\"elementor-inner\">\n\t\t\t\t<div class=\"elementor-section-wrap\">\n\t\t\t\t\t\t\t\t\t<section class=\"elementor-section elementor-top-section elementor-element elementor-element-a2d1c51 elementor-section-boxed elementor-section-height-default elementor-section-height-default\" data-id=\"a2d1c51\" data-element_type=\"section\">\n\t\t\t\t\t\t<div class=\"elementor-container elementor-column-gap-default\">\n\t\t\t\t\t\t\t<div class=\"elementor-row\">\n\t\t\t\t\t<div class=\"elementor-column elementor-col-100 elementor-top-column elementor-element elementor-element-e849cc7\" data-id=\"e849cc7\" data-element_type=\"column\">\n\t\t\t<div class=\"elementor-column-wrap elementor-element-populated\">\n\t\t\t\t\t\t\t<div class=\"elementor-widget-wrap\">\n\t\t\t\t\t\t<div class=\"elementor-element elementor-element-2800e6f elementor-widget elementor-widget-text-editor\" data-id=\"2800e6f\" data-element_type=\"widget\" data-widget_type=\"text-editor.default\">\n\t\t\t\t<div class=\"elementor-widget-container\">\n\t\t\t\t\t\t\t\t<div class=\"elementor-text-editor elementor-clearfix\">\n\t\t\t\t<p>Fontes radioactivas seladas, distribuidas em contentores pr\u00f3prios para transporte, carregamento, e descarregamento seguro, e disponiveis para trabalhar com um v\u00e1rios modelos de projectores de gamagrafia.<\/p><p>Dispon\u00edveis fontes de Ir\u00eddio 192 (Ir-192), Sel\u00e9nio 75 (Se-75) e Cobalto 60 (Co-60), com diferentes potenciais e geometria, garantido aos utilizadores uma gama completa de servi\u00e7os consoante a necessidade.<\/p>\t\t\t\t\t<\/div>\n\t\t\t\t\t\t<\/div>\n\t\t\t\t<\/div>\n\t\t\t\t<section class=\"elementor-section elementor-inner-section elementor-element elementor-element-d2766db elementor-section-boxed elementor-section-height-default elementor-section-height-default\" data-id=\"d2766db\" data-element_type=\"section\">\n\t\t\t\t\t\t<div class=\"elementor-container elementor-column-gap-default\">\n\t\t\t\t\t\t\t<div class=\"elementor-row\">\n\t\t\t\t\t<div class=\"elementor-column elementor-col-33 elementor-inner-column elementor-element elementor-element-289fca5\" data-id=\"289fca5\" data-element_type=\"column\">\n\t\t\t<div class=\"elementor-column-wrap elementor-element-populated\">\n\t\t\t\t\t\t\t<div class=\"elementor-widget-wrap\">\n\t\t\t\t\t\t<div class=\"elementor-element elementor-element-a24c31d elementor-widget elementor-widget-image\" data-id=\"a24c31d\" data-element_type=\"widget\" data-widget_type=\"image.default\">\n\t\t\t\t<div class=\"elementor-widget-container\">\n\t\t\t\t\t\t\t\t<div class=\"elementor-image\">\n\t\t\t\t\t\t\t\t\t\t\t\t<img loading=\"lazy\" decoding=\"async\" width=\"400\" height=\"312\" src=\"https:\/\/end.pt\/pt\/wp-content\/uploads\/2020\/08\/Fontes-4.jpg\" class=\"attachment-large size-large wp-image-4255\" alt=\"\" srcset=\"https:\/\/end.pt\/pt\/wp-content\/uploads\/2020\/08\/Fontes-4.jpg 400w, https:\/\/end.pt\/pt\/wp-content\/uploads\/2020\/08\/Fontes-4-250x195.jpg 250w, https:\/\/end.pt\/pt\/wp-content\/uploads\/2020\/08\/Fontes-4-350x273.jpg 350w, https:\/\/end.pt\/pt\/wp-content\/uploads\/2020\/08\/Fontes-4-300x234.jpg 300w\" sizes=\"auto, (max-width: 400px) 100vw, 400px\" \/>\t\t\t\t\t\t\t\t\t\t\t\t\t\t<\/div>\n\t\t\t\t\t\t<\/div>\n\t\t\t\t<\/div>\n\t\t\t\t\t\t<\/div>\n\t\t\t\t\t<\/div>\n\t\t<\/div>\n\t\t\t\t<div class=\"elementor-column elementor-col-33 elementor-inner-column elementor-element elementor-element-a41c947\" data-id=\"a41c947\" data-element_type=\"column\">\n\t\t\t<div class=\"elementor-column-wrap elementor-element-populated\">\n\t\t\t\t\t\t\t<div class=\"elementor-widget-wrap\">\n\t\t\t\t\t\t<div class=\"elementor-element elementor-element-5827ba7 elementor-widget elementor-widget-image\" data-id=\"5827ba7\" data-element_type=\"widget\" data-widget_type=\"image.default\">\n\t\t\t\t<div class=\"elementor-widget-container\">\n\t\t\t\t\t\t\t\t<div class=\"elementor-image\">\n\t\t\t\t\t\t\t\t\t\t\t\t<img loading=\"lazy\" decoding=\"async\" width=\"400\" height=\"312\" src=\"https:\/\/end.pt\/pt\/wp-content\/uploads\/2020\/08\/Fontes-5.jpg\" class=\"attachment-large size-large wp-image-4256\" alt=\"\" srcset=\"https:\/\/end.pt\/pt\/wp-content\/uploads\/2020\/08\/Fontes-5.jpg 400w, https:\/\/end.pt\/pt\/wp-content\/uploads\/2020\/08\/Fontes-5-250x195.jpg 250w, https:\/\/end.pt\/pt\/wp-content\/uploads\/2020\/08\/Fontes-5-350x273.jpg 350w, https:\/\/end.pt\/pt\/wp-content\/uploads\/2020\/08\/Fontes-5-300x234.jpg 300w\" sizes=\"auto, (max-width: 400px) 100vw, 400px\" \/>\t\t\t\t\t\t\t\t\t\t\t\t\t\t<\/div>\n\t\t\t\t\t\t<\/div>\n\t\t\t\t<\/div>\n\t\t\t\t\t\t<\/div>\n\t\t\t\t\t<\/div>\n\t\t<\/div>\n\t\t\t\t<div class=\"elementor-column elementor-col-33 elementor-inner-column elementor-element elementor-element-f99773c\" data-id=\"f99773c\" data-element_type=\"column\">\n\t\t\t<div class=\"elementor-column-wrap elementor-element-populated\">\n\t\t\t\t\t\t\t<div class=\"elementor-widget-wrap\">\n\t\t\t\t\t\t<div class=\"elementor-element elementor-element-c69bf58 elementor-widget elementor-widget-image\" data-id=\"c69bf58\" data-element_type=\"widget\" data-widget_type=\"image.default\">\n\t\t\t\t<div class=\"elementor-widget-container\">\n\t\t\t\t\t\t\t\t<div class=\"elementor-image\">\n\t\t\t\t\t\t\t\t\t\t\t\t<img loading=\"lazy\" decoding=\"async\" width=\"400\" height=\"312\" src=\"https:\/\/end.pt\/pt\/wp-content\/uploads\/2020\/08\/Fontes-6.jpg\" class=\"attachment-large size-large wp-image-4257\" alt=\"\" srcset=\"https:\/\/end.pt\/pt\/wp-content\/uploads\/2020\/08\/Fontes-6.jpg 400w, https:\/\/end.pt\/pt\/wp-content\/uploads\/2020\/08\/Fontes-6-250x195.jpg 250w, https:\/\/end.pt\/pt\/wp-content\/uploads\/2020\/08\/Fontes-6-350x273.jpg 350w, https:\/\/end.pt\/pt\/wp-content\/uploads\/2020\/08\/Fontes-6-300x234.jpg 300w\" sizes=\"auto, (max-width: 400px) 100vw, 400px\" \/>\t\t\t\t\t\t\t\t\t\t\t\t\t\t<\/div>\n\t\t\t\t\t\t<\/div>\n\t\t\t\t<\/div>\n\t\t\t\t\t\t<\/div>\n\t\t\t\t\t<\/div>\n\t\t<\/div>\n\t\t\t\t\t\t\t\t<\/div>\n\t\t\t\t\t<\/div>\n\t\t<\/section>\n\t\t\t\t<section class=\"elementor-section elementor-inner-section elementor-element elementor-element-a4e9311 elementor-section-content-middle elementor-section-boxed elementor-section-height-default elementor-section-height-default\" data-id=\"a4e9311\" data-element_type=\"section\" data-settings=\"{&quot;background_background&quot;:&quot;classic&quot;}\">\n\t\t\t\t\t\t<div class=\"elementor-container elementor-column-gap-no\">\n\t\t\t\t\t\t\t<div class=\"elementor-row\">\n\t\t\t\t\t<div class=\"elementor-column elementor-col-50 elementor-inner-column elementor-element elementor-element-7326d72\" data-id=\"7326d72\" data-element_type=\"column\">\n\t\t\t<div class=\"elementor-column-wrap elementor-element-populated\">\n\t\t\t\t\t\t\t<div class=\"elementor-widget-wrap\">\n\t\t\t\t\t\t<div class=\"elementor-element elementor-element-3be8155 elementor-widget elementor-widget-image\" data-id=\"3be8155\" data-element_type=\"widget\" data-widget_type=\"image.default\">\n\t\t\t\t<div class=\"elementor-widget-container\">\n\t\t\t\t\t\t\t\t<div class=\"elementor-image\">\n\t\t\t\t\t\t\t\t\t\t\t\t<img loading=\"lazy\" decoding=\"async\" width=\"400\" height=\"341\" src=\"https:\/\/end.pt\/pt\/wp-content\/uploads\/2020\/08\/Fontes-3.jpg\" class=\"attachment-large size-large wp-image-4258\" alt=\"\" srcset=\"https:\/\/end.pt\/pt\/wp-content\/uploads\/2020\/08\/Fontes-3.jpg 400w, https:\/\/end.pt\/pt\/wp-content\/uploads\/2020\/08\/Fontes-3-250x213.jpg 250w, https:\/\/end.pt\/pt\/wp-content\/uploads\/2020\/08\/Fontes-3-350x298.jpg 350w, https:\/\/end.pt\/pt\/wp-content\/uploads\/2020\/08\/Fontes-3-300x256.jpg 300w\" sizes=\"auto, (max-width: 400px) 100vw, 400px\" \/>\t\t\t\t\t\t\t\t\t\t\t\t\t\t<\/div>\n\t\t\t\t\t\t<\/div>\n\t\t\t\t<\/div>\n\t\t\t\t\t\t<\/div>\n\t\t\t\t\t<\/div>\n\t\t<\/div>\n\t\t\t\t<div class=\"elementor-column elementor-col-50 elementor-inner-column elementor-element elementor-element-2fded5c\" data-id=\"2fded5c\" data-element_type=\"column\" data-settings=\"{&quot;background_background&quot;:&quot;classic&quot;}\">\n\t\t\t<div class=\"elementor-column-wrap elementor-element-populated\">\n\t\t\t\t\t\t\t<div class=\"elementor-widget-wrap\">\n\t\t\t\t\t\t<div class=\"elementor-element elementor-element-8b836f4 elementor-widget elementor-widget-text-editor\" data-id=\"8b836f4\" data-element_type=\"widget\" data-widget_type=\"text-editor.default\">\n\t\t\t\t<div class=\"elementor-widget-container\">\n\t\t\t\t\t\t\t\t<div class=\"elementor-text-editor elementor-clearfix\">\n\t\t\t\t<p>Todas as fontes s\u00e3o testadas para fugas e contamina\u00e7\u00e3o, utilizando c\u00e2maras pr\u00f3prias para medi\u00e7\u00e3o de actividade radioactiva, calibradas por uma entidade oficial independente. Controladas regularmente por meio de fontes calibradas.<\/p><p>Todas as fontes seladas fornecidas est\u00e3o em conformidade com as Normas Internacionais ISO 2919:1999 (testes efectuados em laborat\u00f3rios especializados) e a Normas Europeias.<\/p>\t\t\t\t\t<\/div>\n\t\t\t\t\t\t<\/div>\n\t\t\t\t<\/div>\n\t\t\t\t\t\t<\/div>\n\t\t\t\t\t<\/div>\n\t\t<\/div>\n\t\t\t\t\t\t\t\t<\/div>\n\t\t\t\t\t<\/div>\n\t\t<\/section>\n\t\t\t\t<section class=\"elementor-section elementor-inner-section elementor-element elementor-element-4cdc897 elementor-section-content-middle elementor-section-boxed elementor-section-height-default elementor-section-height-default\" data-id=\"4cdc897\" data-element_type=\"section\">\n\t\t\t\t\t\t<div class=\"elementor-container elementor-column-gap-no\">\n\t\t\t\t\t\t\t<div class=\"elementor-row\">\n\t\t\t\t\t<div class=\"elementor-column elementor-col-33 elementor-inner-column elementor-element elementor-element-5108a4a\" data-id=\"5108a4a\" data-element_type=\"column\">\n\t\t\t<div class=\"elementor-column-wrap elementor-element-populated\">\n\t\t\t\t\t\t\t<div class=\"elementor-widget-wrap\">\n\t\t\t\t\t\t<div class=\"elementor-element elementor-element-447e717 elementor-widget elementor-widget-image\" data-id=\"447e717\" data-element_type=\"widget\" data-widget_type=\"image.default\">\n\t\t\t\t<div class=\"elementor-widget-container\">\n\t\t\t\t\t\t\t\t<div class=\"elementor-image\">\n\t\t\t\t\t\t\t\t\t\t\t\t<img loading=\"lazy\" decoding=\"async\" width=\"390\" height=\"306\" src=\"https:\/\/end.pt\/pt\/wp-content\/uploads\/2020\/08\/Fontes-2.jpg\" class=\"attachment-large size-large wp-image-4259\" alt=\"\" srcset=\"https:\/\/end.pt\/pt\/wp-content\/uploads\/2020\/08\/Fontes-2.jpg 390w, https:\/\/end.pt\/pt\/wp-content\/uploads\/2020\/08\/Fontes-2-250x196.jpg 250w, https:\/\/end.pt\/pt\/wp-content\/uploads\/2020\/08\/Fontes-2-350x275.jpg 350w, https:\/\/end.pt\/pt\/wp-content\/uploads\/2020\/08\/Fontes-2-300x235.jpg 300w\" sizes=\"auto, (max-width: 390px) 100vw, 390px\" \/>\t\t\t\t\t\t\t\t\t\t\t\t\t\t<\/div>\n\t\t\t\t\t\t<\/div>\n\t\t\t\t<\/div>\n\t\t\t\t\t\t<\/div>\n\t\t\t\t\t<\/div>\n\t\t<\/div>\n\t\t\t\t<div class=\"elementor-column elementor-col-33 elementor-inner-column elementor-element elementor-element-156da42\" data-id=\"156da42\" data-element_type=\"column\">\n\t\t\t<div class=\"elementor-column-wrap elementor-element-populated\">\n\t\t\t\t\t\t\t<div class=\"elementor-widget-wrap\">\n\t\t\t\t\t\t<div class=\"elementor-element elementor-element-ec11f78 elementor-widget elementor-widget-text-editor\" data-id=\"ec11f78\" data-element_type=\"widget\" data-widget_type=\"text-editor.default\">\n\t\t\t\t<div class=\"elementor-widget-container\">\n\t\t\t\t\t\t\t\t<div class=\"elementor-text-editor elementor-clearfix\">\n\t\t\t\t<p>As fontes s\u00e3o entregues com um certificado que indica as principais especifica\u00e7\u00f5es, incluindo actividade da fonte, datas de produ\u00e7\u00e3o e calibra\u00e7\u00e3o, tabelas de vida das fontes, resultados de verifica\u00e7\u00f5es de fugas e n\u00e3o-contamina\u00e7\u00e3o.<\/p><p>A nossa cadeia de fornecimento exclusiva e diversificada garante um fornecimento fi\u00e1vel de radiois\u00f3topos industriais. Distribu\u00edmos fontes utilizando uma grande frota de contentores, dispon\u00edveis para fornecer uma \u00fanica fonte ou at\u00e9 dez fontes num contentor de carregamento.<\/p>\t\t\t\t\t<\/div>\n\t\t\t\t\t\t<\/div>\n\t\t\t\t<\/div>\n\t\t\t\t\t\t<\/div>\n\t\t\t\t\t<\/div>\n\t\t<\/div>\n\t\t\t\t<div class=\"elementor-column elementor-col-33 elementor-inner-column elementor-element elementor-element-eafd15a\" data-id=\"eafd15a\" data-element_type=\"column\">\n\t\t\t<div class=\"elementor-column-wrap elementor-element-populated\">\n\t\t\t\t\t\t\t<div class=\"elementor-widget-wrap\">\n\t\t\t\t\t\t<div class=\"elementor-element elementor-element-3a1b796 elementor-widget elementor-widget-image\" data-id=\"3a1b796\" data-element_type=\"widget\" data-widget_type=\"image.default\">\n\t\t\t\t<div class=\"elementor-widget-container\">\n\t\t\t\t\t\t\t\t<div class=\"elementor-image\">\n\t\t\t\t\t\t\t\t\t\t\t\t<img loading=\"lazy\" decoding=\"async\" width=\"400\" height=\"233\" src=\"https:\/\/end.pt\/pt\/wp-content\/uploads\/2020\/08\/Fontes.jpg\" class=\"attachment-large size-large wp-image-4260\" alt=\"\" srcset=\"https:\/\/end.pt\/pt\/wp-content\/uploads\/2020\/08\/Fontes.jpg 400w, https:\/\/end.pt\/pt\/wp-content\/uploads\/2020\/08\/Fontes-250x146.jpg 250w, https:\/\/end.pt\/pt\/wp-content\/uploads\/2020\/08\/Fontes-350x204.jpg 350w, https:\/\/end.pt\/pt\/wp-content\/uploads\/2020\/08\/Fontes-300x175.jpg 300w\" sizes=\"auto, (max-width: 400px) 100vw, 400px\" \/>\t\t\t\t\t\t\t\t\t\t\t\t\t\t<\/div>\n\t\t\t\t\t\t<\/div>\n\t\t\t\t<\/div>\n\t\t\t\t\t\t<\/div>\n\t\t\t\t\t<\/div>\n\t\t<\/div>\n\t\t\t\t\t\t\t\t<\/div>\n\t\t\t\t\t<\/div>\n\t\t<\/section>\n\t\t\t\t\t\t<\/div>\n\t\t\t\t\t<\/div>\n\t\t<\/div>\n\t\t\t\t\t\t\t\t<\/div>\n\t\t\t\t\t<\/div>\n\t\t<\/section>\n\t\t\t\t\t\t\t\t\t<\/div>\n\t\t\t<\/div>\n\t\t\t\t\t<\/div>\n\t\t","protected":false},"excerpt":{"rendered":"<p>Fontes radioactivas seladas, distribuidas em contentores pr\u00f3prios para transporte, carregamento, e descarregamento seguro, e disponiveis para trabalhar com um v\u00e1rios modelos de projectores de gamagrafia. Dispon\u00edveis fontes de Ir\u00eddio 192 (Ir-192), Sel\u00e9nio 75 (Se-75) e Cobalto 60 (Co-60), com diferentes potenciais e geometria, garantido aos utilizadores uma gama completa de servi\u00e7os consoante a necessidade. Todas [&hellip;]<\/p>\n","protected":false},"featured_media":2496,"template":"","meta":{"_mi_skip_tracking":false},"product_cat":[151,109,37],"product_tag":[],"class_list":["post-2501","product","type-product","status-publish","has-post-thumbnail","hentry","product_cat-fontes-radioactivas","product_cat-gamagrafia-raios-gama","product_cat-radiografia-industrial"],"_links":{"self":[{"href":"https:\/\/end.pt\/pt\/wp-json\/wp\/v3\/product\/2501","targetHints":{"allow":["GET"]}}],"collection":[{"href":"https:\/\/end.pt\/pt\/wp-json\/wp\/v3\/product"}],"about":[{"href":"https:\/\/end.pt\/pt\/wp-json\/wp\/v2\/types\/product"}],"version-history":[{"count":3,"href":"https:\/\/end.pt\/pt\/wp-json\/wp\/v3\/product\/2501\/revisions"}],"predecessor-version":[{"id":5174,"href":"https:\/\/end.pt\/pt\/wp-json\/wp\/v3\/product\/2501\/revisions\/5174"}],"wp:featuredmedia":[{"embeddable":true,"href":"https:\/\/end.pt\/pt\/wp-json\/wp\/v2\/media\/2496"}],"wp:attachment":[{"href":"https:\/\/end.pt\/pt\/wp-json\/wp\/v2\/media?parent=2501"}],"wp:term":[{"taxonomy":"product_cat","embeddable":true,"href":"https:\/\/end.pt\/pt\/wp-json\/wp\/v2\/product_cat?post=2501"},{"taxonomy":"product_tag","embeddable":true,"href":"https:\/\/end.pt\/pt\/wp-json\/wp\/v2\/product_tag?post=2501"}],"curies":[{"name":"wp","href":"https:\/\/api.w.org\/{rel}","templated":true}]}}