{"id":2520,"date":"2018-10-07T10:18:40","date_gmt":"2018-10-07T10:18:40","guid":{"rendered":"https:\/\/end.pt\/pt\/?post_type=product&#038;p=2520"},"modified":"2021-05-02T21:04:02","modified_gmt":"2021-05-02T21:04:02","slug":"intertubo-flexivel-e-extensoes","status":"publish","type":"product","link":"https:\/\/end.pt\/pt\/product\/intertubo-flexivel-e-extensoes\/","title":{"rendered":"Intertubo Fl\u00e9xivel e Extens\u00f5es"},"content":{"rendered":"<p>Os intertubos\/tubos-guia SENTINEL\u2122 s\u00e3o tubos flex\u00edveis de a\u00e7o inoxid\u00e1vel com uma cobertura protetora de polivinil e s\u00e3o compat\u00edveis com todos os projetores de raios gama SENTINEL QSA-Global. Os intertubos para condi\u00e7\u00f5es extremas (cor preta) s\u00e3o projetados para uso em condi\u00e7\u00f5es clim\u00e1ticas extremas. Eles t\u00eam uma faixa de temperatura de -60 a 135 \u00b0C (-76 a 275 \u00b0F).<\/p>\n<p>Todos os tubos e extens\u00f5es de guia t\u00eam um comprimento padr\u00e3o de 7 p\u00e9s (2,1 m). Comprimentos personalizados est\u00e3o dispon\u00edveis mediante solicita\u00e7\u00e3o.<\/p>\n","protected":false},"excerpt":{"rendered":"<p>Os intertubos\/tubos-guia SENTINEL\u2122 s\u00e3o tubos flex\u00edveis de a\u00e7o inoxid\u00e1vel com uma cobertura protetora de polivinil e s\u00e3o compat\u00edveis com todos os projetores de raios gama SENTINEL QSA-Global. Os intertubos para condi\u00e7\u00f5es extremas (cor preta) s\u00e3o projetados para uso em condi\u00e7\u00f5es clim\u00e1ticas extremas. Eles t\u00eam uma faixa de temperatura de -60 a 135 \u00b0C (-76 a [&hellip;]<\/p>\n","protected":false},"featured_media":4337,"template":"","meta":{"_mi_skip_tracking":false},"product_cat":[110,109],"product_tag":[],"class_list":["post-2520","product","type-product","status-publish","has-post-thumbnail","hentry","product_cat-acessorios-gamagrafia-raios-gama","product_cat-gamagrafia-raios-gama"],"_links":{"self":[{"href":"https:\/\/end.pt\/pt\/wp-json\/wp\/v3\/product\/2520","targetHints":{"allow":["GET"]}}],"collection":[{"href":"https:\/\/end.pt\/pt\/wp-json\/wp\/v3\/product"}],"about":[{"href":"https:\/\/end.pt\/pt\/wp-json\/wp\/v2\/types\/product"}],"version-history":[{"count":3,"href":"https:\/\/end.pt\/pt\/wp-json\/wp\/v3\/product\/2520\/revisions"}],"predecessor-version":[{"id":5170,"href":"https:\/\/end.pt\/pt\/wp-json\/wp\/v3\/product\/2520\/revisions\/5170"}],"wp:featuredmedia":[{"embeddable":true,"href":"https:\/\/end.pt\/pt\/wp-json\/wp\/v2\/media\/4337"}],"wp:attachment":[{"href":"https:\/\/end.pt\/pt\/wp-json\/wp\/v2\/media?parent=2520"}],"wp:term":[{"taxonomy":"product_cat","embeddable":true,"href":"https:\/\/end.pt\/pt\/wp-json\/wp\/v2\/product_cat?post=2520"},{"taxonomy":"product_tag","embeddable":true,"href":"https:\/\/end.pt\/pt\/wp-json\/wp\/v2\/product_tag?post=2520"}],"curies":[{"name":"wp","href":"https:\/\/api.w.org\/{rel}","templated":true}]}}