{"id":2540,"date":"2018-10-07T10:54:09","date_gmt":"2018-10-07T10:54:09","guid":{"rendered":"https:\/\/end.pt\/pt\/?post_type=product&#038;p=2540"},"modified":"2021-05-02T21:01:19","modified_gmt":"2021-05-02T21:01:19","slug":"sistema-digital-hpx-1","status":"publish","type":"product","link":"https:\/\/end.pt\/pt\/product\/sistema-digital-hpx-1\/","title":{"rendered":"Sistema Digital HPX-1"},"content":{"rendered":"\t\t<div data-elementor-type=\"product-post\" data-elementor-id=\"2540\" class=\"elementor elementor-2540\">\n\t\t\t\t\t\t<div class=\"elementor-inner\">\n\t\t\t\t<div class=\"elementor-section-wrap\">\n\t\t\t\t\t\t\t\t\t<section class=\"elementor-section elementor-top-section elementor-element elementor-element-9e5f1ad elementor-section-boxed elementor-section-height-default elementor-section-height-default\" data-id=\"9e5f1ad\" data-element_type=\"section\">\n\t\t\t\t\t\t<div class=\"elementor-container elementor-column-gap-default\">\n\t\t\t\t\t\t\t<div class=\"elementor-row\">\n\t\t\t\t\t<div class=\"elementor-column elementor-col-100 elementor-top-column elementor-element elementor-element-f278705\" data-id=\"f278705\" data-element_type=\"column\">\n\t\t\t<div class=\"elementor-column-wrap elementor-element-populated\">\n\t\t\t\t\t\t\t<div class=\"elementor-widget-wrap\">\n\t\t\t\t\t\t<div class=\"elementor-element elementor-element-ca2b4a3 elementor-widget elementor-widget-text-editor\" data-id=\"ca2b4a3\" data-element_type=\"widget\" data-widget_type=\"text-editor.default\">\n\t\t\t\t<div class=\"elementor-widget-container\">\n\t\t\t\t\t\t\t\t<div class=\"elementor-text-editor elementor-clearfix\">\n\t\t\t\t<p>Equipamento de radiografia digital constru\u00eddo de base para ir de encontro \u00e0s necessidades variadas e espec\u00edficas dos ensaios n\u00e3o destrutivos. Tem capacidade de utilizar placas compridas, curtas, cassetes r\u00edgidas e placas fl\u00e9xiveis \u2013 tudo no mesmo sistema.<\/p><p>O HPX-1 Plus oferece muitas melhorias face ao modelo anterior. \u00d3ptica melhorada para melhor gera\u00e7\u00e3o de imagens, desempenho at\u00e9 30% mais r\u00e1pido em placas longas (exposi\u00e7\u00e3o muito alta), um sistema melhorado de transporte de placas de imagem para melhor protec\u00e7\u00e3o, maior fiabilidade mec\u00e2nica e um software compat\u00edvel com DICONDE mais <em>user-friendly<\/em> para a melhor experi\u00eancia em imagem digital.<\/p><p>O HPX-1 Plus \u00e9 um leitor CR de largura total capaz de utilizar placas de imagem extra longas. O sistema possui uma ampla gama din\u00e2mica com alta sensibilidade, tornando-o ideal para praticamente qualquer tipo de aplica\u00e7\u00e3o de imagem. Quer utilize uma fonte de raios gama ou raios-X, a alta sensibilidade do HPX-1 Plus pode ajudar a reduzir o tempo de disparo. Exibe um desempenho excepcional em aplica\u00e7\u00f5es de soldadura, fornecendo imagens com qualidade de soldadura de maneira consistente e fi\u00e1vel.<\/p><p>O sistema completo \u00e9 enviado pr\u00e9-configurado e pronto a utilizar com apenas algumas liga\u00e7\u00f5es simples. O software poderoso e f\u00e1cil de aprender, e a interface intuitiva minimizam o tempo de forma\u00e7\u00e3o; os utilizadores estar\u00e3o prontos rapidamente.<\/p><p>A reconhecida e premiada fam\u00edlia de produtos digitais HPX da Carestream aumentou a fiabilidade no campo e melhorou as capacidades no mercado de NDT. A digitaliza\u00e7\u00e3o de todo o tipo de placas bem como de m\u00faltiplas placas, combinada com o SmartErase\u00ae, aumenta a produtividade, para que se possa fazer mais num dia do que previamente possivel.<\/p><p>O sistema exclusivo de filtragem por press\u00e3o positiva mant\u00e9m a poeira e sujidades fora, para obter imagens mais limpas, tanto no laborat\u00f3rio quanto em opera\u00e7\u00f5es remotas. Com um design resistente a choques e vibra\u00e7\u00f5es, \u00e9 poss\u00edvel utilizar o equipamento nos ambientes mais adversos e dificeis, trazendo um novo n\u00edvel de confian\u00e7a \u00e0s imagens digitais em campo.<\/p>\t\t\t\t\t<\/div>\n\t\t\t\t\t\t<\/div>\n\t\t\t\t<\/div>\n\t\t\t\t\t\t<\/div>\n\t\t\t\t\t<\/div>\n\t\t<\/div>\n\t\t\t\t\t\t\t\t<\/div>\n\t\t\t\t\t<\/div>\n\t\t<\/section>\n\t\t\t\t<section class=\"elementor-section elementor-top-section elementor-element elementor-element-2ed7c6f elementor-section-boxed elementor-section-height-default elementor-section-height-default\" data-id=\"2ed7c6f\" data-element_type=\"section\">\n\t\t\t\t\t\t<div class=\"elementor-container elementor-column-gap-default\">\n\t\t\t\t\t\t\t<div class=\"elementor-row\">\n\t\t\t\t\t<div class=\"elementor-column elementor-col-100 elementor-top-column elementor-element elementor-element-1d17321\" data-id=\"1d17321\" data-element_type=\"column\">\n\t\t\t<div class=\"elementor-column-wrap elementor-element-populated\">\n\t\t\t\t\t\t\t<div class=\"elementor-widget-wrap\">\n\t\t\t\t\t\t<div class=\"elementor-element elementor-element-6d27851 elementor-widget elementor-widget-heading\" data-id=\"6d27851\" data-element_type=\"widget\" data-widget_type=\"heading.default\">\n\t\t\t\t<div class=\"elementor-widget-container\">\n\t\t\t<h5 class=\"elementor-heading-title elementor-size-default\">Caracter\u00edsticas:<\/h5>\t\t<\/div>\n\t\t\t\t<\/div>\n\t\t\t\t\t\t<\/div>\n\t\t\t\t\t<\/div>\n\t\t<\/div>\n\t\t\t\t\t\t\t\t<\/div>\n\t\t\t\t\t<\/div>\n\t\t<\/section>\n\t\t\t\t<section class=\"elementor-section elementor-top-section elementor-element elementor-element-5dcc16c elementor-section-boxed elementor-section-height-default elementor-section-height-default\" data-id=\"5dcc16c\" data-element_type=\"section\">\n\t\t\t\t\t\t<div class=\"elementor-container elementor-column-gap-default\">\n\t\t\t\t\t\t\t<div class=\"elementor-row\">\n\t\t\t\t\t<div class=\"elementor-column elementor-col-100 elementor-top-column elementor-element elementor-element-7966792\" data-id=\"7966792\" data-element_type=\"column\">\n\t\t\t<div class=\"elementor-column-wrap elementor-element-populated\">\n\t\t\t\t\t\t\t<div class=\"elementor-widget-wrap\">\n\t\t\t\t\t\t<div class=\"elementor-element elementor-element-c44dde2 elementor-widget elementor-widget-text-editor\" data-id=\"c44dde2\" data-element_type=\"widget\" data-widget_type=\"text-editor.default\">\n\t\t\t\t<div class=\"elementor-widget-container\">\n\t\t\t\t\t\t\t\t<div class=\"elementor-text-editor elementor-clearfix\">\n\t\t\t\t<ul><li><em><strong>Flexibilidade do tamanho da placa<\/strong><\/em><br \/>O HPX-1 Plus \u00e9 compat\u00edvel com uma vasta gama de tamanhos de placas de at\u00e9 60&#8243; de comprimento, desde 70 mm &#8211; 14 polegadas de largura.<\/li><\/ul><p>\u00a0<\/p><ul><li><em><strong>Ampla gama din\u00e2mica<\/strong><\/em><br \/>Oferece ampla gama de imagem din\u00e2mica num \u00fanico disparo<br \/>Reduz muitos disparos com v\u00e1rios filmes a uma \u00fanica exposi\u00e7\u00e3o CR<\/li><\/ul><p>\u00a0<\/p><ul><li><em><strong>Ambientes obscurecidos ou com ilumina\u00e7\u00e3o ambiente<\/strong><\/em><br \/>O HPX-1 pode funcionar em ambientes com ilumina\u00e7\u00e3o reduzida (n\u00e3o precisa estar escuro)<br \/>A tampa oculta a maior parte da luz externa durante a digitaliza\u00e7\u00e3o<br \/>Utilize placas em ambientes de luz reduzida ou cassetes r\u00edgidas em luz ambiente normal.<\/li><\/ul><p>\u00a0<\/p><ul><li><em><strong>Elimina\u00e7\u00e3o &#8220;inteligente&#8221; de halog\u00eanio<\/strong><\/em><br \/>O sistema SmartErase melhorado aplica elimina\u00e7\u00e3o calculada da intensidade da luz com base na exposi\u00e7\u00e3o recebida<br \/>HPX-1 Plus melhorou o rendimento do sistema de apagamento otimizado<\/li><\/ul><p>\u00a0<\/p><ul><li><em><strong>Ferramentas de visualiza\u00e7\u00e3o de imagem superiores<\/strong><\/em><br \/>As ferramentas de visualiza\u00e7\u00e3o de imagem permitem que as imagens exibidas sejam aprimoradas digitalmente para ajudar na interpreta\u00e7\u00e3o, sem alterar os dados da imagem original<br \/>Filtro de exibi\u00e7\u00e3o de imagem em v\u00e1rias camadas personaliz\u00e1vel<\/li><\/ul><p>\u00a0<\/p><ul><li><em><strong>Constru\u00eddo especificamente para aplica\u00e7\u00f5es NDT:<\/strong><\/em><br \/>M\u00faltiplos ventiladores e filtros mant\u00eam a press\u00e3o do ar interna positiva para manter poeira, sujidades e ar n\u00e3o filtrado fora do sistema<br \/>Escovas e selos integrados mant\u00eam fora a luz e sujidades<br \/>Os p\u00e9s de borracha absorvem as vibra\u00e7\u00f5es ambientais no campo<br \/>Pegas ergonomicamente desenhadas para f\u00e1cil transporte<br \/>Tampa protetora para prote\u00e7\u00e3o extra em armazenamento em ambientes industriais<br \/>Resistiu a testes de queda rigorosos (100 g de for\u00e7a de impacto)<br \/>Resistiu a testes de amplitude vari\u00e1vel e vibra\u00e7\u00e3o de frequ\u00eancia<\/li><\/ul><p>\u00a0<\/p><ul><li><em><strong>Qualidade de imagem ultra-elevada<\/strong><\/em><br \/>Resolu\u00e7\u00e3o espacial &#8211; Pixel Pitch 25\u03bc, 35\u03bc, 50\u03bc e 100\u03bc: 50 m\u00edcrons ou melhor (12 lp \/ mm) Tamanho do ponto do laser: 20\u03bc (medido a 85% do pico)<\/li><\/ul><p>\u00a0<\/p><ul><li><em><strong>Software Poderoso<\/strong><\/em><br \/>O HPX-1 Plus \u00e9 operado utilizando o poderoso software INDUSTREX, que inclui diversas fun\u00e7\u00f5es para medi\u00e7\u00e3o, filtros de imagem EDGE personalizados, conformidade total com DICONDE e muitas outras ferramentas projetadas especificamente para NDT.<\/li><\/ul><p>\u00a0<\/p><ul><li><em><strong>Reporting personalizado<\/strong><\/em><br \/>O HPX-1 Plus pode gerar relat\u00f3rios personalizados em segundos. Crie um relat\u00f3rio de trabalho simplesmente selecionando as soldaduras a serem inclu\u00eddas e clique em &#8220;criar relat\u00f3rio&#8221;. Fa\u00e7a um relat\u00f3rio de v\u00e1rias linhas ou \u00fanico tipo de soldadura personalizado em segundos com dados pr\u00e9-selecionados.<\/li><\/ul>\t\t\t\t\t<\/div>\n\t\t\t\t\t\t<\/div>\n\t\t\t\t<\/div>\n\t\t\t\t\t\t<\/div>\n\t\t\t\t\t<\/div>\n\t\t<\/div>\n\t\t\t\t\t\t\t\t<\/div>\n\t\t\t\t\t<\/div>\n\t\t<\/section>\n\t\t\t\t\t\t\t\t\t<\/div>\n\t\t\t<\/div>\n\t\t\t\t\t<\/div>\n\t\t","protected":false},"excerpt":{"rendered":"<p>Equipamento de radiografia digital constru\u00eddo de base para ir de encontro \u00e0s necessidades variadas e espec\u00edficas dos ensaios n\u00e3o destrutivos. Tem capacidade de utilizar placas compridas, curtas, cassetes r\u00edgidas e placas fl\u00e9xiveis \u2013 tudo no mesmo sistema. O HPX-1 Plus oferece muitas melhorias face ao modelo anterior. \u00d3ptica melhorada para melhor gera\u00e7\u00e3o de imagens, desempenho [&hellip;]<\/p>\n","protected":false},"featured_media":4384,"template":"","meta":{"_mi_skip_tracking":false},"product_cat":[115],"product_tag":[],"class_list":["post-2540","product","type-product","status-publish","has-post-thumbnail","hentry","product_cat-sistema-digital-hpx-1"],"_links":{"self":[{"href":"https:\/\/end.pt\/pt\/wp-json\/wp\/v3\/product\/2540","targetHints":{"allow":["GET"]}}],"collection":[{"href":"https:\/\/end.pt\/pt\/wp-json\/wp\/v3\/product"}],"about":[{"href":"https:\/\/end.pt\/pt\/wp-json\/wp\/v2\/types\/product"}],"version-history":[{"count":6,"href":"https:\/\/end.pt\/pt\/wp-json\/wp\/v3\/product\/2540\/revisions"}],"predecessor-version":[{"id":5164,"href":"https:\/\/end.pt\/pt\/wp-json\/wp\/v3\/product\/2540\/revisions\/5164"}],"wp:featuredmedia":[{"embeddable":true,"href":"https:\/\/end.pt\/pt\/wp-json\/wp\/v2\/media\/4384"}],"wp:attachment":[{"href":"https:\/\/end.pt\/pt\/wp-json\/wp\/v2\/media?parent=2540"}],"wp:term":[{"taxonomy":"product_cat","embeddable":true,"href":"https:\/\/end.pt\/pt\/wp-json\/wp\/v2\/product_cat?post=2540"},{"taxonomy":"product_tag","embeddable":true,"href":"https:\/\/end.pt\/pt\/wp-json\/wp\/v2\/product_tag?post=2540"}],"curies":[{"name":"wp","href":"https:\/\/api.w.org\/{rel}","templated":true}]}}