{"id":2555,"date":"2018-10-07T14:52:00","date_gmt":"2018-10-07T14:52:00","guid":{"rendered":"https:\/\/end.pt\/pt\/?post_type=product&#038;p=2555"},"modified":"2021-05-02T21:00:45","modified_gmt":"2021-05-02T21:00:45","slug":"placas-de-digitalizacao-carestream-industrex-flex-gp-hr-e-xl-blue","status":"publish","type":"product","link":"https:\/\/end.pt\/pt\/product\/placas-de-digitalizacao-carestream-industrex-flex-gp-hr-e-xl-blue\/","title":{"rendered":"Placas de digitaliza\u00e7\u00e3o Carestream Industrex Flex GP, HR e XL Blue"},"content":{"rendered":"<p>As placas de digitaliza\u00e7\u00e3o Carestream INDUSTREX s\u00e3o uma componente essencial da radiografia digital em aplica\u00e7\u00f5es NDT. As placas de digitaliza\u00e7\u00e3o oferecem a flexibilidade dos filmes sem a necessidade de processamento, permitindo-lhe capturar e ler as imagens r\u00e1pida e facilmente, optimiz\u00e1-las, guard\u00e1-las ou partilh\u00e1-las.<\/p>\n","protected":false},"excerpt":{"rendered":"<p>As placas de digitaliza\u00e7\u00e3o Carestream INDUSTREX s\u00e3o uma componente essencial da radiografia digital em aplica\u00e7\u00f5es NDT. As placas de digitaliza\u00e7\u00e3o oferecem a flexibilidade dos filmes sem a necessidade de processamento, permitindo-lhe capturar e ler as imagens r\u00e1pida e facilmente, optimiz\u00e1-las, guard\u00e1-las ou partilh\u00e1-las.<\/p>\n","protected":false},"featured_media":2556,"template":"","meta":{"_mi_skip_tracking":false},"product_cat":[128],"product_tag":[],"class_list":["post-2555","product","type-product","status-publish","has-post-thumbnail","hentry","product_cat-acessorios-digital-hpx-1"],"_links":{"self":[{"href":"https:\/\/end.pt\/pt\/wp-json\/wp\/v3\/product\/2555","targetHints":{"allow":["GET"]}}],"collection":[{"href":"https:\/\/end.pt\/pt\/wp-json\/wp\/v3\/product"}],"about":[{"href":"https:\/\/end.pt\/pt\/wp-json\/wp\/v2\/types\/product"}],"version-history":[{"count":3,"href":"https:\/\/end.pt\/pt\/wp-json\/wp\/v3\/product\/2555\/revisions"}],"predecessor-version":[{"id":5163,"href":"https:\/\/end.pt\/pt\/wp-json\/wp\/v3\/product\/2555\/revisions\/5163"}],"wp:featuredmedia":[{"embeddable":true,"href":"https:\/\/end.pt\/pt\/wp-json\/wp\/v2\/media\/2556"}],"wp:attachment":[{"href":"https:\/\/end.pt\/pt\/wp-json\/wp\/v2\/media?parent=2555"}],"wp:term":[{"taxonomy":"product_cat","embeddable":true,"href":"https:\/\/end.pt\/pt\/wp-json\/wp\/v2\/product_cat?post=2555"},{"taxonomy":"product_tag","embeddable":true,"href":"https:\/\/end.pt\/pt\/wp-json\/wp\/v2\/product_tag?post=2555"}],"curies":[{"name":"wp","href":"https:\/\/api.w.org\/{rel}","templated":true}]}}