{"id":2559,"date":"2018-10-07T14:59:44","date_gmt":"2018-10-07T14:59:44","guid":{"rendered":"https:\/\/end.pt\/pt\/?post_type=product&#038;p=2559"},"modified":"2021-05-02T21:00:20","modified_gmt":"2021-05-02T21:00:20","slug":"software-de-visualizacao-digital-carestream-industrex-v4-2","status":"publish","type":"product","link":"https:\/\/end.pt\/pt\/product\/software-de-visualizacao-digital-carestream-industrex-v4-2\/","title":{"rendered":"Software de Visualiza\u00e7\u00e3o Digital CARESTREAM INDUSTREX v4.2"},"content":{"rendered":"<p>O novo Software de Visualiza\u00e7\u00e3o INDUSTREX v4.2 da Carestream, incorpora filtros de processamento de imagem autom\u00e1ticos EDGE de ponta, permitindo uma f\u00e1cil visualiza\u00e7\u00e3o de diferentes gamas de densidades.<\/p>\n<p>As ferramentas \u201cPipe Wall Thickness\u201d \u2013 Espessura da Parede do Tubo e \u201cObject Measurement Reticle\u201d \u2013 Ret\u00edcula de Medi\u00e7\u00e3o de Objectos, facilitam e agilizam as medi\u00e7\u00f5es. Altere imagens consoante as necessidades, enquanto que o original permanece intacto.<\/p>\n<p>As \u00faltimas melhorias incluem barras de ferramentas que podem ser copiadas, imagens melhoradas e capacidade de editar os metadados.<\/p>\n","protected":false},"excerpt":{"rendered":"<p>O novo Software de Visualiza\u00e7\u00e3o INDUSTREX v4.2 da Carestream, incorpora filtros de processamento de imagem autom\u00e1ticos EDGE de ponta, permitindo uma f\u00e1cil visualiza\u00e7\u00e3o de diferentes gamas de densidades. As ferramentas \u201cPipe Wall Thickness\u201d \u2013 Espessura da Parede do Tubo e \u201cObject Measurement Reticle\u201d \u2013 Ret\u00edcula de Medi\u00e7\u00e3o de Objectos, facilitam e agilizam as medi\u00e7\u00f5es. Altere [&hellip;]<\/p>\n","protected":false},"featured_media":2560,"template":"","meta":{"_mi_skip_tracking":false},"product_cat":[128],"product_tag":[],"class_list":["post-2559","product","type-product","status-publish","has-post-thumbnail","hentry","product_cat-acessorios-digital-hpx-1"],"_links":{"self":[{"href":"https:\/\/end.pt\/pt\/wp-json\/wp\/v3\/product\/2559","targetHints":{"allow":["GET"]}}],"collection":[{"href":"https:\/\/end.pt\/pt\/wp-json\/wp\/v3\/product"}],"about":[{"href":"https:\/\/end.pt\/pt\/wp-json\/wp\/v2\/types\/product"}],"version-history":[{"count":2,"href":"https:\/\/end.pt\/pt\/wp-json\/wp\/v3\/product\/2559\/revisions"}],"predecessor-version":[{"id":5162,"href":"https:\/\/end.pt\/pt\/wp-json\/wp\/v3\/product\/2559\/revisions\/5162"}],"wp:featuredmedia":[{"embeddable":true,"href":"https:\/\/end.pt\/pt\/wp-json\/wp\/v2\/media\/2560"}],"wp:attachment":[{"href":"https:\/\/end.pt\/pt\/wp-json\/wp\/v2\/media?parent=2559"}],"wp:term":[{"taxonomy":"product_cat","embeddable":true,"href":"https:\/\/end.pt\/pt\/wp-json\/wp\/v2\/product_cat?post=2559"},{"taxonomy":"product_tag","embeddable":true,"href":"https:\/\/end.pt\/pt\/wp-json\/wp\/v2\/product_tag?post=2559"}],"curies":[{"name":"wp","href":"https:\/\/api.w.org\/{rel}","templated":true}]}}