{"id":2561,"date":"2018-10-07T15:05:31","date_gmt":"2018-10-07T15:05:31","guid":{"rendered":"https:\/\/end.pt\/pt\/?post_type=product&#038;p=2561"},"modified":"2021-05-02T20:59:58","modified_gmt":"2021-05-02T20:59:58","slug":"modulo-de-reporting-relatorios-para-o-software-de-visualizacao","status":"publish","type":"product","link":"https:\/\/end.pt\/pt\/product\/modulo-de-reporting-relatorios-para-o-software-de-visualizacao\/","title":{"rendered":"M\u00f3dulo de Reporting \u201cRelat\u00f3rios\u201d para o Software de Visualiza\u00e7\u00e3o"},"content":{"rendered":"<p>Elimine a necessidade de m\u00faltiplos programas de reporting, e a transfer\u00eancia manual de dados com o nosso m\u00f3dulo de Reporting \u201crelat\u00f3rios\u201d da Carestream. Poupe tempo, reduza os erros e obtenha o relat\u00f3rio que pretende.<\/p>\n<p>O m\u00f3dulo de Reporting \u201cRelat\u00f3rios\u201d da Carestream \u00e9 uma ferramenta de gera\u00e7\u00e3o de templates de relat\u00f3rios flex\u00edvel, que pode ser facilmente adicionada ao ser software de visualiza\u00e7\u00e3o Carestream.<\/p>\n","protected":false},"excerpt":{"rendered":"<p>Elimine a necessidade de m\u00faltiplos programas de reporting, e a transfer\u00eancia manual de dados com o nosso m\u00f3dulo de Reporting \u201crelat\u00f3rios\u201d da Carestream. Poupe tempo, reduza os erros e obtenha o relat\u00f3rio que pretende. O m\u00f3dulo de Reporting \u201cRelat\u00f3rios\u201d da Carestream \u00e9 uma ferramenta de gera\u00e7\u00e3o de templates de relat\u00f3rios flex\u00edvel, que pode ser facilmente [&hellip;]<\/p>\n","protected":false},"featured_media":2560,"template":"","meta":{"_mi_skip_tracking":false},"product_cat":[128],"product_tag":[],"class_list":["post-2561","product","type-product","status-publish","has-post-thumbnail","hentry","product_cat-acessorios-digital-hpx-1"],"_links":{"self":[{"href":"https:\/\/end.pt\/pt\/wp-json\/wp\/v3\/product\/2561","targetHints":{"allow":["GET"]}}],"collection":[{"href":"https:\/\/end.pt\/pt\/wp-json\/wp\/v3\/product"}],"about":[{"href":"https:\/\/end.pt\/pt\/wp-json\/wp\/v2\/types\/product"}],"version-history":[{"count":2,"href":"https:\/\/end.pt\/pt\/wp-json\/wp\/v3\/product\/2561\/revisions"}],"predecessor-version":[{"id":5161,"href":"https:\/\/end.pt\/pt\/wp-json\/wp\/v3\/product\/2561\/revisions\/5161"}],"wp:featuredmedia":[{"embeddable":true,"href":"https:\/\/end.pt\/pt\/wp-json\/wp\/v2\/media\/2560"}],"wp:attachment":[{"href":"https:\/\/end.pt\/pt\/wp-json\/wp\/v2\/media?parent=2561"}],"wp:term":[{"taxonomy":"product_cat","embeddable":true,"href":"https:\/\/end.pt\/pt\/wp-json\/wp\/v2\/product_cat?post=2561"},{"taxonomy":"product_tag","embeddable":true,"href":"https:\/\/end.pt\/pt\/wp-json\/wp\/v2\/product_tag?post=2561"}],"curies":[{"name":"wp","href":"https:\/\/api.w.org\/{rel}","templated":true}]}}