{"id":2562,"date":"2018-10-07T15:07:09","date_gmt":"2018-10-07T15:07:09","guid":{"rendered":"https:\/\/end.pt\/pt\/?post_type=product&#038;p=2562"},"modified":"2021-05-02T20:59:35","modified_gmt":"2021-05-02T20:59:35","slug":"guia-de-placas-de-digitalizacao-hpx-1","status":"publish","type":"product","link":"https:\/\/end.pt\/pt\/product\/guia-de-placas-de-digitalizacao-hpx-1\/","title":{"rendered":"Guia de Placas de Digitaliza\u00e7\u00e3o HPX-1"},"content":{"rendered":"<p>Guia para digitalizar placas pequenas ou irregulares utilizando o sistema digital HPX-1. Desenhado especificamente para ser f\u00e1cil de usar, n\u00e3o importa qual a forma (t\u00e3o pequena como 1\u201dx1\u201d), o guia ir\u00e1 digitalizar. Pode tamb\u00e9m utilizar o Guia para combinar m\u00faltiplas placas num \u00fanico scan.<\/p>\n<p>Inclu\u00eddo uma capa protectora e instru\u00e7\u00f5es de utiliza\u00e7\u00e3o.<\/p>\n","protected":false},"excerpt":{"rendered":"<p>Guia para digitalizar placas pequenas ou irregulares utilizando o sistema digital HPX-1. Desenhado especificamente para ser f\u00e1cil de usar, n\u00e3o importa qual a forma (t\u00e3o pequena como 1\u201dx1\u201d), o guia ir\u00e1 digitalizar. Pode tamb\u00e9m utilizar o Guia para combinar m\u00faltiplas placas num \u00fanico scan. Inclu\u00eddo uma capa protectora e instru\u00e7\u00f5es de utiliza\u00e7\u00e3o.<\/p>\n","protected":false},"featured_media":2563,"template":"","meta":{"_mi_skip_tracking":false},"product_cat":[128],"product_tag":[],"class_list":["post-2562","product","type-product","status-publish","has-post-thumbnail","hentry","product_cat-acessorios-digital-hpx-1"],"_links":{"self":[{"href":"https:\/\/end.pt\/pt\/wp-json\/wp\/v3\/product\/2562","targetHints":{"allow":["GET"]}}],"collection":[{"href":"https:\/\/end.pt\/pt\/wp-json\/wp\/v3\/product"}],"about":[{"href":"https:\/\/end.pt\/pt\/wp-json\/wp\/v2\/types\/product"}],"version-history":[{"count":2,"href":"https:\/\/end.pt\/pt\/wp-json\/wp\/v3\/product\/2562\/revisions"}],"predecessor-version":[{"id":5160,"href":"https:\/\/end.pt\/pt\/wp-json\/wp\/v3\/product\/2562\/revisions\/5160"}],"wp:featuredmedia":[{"embeddable":true,"href":"https:\/\/end.pt\/pt\/wp-json\/wp\/v2\/media\/2563"}],"wp:attachment":[{"href":"https:\/\/end.pt\/pt\/wp-json\/wp\/v2\/media?parent=2562"}],"wp:term":[{"taxonomy":"product_cat","embeddable":true,"href":"https:\/\/end.pt\/pt\/wp-json\/wp\/v2\/product_cat?post=2562"},{"taxonomy":"product_tag","embeddable":true,"href":"https:\/\/end.pt\/pt\/wp-json\/wp\/v2\/product_tag?post=2562"}],"curies":[{"name":"wp","href":"https:\/\/api.w.org\/{rel}","templated":true}]}}