{"id":2567,"date":"2018-10-07T15:12:01","date_gmt":"2018-10-07T15:12:01","guid":{"rendered":"https:\/\/end.pt\/pt\/?post_type=product&#038;p=2567"},"modified":"2021-05-02T20:59:14","modified_gmt":"2021-05-02T20:59:14","slug":"ferramenta-de-diagnostico-hpx-1","status":"publish","type":"product","link":"https:\/\/end.pt\/pt\/product\/ferramenta-de-diagnostico-hpx-1\/","title":{"rendered":"Ferramenta de Diagn\u00f3stico HPX-1"},"content":{"rendered":"<p>A ferramenta de diagn\u00f3stico HPX-1 reduz o risco em qualquer projecto eliminando conjecturas sobre a calibra\u00e7\u00e3o do sistema. Uma ferramenta muito simples e econ\u00f3mica de utilizar, simplifica a verifica\u00e7\u00e3o da calibra\u00e7\u00e3o do sistema, bastando alguns minutos e o clique de um bot\u00e3o para verificar todos os par\u00e2metros do sistema e sair um documento provando que o sistema est\u00e1 devidamente calibrado.<\/p>\n","protected":false},"excerpt":{"rendered":"<p>A ferramenta de diagn\u00f3stico HPX-1 reduz o risco em qualquer projecto eliminando conjecturas sobre a calibra\u00e7\u00e3o do sistema. Uma ferramenta muito simples e econ\u00f3mica de utilizar, simplifica a verifica\u00e7\u00e3o da calibra\u00e7\u00e3o do sistema, bastando alguns minutos e o clique de um bot\u00e3o para verificar todos os par\u00e2metros do sistema e sair um documento provando que [&hellip;]<\/p>\n","protected":false},"featured_media":2568,"template":"","meta":{"_mi_skip_tracking":false},"product_cat":[128],"product_tag":[],"class_list":["post-2567","product","type-product","status-publish","has-post-thumbnail","hentry","product_cat-acessorios-digital-hpx-1"],"_links":{"self":[{"href":"https:\/\/end.pt\/pt\/wp-json\/wp\/v3\/product\/2567","targetHints":{"allow":["GET"]}}],"collection":[{"href":"https:\/\/end.pt\/pt\/wp-json\/wp\/v3\/product"}],"about":[{"href":"https:\/\/end.pt\/pt\/wp-json\/wp\/v2\/types\/product"}],"version-history":[{"count":2,"href":"https:\/\/end.pt\/pt\/wp-json\/wp\/v3\/product\/2567\/revisions"}],"predecessor-version":[{"id":5159,"href":"https:\/\/end.pt\/pt\/wp-json\/wp\/v3\/product\/2567\/revisions\/5159"}],"wp:featuredmedia":[{"embeddable":true,"href":"https:\/\/end.pt\/pt\/wp-json\/wp\/v2\/media\/2568"}],"wp:attachment":[{"href":"https:\/\/end.pt\/pt\/wp-json\/wp\/v2\/media?parent=2567"}],"wp:term":[{"taxonomy":"product_cat","embeddable":true,"href":"https:\/\/end.pt\/pt\/wp-json\/wp\/v2\/product_cat?post=2567"},{"taxonomy":"product_tag","embeddable":true,"href":"https:\/\/end.pt\/pt\/wp-json\/wp\/v2\/product_tag?post=2567"}],"curies":[{"name":"wp","href":"https:\/\/api.w.org\/{rel}","templated":true}]}}