{"id":2569,"date":"2018-10-07T15:14:33","date_gmt":"2018-10-07T15:14:33","guid":{"rendered":"https:\/\/end.pt\/pt\/?post_type=product&#038;p=2569"},"modified":"2021-05-02T20:58:33","modified_gmt":"2021-05-02T20:58:33","slug":"ferramenta-de-extraccao-de-cassetes-carestream","status":"publish","type":"product","link":"https:\/\/end.pt\/pt\/product\/ferramenta-de-extraccao-de-cassetes-carestream\/","title":{"rendered":"Ferramenta de extrac\u00e7\u00e3o de cassetes Carestream"},"content":{"rendered":"<p>Esta ferramenta \u00e9 necess\u00e1ria para remover com seguran\u00e7a as placas de digitaliza\u00e7\u00e3o das cassetes. Garanta que, se utilizar cassetes, tenha pelo menos um destes instrumentos. Part Number: 842 3600.<\/p>\n","protected":false},"excerpt":{"rendered":"<p>Esta ferramenta \u00e9 necess\u00e1ria para remover com seguran\u00e7a as placas de digitaliza\u00e7\u00e3o das cassetes. Garanta que, se utilizar cassetes, tenha pelo menos um destes instrumentos. Part Number: 842 3600.<\/p>\n","protected":false},"featured_media":2570,"template":"","meta":{"_mi_skip_tracking":false},"product_cat":[128],"product_tag":[],"class_list":["post-2569","product","type-product","status-publish","has-post-thumbnail","hentry","product_cat-acessorios-digital-hpx-1"],"_links":{"self":[{"href":"https:\/\/end.pt\/pt\/wp-json\/wp\/v3\/product\/2569","targetHints":{"allow":["GET"]}}],"collection":[{"href":"https:\/\/end.pt\/pt\/wp-json\/wp\/v3\/product"}],"about":[{"href":"https:\/\/end.pt\/pt\/wp-json\/wp\/v2\/types\/product"}],"version-history":[{"count":3,"href":"https:\/\/end.pt\/pt\/wp-json\/wp\/v3\/product\/2569\/revisions"}],"predecessor-version":[{"id":5158,"href":"https:\/\/end.pt\/pt\/wp-json\/wp\/v3\/product\/2569\/revisions\/5158"}],"wp:featuredmedia":[{"embeddable":true,"href":"https:\/\/end.pt\/pt\/wp-json\/wp\/v2\/media\/2570"}],"wp:attachment":[{"href":"https:\/\/end.pt\/pt\/wp-json\/wp\/v2\/media?parent=2569"}],"wp:term":[{"taxonomy":"product_cat","embeddable":true,"href":"https:\/\/end.pt\/pt\/wp-json\/wp\/v2\/product_cat?post=2569"},{"taxonomy":"product_tag","embeddable":true,"href":"https:\/\/end.pt\/pt\/wp-json\/wp\/v2\/product_tag?post=2569"}],"curies":[{"name":"wp","href":"https:\/\/api.w.org\/{rel}","templated":true}]}}