{"id":2571,"date":"2018-10-07T15:16:27","date_gmt":"2018-10-07T15:16:27","guid":{"rendered":"https:\/\/end.pt\/pt\/?post_type=product&#038;p=2571"},"modified":"2021-05-02T20:58:10","modified_gmt":"2021-05-02T20:58:10","slug":"limpeza-dos-ecras","status":"publish","type":"product","link":"https:\/\/end.pt\/pt\/product\/limpeza-dos-ecras\/","title":{"rendered":"Limpeza dos ecr\u00e3s"},"content":{"rendered":"<p>Este produto \u00e9 recomendado para uso com as Placas de digitaliza\u00e7\u00e3o Carestream Industrex Flex GP e HR. Catalog number 845 4977.<\/p>\n","protected":false},"excerpt":{"rendered":"<p>Este produto \u00e9 recomendado para uso com as Placas de digitaliza\u00e7\u00e3o Carestream Industrex Flex GP e HR. Catalog number 845 4977.<\/p>\n","protected":false},"featured_media":2572,"template":"","meta":{"_mi_skip_tracking":false},"product_cat":[128],"product_tag":[],"class_list":["post-2571","product","type-product","status-publish","has-post-thumbnail","hentry","product_cat-acessorios-digital-hpx-1"],"_links":{"self":[{"href":"https:\/\/end.pt\/pt\/wp-json\/wp\/v3\/product\/2571","targetHints":{"allow":["GET"]}}],"collection":[{"href":"https:\/\/end.pt\/pt\/wp-json\/wp\/v3\/product"}],"about":[{"href":"https:\/\/end.pt\/pt\/wp-json\/wp\/v2\/types\/product"}],"version-history":[{"count":2,"href":"https:\/\/end.pt\/pt\/wp-json\/wp\/v3\/product\/2571\/revisions"}],"predecessor-version":[{"id":5156,"href":"https:\/\/end.pt\/pt\/wp-json\/wp\/v3\/product\/2571\/revisions\/5156"}],"wp:featuredmedia":[{"embeddable":true,"href":"https:\/\/end.pt\/pt\/wp-json\/wp\/v2\/media\/2572"}],"wp:attachment":[{"href":"https:\/\/end.pt\/pt\/wp-json\/wp\/v2\/media?parent=2571"}],"wp:term":[{"taxonomy":"product_cat","embeddable":true,"href":"https:\/\/end.pt\/pt\/wp-json\/wp\/v2\/product_cat?post=2571"},{"taxonomy":"product_tag","embeddable":true,"href":"https:\/\/end.pt\/pt\/wp-json\/wp\/v2\/product_tag?post=2571"}],"curies":[{"name":"wp","href":"https:\/\/api.w.org\/{rel}","templated":true}]}}