{"id":2573,"date":"2018-10-07T18:02:44","date_gmt":"2018-10-07T18:02:44","guid":{"rendered":"https:\/\/end.pt\/pt\/?post_type=product&#038;p=2573"},"modified":"2021-05-02T20:57:50","modified_gmt":"2021-05-02T20:57:50","slug":"sistema-digital-portatil-hpx-pro","status":"publish","type":"product","link":"https:\/\/end.pt\/pt\/product\/sistema-digital-portatil-hpx-pro\/","title":{"rendered":"Sistema Digital Port\u00e1til HPX-PRO"},"content":{"rendered":"<p>O sistema CR HPX-PRO foi desenvolvido para fornecer uma alta qualidade de imagem, uma melhor productividade, e uma portabilidade extrema, nos ambientes NDT mais dif\u00edceis. Este sistema de \u00faltima gera\u00e7\u00e3o \u00e9 uma solu\u00e7\u00e3o digital CR port\u00e1til muito leve (cerca de 16kg), f\u00e1cil e r\u00e1pida de instalar (menos de 5 minutos) e que rapidamente produz imagens de alta-qualidade utilizando o novo protocolo \u201cpass scan\/erase\u201d, para c\u00e9lere an\u00e1lise e relat\u00f3rio final.<\/p>\n<p>O sistema HPX-PRO \u00e9 uma solu\u00e7\u00e3o completa, utilizando o software Carestream INDUSTREX para efectuar o scan, visualiza\u00e7\u00e3o e armazenamento de todos os seus dados digitais, e possui as seguintes especifica\u00e7\u00f5es t\u00e9cnicas:<\/p>\n<ul>\n<li>Mecanismo de entrada\/alimenta\u00e7\u00e3o<br \/>\nPar de rolamentos horizontais internos<\/li>\n<li>Rede<br \/>\nDICOM e DICONDE<\/li>\n<li>\u00d3pticas de digitaliza\u00e7\u00e3o<br \/>\nLocalizadas acima da \u00e1rea de imagem eliminado part\u00edculas criadas por gravidade<\/li>\n<li>Alimenta\u00e7\u00e3o da placa de imagem<br \/>\nLado de f\u00f3sforo para cima para prevenir danos<\/li>\n<li>Conectividade<br \/>\nEthernet<\/li>\n<li>Fluxo de ar<br \/>\nFiltrado para impedir entrada de sujidades e poeiras<\/li>\n<li>Elimina\u00e7\u00e3o<br \/>\nL\u00e2mpadas de elimina\u00e7\u00e3o LED para baixo consumo e alta efici\u00eancia<\/li>\n<li>Manuten\u00e7\u00e3o<br \/>\nPe\u00e7as sobressalentes utilizadas pelo operador<\/li>\n<li> Calibra\u00e7\u00e3o<br \/>\nCalibra\u00e7\u00e3o de origem de f\u00e1brica e pronta a operar<\/li>\n<li>Resolu\u00e7\u00e3o do scan<br \/>\n25 micron, 50 micron &amp; 100 micron<\/li>\n<li>Tamanho das placas<br \/>\nM\u00e1ximo 15,24 cm de largura x m\u00e1ximo 243 cm comprimento<\/li>\n<li>Software<br \/>\nINDUSTREX (instalado e testado previamente ao envio) Windows 7 Ultimate 64 bit<\/li>\n<li>Filtro de imagem<br \/>\nFiltro de imagem EDGE. 10 filtros predefinidos incluindo (2) especialmente para trabalhos com raios-gama.<br \/>\nOs filtros melhoram a visualiza\u00e7\u00e3o e a imagem original \u00e9 sempre mantida em ficheiro.<\/li>\n<li>Monitor<br \/>\nPort\u00e1til, 3MP (cores) ou 5MP (monocrom\u00e1tico)<\/li>\n<li>Chassis<br \/>\nConstru\u00e7\u00e3o de alum\u00ednio r\u00edgida com p\u00e9s anti-vibra\u00e7\u00e3o<\/li>\n<li>Alimenta\u00e7\u00e3o<br \/>\n100-240 VAC<\/li>\n<li>Bateria<br \/>\n24V bateria standard<\/li>\n<li>Tempo de vida da bateria<br \/>\n4 horas em standby \/ 45min de digitaliza\u00e7\u00e3o activa e elimina\u00e7\u00e3o por bateria<\/li>\n<li>Garantia<br \/>\n1 ano pe\u00e7as e trabalho<\/li>\n<li>Instala\u00e7\u00e3o<br \/>\nEnviada completa e pode ser r\u00e1pida e facilmente instalada em menos de 5 minutos on-site<\/li>\n<li>Dimens\u00f5es<br \/>\n41cm x 33cm x 31cm<\/li>\n<li>Peso<br \/>\n16 kg<\/li>\n<\/ul>\n","protected":false},"excerpt":{"rendered":"<p>O sistema CR HPX-PRO foi desenvolvido para fornecer uma alta qualidade de imagem, uma melhor productividade, e uma portabilidade extrema, nos ambientes NDT mais dif\u00edceis. Este sistema de \u00faltima gera\u00e7\u00e3o \u00e9 uma solu\u00e7\u00e3o digital CR port\u00e1til muito leve (cerca de 16kg), f\u00e1cil e r\u00e1pida de instalar (menos de 5 minutos) e que rapidamente produz imagens [&hellip;]<\/p>\n","protected":false},"featured_media":2574,"template":"","meta":{"_mi_skip_tracking":false},"product_cat":[129],"product_tag":[],"class_list":["post-2573","product","type-product","status-publish","has-post-thumbnail","hentry","product_cat-sistema-digital-portatil-hpx-pro"],"_links":{"self":[{"href":"https:\/\/end.pt\/pt\/wp-json\/wp\/v3\/product\/2573","targetHints":{"allow":["GET"]}}],"collection":[{"href":"https:\/\/end.pt\/pt\/wp-json\/wp\/v3\/product"}],"about":[{"href":"https:\/\/end.pt\/pt\/wp-json\/wp\/v2\/types\/product"}],"version-history":[{"count":2,"href":"https:\/\/end.pt\/pt\/wp-json\/wp\/v3\/product\/2573\/revisions"}],"predecessor-version":[{"id":5155,"href":"https:\/\/end.pt\/pt\/wp-json\/wp\/v3\/product\/2573\/revisions\/5155"}],"wp:featuredmedia":[{"embeddable":true,"href":"https:\/\/end.pt\/pt\/wp-json\/wp\/v2\/media\/2574"}],"wp:attachment":[{"href":"https:\/\/end.pt\/pt\/wp-json\/wp\/v2\/media?parent=2573"}],"wp:term":[{"taxonomy":"product_cat","embeddable":true,"href":"https:\/\/end.pt\/pt\/wp-json\/wp\/v2\/product_cat?post=2573"},{"taxonomy":"product_tag","embeddable":true,"href":"https:\/\/end.pt\/pt\/wp-json\/wp\/v2\/product_tag?post=2573"}],"curies":[{"name":"wp","href":"https:\/\/api.w.org\/{rel}","templated":true}]}}