{"id":2576,"date":"2018-10-07T18:12:33","date_gmt":"2018-10-07T18:12:33","guid":{"rendered":"https:\/\/end.pt\/pt\/?post_type=product&#038;p=2576"},"modified":"2021-05-02T20:57:22","modified_gmt":"2021-05-02T20:57:22","slug":"digitalizador-de-filmes-radiograficos-industriais-vidar-ndt-pro","status":"publish","type":"product","link":"https:\/\/end.pt\/pt\/product\/digitalizador-de-filmes-radiograficos-industriais-vidar-ndt-pro\/","title":{"rendered":"Digitalizador de filmes radiogr\u00e1ficos industriais VIDAR NDT PRO"},"content":{"rendered":"<p>Solu\u00e7\u00e3o NDT completa, digitalizador + alimentador multi-strip + Software de an\u00e1lise.<\/p>\n<p>Digitalizador desenhado especificamente para digitalizar filmes radiogr\u00e1ficos industriais; uma solu\u00e7\u00e3o econ\u00f3mica, leve, e de alta tecnologia, para ir de encontro \u00e0s necessidades de inspec\u00e7\u00e3o em ensaios n\u00e3o destrutivos, aumentando a productividade e efici\u00eancia.<\/p>\n<p>Possui um alimentador multi-strip, com possibilidade de digitalizar at\u00e9 5 filmes simultaneamente, aumentando a productividade e reduzido o tempo de transi\u00e7\u00e3o, al\u00e9m de ser customiz\u00e1vel (n\u00famero e tamanho dos espa\u00e7os do alimentador dispon\u00edvel a pedido).<\/p>\n<p>O software AcuScreenNDT Gateway, foi desenvolvido especialmente para aplica\u00e7\u00f5es NDT, e garante uma interac\u00e7\u00e3o sem problemas entre o digitalizador e o alimentador, fornecendo uma interface para o utilizador analisar as imagens digitalizadas, com uma pan\u00f3plia de fun\u00e7\u00f5es para todas as opera\u00e7\u00f5es essenciais de estudo dos filmes, em conformidade com as normas DICONDE.<\/p>\n<ul>\n<li><strong>Gama de Densidade \u00d3ptica<\/strong><\/li>\n<\/ul>\n<p>.5 a 4.0, baseada na ISO 14096<\/p>\n<ul>\n<li><strong>Profundidade de Bit<\/strong><\/li>\n<\/ul>\n<p>8, 12 e 16 bit grayscale output<\/p>\n<ul>\n<li><strong>MTBF<\/strong><\/li>\n<\/ul>\n<p>&gt; 50.000 horas<\/p>\n<ul>\n<li><strong>Tamanho de filmes<\/strong><\/li>\n<\/ul>\n<p>Largura: ~6 cm a 35.56 cm \u2013 Comprimento: 20.32 cm a 129.54 cm<\/p>\n<ul>\n<li><strong>Alimentador de filmes autom\u00e1tico<\/strong><\/li>\n<\/ul>\n<p>Capacidade padr\u00e3o de 25 filmes<\/p>\n<ul>\n<li><strong>Tabelas de tradu\u00e7\u00e3o<\/strong><\/li>\n<\/ul>\n<p>OD Linear<\/p>\n<ul>\n<li><strong>Precis\u00e3o Geom\u00e9trica<\/strong><\/li>\n<\/ul>\n<p>Melhor que 1% ou 2 pixeis, o que for maior, em ambos os eixos<\/p>\n<ul>\n<li><strong>R\u00e1cio de Digitaliza\u00e7\u00e3o<\/strong><\/li>\n<\/ul>\n<p>92 linhas \/ segundo<\/p>\n<ul>\n<li><strong>Interface Hardware<\/strong><\/li>\n<\/ul>\n<p>USB 2.0<\/p>\n<ul>\n<li><strong>Software<\/strong><\/li>\n<\/ul>\n<p>M\u00f3dulos de digitaliza\u00e7\u00e3o Windows e ferramentas de desenvolvimento software disponiveis<\/p>\n<ul>\n<li><strong>Requisitos El\u00e9ctricos<\/strong><\/li>\n<\/ul>\n<p>85~265 VAC ; 47~63 Hz ; &lt;100 Watts<\/p>\n<ul>\n<li><strong>Ambiente de Opera\u00e7\u00e3o<\/strong><\/li>\n<\/ul>\n<p>10\u00baC a 35\u00baC ; 20% a 85% humidade relativa, sem condensa\u00e7\u00e3o<\/p>\n<ul>\n<li><strong>Ambiente de Armazenamento<\/strong><\/li>\n<\/ul>\n<p>-18\u00baC a 60\u00baC ; 20% a 85% humidade relativa, sem condensa\u00e7\u00e3o<\/p>\n<ul>\n<li><strong>Fonte Luminosa<\/strong><\/li>\n<\/ul>\n<p>LED<\/p>\n<ul>\n<li><strong>Detector<\/strong><\/li>\n<\/ul>\n<p>CCD de alta defini\u00e7\u00e3o de \u00faltima gera\u00e7\u00e3o<\/p>\n<ul>\n<li><strong>Dimens\u00f5es<\/strong><\/li>\n<\/ul>\n<p>Com Alimentador &amp; Tabuleiro de sa\u00edda: 48 cm x 58 cm x 83 cm<\/p>\n<p>Sem Alimentador &amp; Tabuleiro de sa\u00edda: 48 cm x 38 cm x 32 cm<\/p>\n<p>Embalagem de Transporte: 61 cm x 74 cm x 61 cm<\/p>\n<ul>\n<li><strong>Peso<\/strong><\/li>\n<\/ul>\n<p>21 kg ; Peso de embalagem de transporte: 27 kg<\/p>\n","protected":false},"excerpt":{"rendered":"<p>Solu\u00e7\u00e3o NDT completa, digitalizador + alimentador multi-strip + Software de an\u00e1lise. Digitalizador desenhado especificamente para digitalizar filmes radiogr\u00e1ficos industriais; uma solu\u00e7\u00e3o econ\u00f3mica, leve, e de alta tecnologia, para ir de encontro \u00e0s necessidades de inspec\u00e7\u00e3o em ensaios n\u00e3o destrutivos, aumentando a productividade e efici\u00eancia. Possui um alimentador multi-strip, com possibilidade de digitalizar at\u00e9 5 filmes [&hellip;]<\/p>\n","protected":false},"featured_media":2577,"template":"","meta":{"_mi_skip_tracking":false},"product_cat":[156,116,37],"product_tag":[],"class_list":["post-2576","product","type-product","status-publish","has-post-thumbnail","hentry","product_cat-digitalizador-vidar-ndt-pro","product_cat-radiografia-digital","product_cat-radiografia-industrial"],"_links":{"self":[{"href":"https:\/\/end.pt\/pt\/wp-json\/wp\/v3\/product\/2576","targetHints":{"allow":["GET"]}}],"collection":[{"href":"https:\/\/end.pt\/pt\/wp-json\/wp\/v3\/product"}],"about":[{"href":"https:\/\/end.pt\/pt\/wp-json\/wp\/v2\/types\/product"}],"version-history":[{"count":4,"href":"https:\/\/end.pt\/pt\/wp-json\/wp\/v3\/product\/2576\/revisions"}],"predecessor-version":[{"id":5154,"href":"https:\/\/end.pt\/pt\/wp-json\/wp\/v3\/product\/2576\/revisions\/5154"}],"wp:featuredmedia":[{"embeddable":true,"href":"https:\/\/end.pt\/pt\/wp-json\/wp\/v2\/media\/2577"}],"wp:attachment":[{"href":"https:\/\/end.pt\/pt\/wp-json\/wp\/v2\/media?parent=2576"}],"wp:term":[{"taxonomy":"product_cat","embeddable":true,"href":"https:\/\/end.pt\/pt\/wp-json\/wp\/v2\/product_cat?post=2576"},{"taxonomy":"product_tag","embeddable":true,"href":"https:\/\/end.pt\/pt\/wp-json\/wp\/v2\/product_tag?post=2576"}],"curies":[{"name":"wp","href":"https:\/\/api.w.org\/{rel}","templated":true}]}}