{"id":2579,"date":"2018-10-07T18:20:24","date_gmt":"2018-10-07T18:20:24","guid":{"rendered":"https:\/\/end.pt\/pt\/?post_type=product&#038;p=2579"},"modified":"2021-05-02T20:44:10","modified_gmt":"2021-05-02T20:44:10","slug":"simbolos-em-oxido-de-chumbo-sobre-acrilico","status":"publish","type":"product","link":"https:\/\/end.pt\/pt\/product\/simbolos-em-oxido-de-chumbo-sobre-acrilico\/","title":{"rendered":"S\u00edmbolos em \u00f3xido de Chumbo sobre acr\u00edlico"},"content":{"rendered":"<p>Abeced\u00e1rios completos (jogos de 26 letras de \u201cA\u201d a \u201cZ\u201d), ou letras em separado.<br \/>\nNumer\u00e1rios completos (jogos de 10 letras de \u201c0\u201d a \u201c9\u201d), ou n\u00fameros em separado.<br \/>\nS\u00edmbolos (jogos de 5 sinais ortogr\u00e1ficos \u201c-  \/ + < >\u201d), ou s\u00edmbolos em separado.<br \/>\nAlturas de 4, 7, e 10mm, ou outras medidas feitas a pedido.<\/p>\n","protected":false},"excerpt":{"rendered":"<p>Abeced\u00e1rios completos (jogos de 26 letras de \u201cA\u201d a \u201cZ\u201d), ou letras em separado. Numer\u00e1rios completos (jogos de 10 letras de \u201c0\u201d a \u201c9\u201d), ou n\u00fameros em separado. S\u00edmbolos (jogos de 5 sinais ortogr\u00e1ficos \u201c- \/ + < >\u201d), ou s\u00edmbolos em separado. Alturas de 4, 7, e 10mm, ou outras medidas feitas a pedido.<\/p>\n","protected":false},"featured_media":2580,"template":"","meta":{"_mi_skip_tracking":false},"product_cat":[157,159,37],"product_tag":[],"class_list":["post-2579","product","type-product","status-publish","has-post-thumbnail","hentry","product_cat-acessorios-radiografia-industrial","product_cat-marcacao-e-fixacao-de-peliculas-simbolos","product_cat-radiografia-industrial"],"_links":{"self":[{"href":"https:\/\/end.pt\/pt\/wp-json\/wp\/v3\/product\/2579","targetHints":{"allow":["GET"]}}],"collection":[{"href":"https:\/\/end.pt\/pt\/wp-json\/wp\/v3\/product"}],"about":[{"href":"https:\/\/end.pt\/pt\/wp-json\/wp\/v2\/types\/product"}],"version-history":[{"count":3,"href":"https:\/\/end.pt\/pt\/wp-json\/wp\/v3\/product\/2579\/revisions"}],"predecessor-version":[{"id":5153,"href":"https:\/\/end.pt\/pt\/wp-json\/wp\/v3\/product\/2579\/revisions\/5153"}],"wp:featuredmedia":[{"embeddable":true,"href":"https:\/\/end.pt\/pt\/wp-json\/wp\/v2\/media\/2580"}],"wp:attachment":[{"href":"https:\/\/end.pt\/pt\/wp-json\/wp\/v2\/media?parent=2579"}],"wp:term":[{"taxonomy":"product_cat","embeddable":true,"href":"https:\/\/end.pt\/pt\/wp-json\/wp\/v2\/product_cat?post=2579"},{"taxonomy":"product_tag","embeddable":true,"href":"https:\/\/end.pt\/pt\/wp-json\/wp\/v2\/product_tag?post=2579"}],"curies":[{"name":"wp","href":"https:\/\/api.w.org\/{rel}","templated":true}]}}