{"id":2584,"date":"2018-10-07T18:31:26","date_gmt":"2018-10-07T18:31:26","guid":{"rendered":"https:\/\/end.pt\/pt\/?post_type=product&#038;p=2584"},"modified":"2021-05-02T20:43:40","modified_gmt":"2021-05-02T20:43:40","slug":"reguas-de-fixacao-magnetica","status":"publish","type":"product","link":"https:\/\/end.pt\/pt\/product\/reguas-de-fixacao-magnetica\/","title":{"rendered":"R\u00e9guas de Fixa\u00e7\u00e3o Magn\u00e9tica"},"content":{"rendered":"<p>Reglete de fixa\u00e7\u00e3o magn\u00e9tica c\/ 4 \u00edmanes.<br \/>\nReglete de fixa\u00e7\u00e3o magn\u00e9tica c\/ 2 \u00edmanes.<br \/>\nR\u00e9gua de fixa\u00e7\u00e3o magn\u00e9tica extra Flex 40 cm.<br \/>\nR\u00e9gua de fixa\u00e7\u00e3o magn\u00e9tica extra Flex 20 cm.<br \/>\n\u00cdmans redondos c\/ suportes em a\u00e7o.<\/p>\n","protected":false},"excerpt":{"rendered":"<p>Reglete de fixa\u00e7\u00e3o magn\u00e9tica c\/ 4 \u00edmanes. Reglete de fixa\u00e7\u00e3o magn\u00e9tica c\/ 2 \u00edmanes. R\u00e9gua de fixa\u00e7\u00e3o magn\u00e9tica extra Flex 40 cm. R\u00e9gua de fixa\u00e7\u00e3o magn\u00e9tica extra Flex 20 cm. \u00cdmans redondos c\/ suportes em a\u00e7o.<\/p>\n","protected":false},"featured_media":0,"template":"","meta":{"_mi_skip_tracking":false},"product_cat":[157,159,37,125],"product_tag":[],"class_list":["post-2584","product","type-product","status-publish","hentry","product_cat-acessorios-radiografia-industrial","product_cat-marcacao-e-fixacao-de-peliculas-simbolos","product_cat-radiografia-industrial","product_cat-sem-categoria"],"_links":{"self":[{"href":"https:\/\/end.pt\/pt\/wp-json\/wp\/v3\/product\/2584","targetHints":{"allow":["GET"]}}],"collection":[{"href":"https:\/\/end.pt\/pt\/wp-json\/wp\/v3\/product"}],"about":[{"href":"https:\/\/end.pt\/pt\/wp-json\/wp\/v2\/types\/product"}],"version-history":[{"count":3,"href":"https:\/\/end.pt\/pt\/wp-json\/wp\/v3\/product\/2584\/revisions"}],"predecessor-version":[{"id":5151,"href":"https:\/\/end.pt\/pt\/wp-json\/wp\/v3\/product\/2584\/revisions\/5151"}],"wp:attachment":[{"href":"https:\/\/end.pt\/pt\/wp-json\/wp\/v2\/media?parent=2584"}],"wp:term":[{"taxonomy":"product_cat","embeddable":true,"href":"https:\/\/end.pt\/pt\/wp-json\/wp\/v2\/product_cat?post=2584"},{"taxonomy":"product_tag","embeddable":true,"href":"https:\/\/end.pt\/pt\/wp-json\/wp\/v2\/product_tag?post=2584"}],"curies":[{"name":"wp","href":"https:\/\/api.w.org\/{rel}","templated":true}]}}