{"id":2587,"date":"2018-10-07T18:35:55","date_gmt":"2018-10-07T18:35:55","guid":{"rendered":"https:\/\/end.pt\/pt\/?post_type=product&#038;p=2587"},"modified":"2021-05-02T20:43:10","modified_gmt":"2021-05-02T20:43:10","slug":"reguas-de-calculo-tempo-de-exposicao","status":"publish","type":"product","link":"https:\/\/end.pt\/pt\/product\/reguas-de-calculo-tempo-de-exposicao\/","title":{"rendered":"R\u00e9guas de C\u00e1lculo \/ Tempo de Exposi\u00e7\u00e3o"},"content":{"rendered":"<p>R\u00e9gua de C\u00e1lculo de Ir\u00eddio 192.<br \/>\nR\u00e9gua de C\u00e1lculo de Ir\u00eddio 192, Cobalto 60 e C\u00e9sio 137.<br \/>\nR\u00e9gua de C\u00e1lculo de Sel\u00e9nio 75 + Ir\u00eddio 192.<\/p>\n","protected":false},"excerpt":{"rendered":"<p>R\u00e9gua de C\u00e1lculo de Ir\u00eddio 192. R\u00e9gua de C\u00e1lculo de Ir\u00eddio 192, Cobalto 60 e C\u00e9sio 137. R\u00e9gua de C\u00e1lculo de Sel\u00e9nio 75 + Ir\u00eddio 192.<\/p>\n","protected":false},"featured_media":2588,"template":"","meta":{"_mi_skip_tracking":false},"product_cat":[157,159,37],"product_tag":[],"class_list":["post-2587","product","type-product","status-publish","has-post-thumbnail","hentry","product_cat-acessorios-radiografia-industrial","product_cat-marcacao-e-fixacao-de-peliculas-simbolos","product_cat-radiografia-industrial"],"_links":{"self":[{"href":"https:\/\/end.pt\/pt\/wp-json\/wp\/v3\/product\/2587","targetHints":{"allow":["GET"]}}],"collection":[{"href":"https:\/\/end.pt\/pt\/wp-json\/wp\/v3\/product"}],"about":[{"href":"https:\/\/end.pt\/pt\/wp-json\/wp\/v2\/types\/product"}],"version-history":[{"count":2,"href":"https:\/\/end.pt\/pt\/wp-json\/wp\/v3\/product\/2587\/revisions"}],"predecessor-version":[{"id":5149,"href":"https:\/\/end.pt\/pt\/wp-json\/wp\/v3\/product\/2587\/revisions\/5149"}],"wp:featuredmedia":[{"embeddable":true,"href":"https:\/\/end.pt\/pt\/wp-json\/wp\/v2\/media\/2588"}],"wp:attachment":[{"href":"https:\/\/end.pt\/pt\/wp-json\/wp\/v2\/media?parent=2587"}],"wp:term":[{"taxonomy":"product_cat","embeddable":true,"href":"https:\/\/end.pt\/pt\/wp-json\/wp\/v2\/product_cat?post=2587"},{"taxonomy":"product_tag","embeddable":true,"href":"https:\/\/end.pt\/pt\/wp-json\/wp\/v2\/product_tag?post=2587"}],"curies":[{"name":"wp","href":"https:\/\/api.w.org\/{rel}","templated":true}]}}