{"id":2594,"date":"2018-10-07T21:08:29","date_gmt":"2018-10-07T21:08:29","guid":{"rendered":"https:\/\/end.pt\/pt\/?post_type=product&#038;p=2594"},"modified":"2021-05-02T20:42:19","modified_gmt":"2021-05-02T20:42:19","slug":"modelo-end-250","status":"publish","type":"product","link":"https:\/\/end.pt\/pt\/product\/modelo-end-250\/","title":{"rendered":"Modelo END 250"},"content":{"rendered":"<p>Tina de Revela\u00e7\u00e3o compacta em PVC 20-40 (END 250A) ou PVC 10-40 (END 250B), com 5 e 6 mm de espessura. \u00c9 constitu\u00edda por 4 compartimentos:<\/p>\n<ul>\n<li><strong>Compartimento do revelador<\/strong>, com capacidade de 20 litros, tampo e flutuador ;<\/li>\n<li><strong>Compartimento de lavagem<\/strong>, com capacidade de cerca de 30 litros ;<\/li>\n<li><strong>Compartimento de fixa\u00e7\u00e3o<\/strong>, com tina de tratamento e capacidade de 40 litros, tampa e flutuador ; <strong>Compartimento de lavagem<\/strong>, com capacidade para cerca de 110 litros de \u00e1gua e suportes para grades de filmes at\u00e9 35&#215;43 cm.<\/li>\n<\/ul>\n","protected":false},"excerpt":{"rendered":"<p>Tina de Revela\u00e7\u00e3o compacta em PVC 20-40 (END 250A) ou PVC 10-40 (END 250B), com 5 e 6 mm de espessura. \u00c9 constitu\u00edda por 4 compartimentos: Compartimento do revelador, com capacidade de 20 litros, tampo e flutuador ; Compartimento de lavagem, com capacidade de cerca de 30 litros ; Compartimento de fixa\u00e7\u00e3o, com tina de [&hellip;]<\/p>\n","protected":false},"featured_media":2595,"template":"","meta":{"_mi_skip_tracking":false},"product_cat":[157,158,37],"product_tag":[],"class_list":["post-2594","product","type-product","status-publish","has-post-thumbnail","hentry","product_cat-acessorios-radiografia-industrial","product_cat-peliculas-quimicos-e-equipamentos-de-revelacao","product_cat-radiografia-industrial"],"_links":{"self":[{"href":"https:\/\/end.pt\/pt\/wp-json\/wp\/v3\/product\/2594","targetHints":{"allow":["GET"]}}],"collection":[{"href":"https:\/\/end.pt\/pt\/wp-json\/wp\/v3\/product"}],"about":[{"href":"https:\/\/end.pt\/pt\/wp-json\/wp\/v2\/types\/product"}],"version-history":[{"count":2,"href":"https:\/\/end.pt\/pt\/wp-json\/wp\/v3\/product\/2594\/revisions"}],"predecessor-version":[{"id":5146,"href":"https:\/\/end.pt\/pt\/wp-json\/wp\/v3\/product\/2594\/revisions\/5146"}],"wp:featuredmedia":[{"embeddable":true,"href":"https:\/\/end.pt\/pt\/wp-json\/wp\/v2\/media\/2595"}],"wp:attachment":[{"href":"https:\/\/end.pt\/pt\/wp-json\/wp\/v2\/media?parent=2594"}],"wp:term":[{"taxonomy":"product_cat","embeddable":true,"href":"https:\/\/end.pt\/pt\/wp-json\/wp\/v2\/product_cat?post=2594"},{"taxonomy":"product_tag","embeddable":true,"href":"https:\/\/end.pt\/pt\/wp-json\/wp\/v2\/product_tag?post=2594"}],"curies":[{"name":"wp","href":"https:\/\/api.w.org\/{rel}","templated":true}]}}