{"id":2596,"date":"2018-10-07T21:12:56","date_gmt":"2018-10-07T21:12:56","guid":{"rendered":"https:\/\/end.pt\/pt\/?post_type=product&#038;p=2596"},"modified":"2021-05-02T20:42:00","modified_gmt":"2021-05-02T20:42:00","slug":"modelo-end-255","status":"publish","type":"product","link":"https:\/\/end.pt\/pt\/product\/modelo-end-255\/","title":{"rendered":"Modelo END 255A"},"content":{"rendered":"<p>A tina ref.\u00aa END 255\u00aa, de dimens\u00f5es reduzidas, foi criada para trabalhos pequenos em campo, podendo ser transportada em viaturas.<br \/>\n\u00c9 fabricada em chapa PVC cinzento de 5mm de espessura, aceita grades para filmes at\u00e9 30&#215;40 cm, e possui 3 compartimentos: Compartimento para revela\u00e7\u00e3o, com 20 litros de capacidade ; Compartimento para fixa\u00e7\u00e3o, com 20 litros de capacidade ; Compartimento de lavagem central, com 20 litros de capacidade.<br \/>\nO tanque do revelador tem uma resist\u00eancia de 300W que se destina a aquecer esse l\u00edquido at\u00e9 30\u00baC. Para tal, al\u00e9m<br \/>\nda resist\u00eancia, tem um termostato (bot\u00e3o preto), um term\u00f3metro anal\u00f3gico em inox, e uma p\u00e1 para misturas.<\/p>\n","protected":false},"excerpt":{"rendered":"<p>A tina ref.\u00aa END 255\u00aa, de dimens\u00f5es reduzidas, foi criada para trabalhos pequenos em campo, podendo ser transportada em viaturas. \u00c9 fabricada em chapa PVC cinzento de 5mm de espessura, aceita grades para filmes at\u00e9 30&#215;40 cm, e possui 3 compartimentos: Compartimento para revela\u00e7\u00e3o, com 20 litros de capacidade ; Compartimento para fixa\u00e7\u00e3o, com 20 [&hellip;]<\/p>\n","protected":false},"featured_media":4453,"template":"","meta":{"_mi_skip_tracking":false},"product_cat":[157,158,37],"product_tag":[],"class_list":["post-2596","product","type-product","status-publish","has-post-thumbnail","hentry","product_cat-acessorios-radiografia-industrial","product_cat-peliculas-quimicos-e-equipamentos-de-revelacao","product_cat-radiografia-industrial"],"_links":{"self":[{"href":"https:\/\/end.pt\/pt\/wp-json\/wp\/v3\/product\/2596","targetHints":{"allow":["GET"]}}],"collection":[{"href":"https:\/\/end.pt\/pt\/wp-json\/wp\/v3\/product"}],"about":[{"href":"https:\/\/end.pt\/pt\/wp-json\/wp\/v2\/types\/product"}],"version-history":[{"count":4,"href":"https:\/\/end.pt\/pt\/wp-json\/wp\/v3\/product\/2596\/revisions"}],"predecessor-version":[{"id":5145,"href":"https:\/\/end.pt\/pt\/wp-json\/wp\/v3\/product\/2596\/revisions\/5145"}],"wp:featuredmedia":[{"embeddable":true,"href":"https:\/\/end.pt\/pt\/wp-json\/wp\/v2\/media\/4453"}],"wp:attachment":[{"href":"https:\/\/end.pt\/pt\/wp-json\/wp\/v2\/media?parent=2596"}],"wp:term":[{"taxonomy":"product_cat","embeddable":true,"href":"https:\/\/end.pt\/pt\/wp-json\/wp\/v2\/product_cat?post=2596"},{"taxonomy":"product_tag","embeddable":true,"href":"https:\/\/end.pt\/pt\/wp-json\/wp\/v2\/product_tag?post=2596"}],"curies":[{"name":"wp","href":"https:\/\/api.w.org\/{rel}","templated":true}]}}