{"id":2611,"date":"2018-10-07T21:48:21","date_gmt":"2018-10-07T21:48:21","guid":{"rendered":"https:\/\/end.pt\/pt\/?post_type=product&#038;p=2611"},"modified":"2021-05-02T20:35:49","modified_gmt":"2021-05-02T20:35:49","slug":"iluminacao-de-laboratorio","status":"publish","type":"product","link":"https:\/\/end.pt\/pt\/product\/iluminacao-de-laboratorio\/","title":{"rendered":"Ilumina\u00e7\u00e3o de laborat\u00f3rio"},"content":{"rendered":"<p>Lanterna PS411, com ecr\u00e3 Wratten, 20 x 25 cm, orientavel sem ecr\u00e3.<br \/>\nEcr\u00e3 ilumina\u00e7\u00e3o indirecta 6 BR.<br \/>\nEcr\u00e3 + lanterna p\/ c\u00e2mara escura.<\/p>\n","protected":false},"excerpt":{"rendered":"<p>Lanterna PS411, com ecr\u00e3 Wratten, 20 x 25 cm, orientavel sem ecr\u00e3. Ecr\u00e3 ilumina\u00e7\u00e3o indirecta 6 BR. Ecr\u00e3 + lanterna p\/ c\u00e2mara escura.<\/p>\n","protected":false},"featured_media":2612,"template":"","meta":{"_mi_skip_tracking":false},"product_cat":[157,158,37,117],"product_tag":[],"class_list":["post-2611","product","type-product","status-publish","has-post-thumbnail","hentry","product_cat-acessorios-radiografia-industrial","product_cat-peliculas-quimicos-e-equipamentos-de-revelacao","product_cat-radiografia-industrial","product_cat-tinas-de-revelacao"],"_links":{"self":[{"href":"https:\/\/end.pt\/pt\/wp-json\/wp\/v3\/product\/2611","targetHints":{"allow":["GET"]}}],"collection":[{"href":"https:\/\/end.pt\/pt\/wp-json\/wp\/v3\/product"}],"about":[{"href":"https:\/\/end.pt\/pt\/wp-json\/wp\/v2\/types\/product"}],"version-history":[{"count":3,"href":"https:\/\/end.pt\/pt\/wp-json\/wp\/v3\/product\/2611\/revisions"}],"predecessor-version":[{"id":5139,"href":"https:\/\/end.pt\/pt\/wp-json\/wp\/v3\/product\/2611\/revisions\/5139"}],"wp:featuredmedia":[{"embeddable":true,"href":"https:\/\/end.pt\/pt\/wp-json\/wp\/v2\/media\/2612"}],"wp:attachment":[{"href":"https:\/\/end.pt\/pt\/wp-json\/wp\/v2\/media?parent=2611"}],"wp:term":[{"taxonomy":"product_cat","embeddable":true,"href":"https:\/\/end.pt\/pt\/wp-json\/wp\/v2\/product_cat?post=2611"},{"taxonomy":"product_tag","embeddable":true,"href":"https:\/\/end.pt\/pt\/wp-json\/wp\/v2\/product_tag?post=2611"}],"curies":[{"name":"wp","href":"https:\/\/api.w.org\/{rel}","templated":true}]}}