{"id":2613,"date":"2018-10-07T21:56:23","date_gmt":"2018-10-07T21:56:23","guid":{"rendered":"https:\/\/end.pt\/pt\/?post_type=product&#038;p=2613"},"modified":"2021-05-02T20:34:52","modified_gmt":"2021-05-02T20:34:52","slug":"estufa-tipo-armario-para-grades","status":"publish","type":"product","link":"https:\/\/end.pt\/pt\/product\/estufa-tipo-armario-para-grades\/","title":{"rendered":"Estufa tipo arm\u00e1rio para grades"},"content":{"rendered":"<p>Fabricada em a\u00e7o pintado, tem uma pot\u00eancia de 1000W, alimenta\u00e7\u00e3o 220V \u2013 50Hz, e est\u00e1 equipada com term\u00f3stato e regulador de temperatura.<br \/>\nPode secar todas as medidas de filmes, e tem dimens\u00f5es exteriores de 500x400x1500, e interiores 450x300x1300.<\/p>\n","protected":false},"excerpt":{"rendered":"<p>Fabricada em a\u00e7o pintado, tem uma pot\u00eancia de 1000W, alimenta\u00e7\u00e3o 220V \u2013 50Hz, e est\u00e1 equipada com term\u00f3stato e regulador de temperatura. Pode secar todas as medidas de filmes, e tem dimens\u00f5es exteriores de 500x400x1500, e interiores 450x300x1300.<\/p>\n","protected":false},"featured_media":2614,"template":"","meta":{"_mi_skip_tracking":false},"product_cat":[157,158,37],"product_tag":[],"class_list":["post-2613","product","type-product","status-publish","has-post-thumbnail","hentry","product_cat-acessorios-radiografia-industrial","product_cat-peliculas-quimicos-e-equipamentos-de-revelacao","product_cat-radiografia-industrial"],"_links":{"self":[{"href":"https:\/\/end.pt\/pt\/wp-json\/wp\/v3\/product\/2613","targetHints":{"allow":["GET"]}}],"collection":[{"href":"https:\/\/end.pt\/pt\/wp-json\/wp\/v3\/product"}],"about":[{"href":"https:\/\/end.pt\/pt\/wp-json\/wp\/v2\/types\/product"}],"version-history":[{"count":2,"href":"https:\/\/end.pt\/pt\/wp-json\/wp\/v3\/product\/2613\/revisions"}],"predecessor-version":[{"id":5137,"href":"https:\/\/end.pt\/pt\/wp-json\/wp\/v3\/product\/2613\/revisions\/5137"}],"wp:featuredmedia":[{"embeddable":true,"href":"https:\/\/end.pt\/pt\/wp-json\/wp\/v2\/media\/2614"}],"wp:attachment":[{"href":"https:\/\/end.pt\/pt\/wp-json\/wp\/v2\/media?parent=2613"}],"wp:term":[{"taxonomy":"product_cat","embeddable":true,"href":"https:\/\/end.pt\/pt\/wp-json\/wp\/v2\/product_cat?post=2613"},{"taxonomy":"product_tag","embeddable":true,"href":"https:\/\/end.pt\/pt\/wp-json\/wp\/v2\/product_tag?post=2613"}],"curies":[{"name":"wp","href":"https:\/\/api.w.org\/{rel}","templated":true}]}}