{"id":2615,"date":"2018-10-07T21:58:46","date_gmt":"2018-10-07T21:58:46","guid":{"rendered":"https:\/\/end.pt\/pt\/?post_type=product&#038;p=2615"},"modified":"2021-05-02T20:34:37","modified_gmt":"2021-05-02T20:34:37","slug":"secadora-automatica-structurix-dryer-dr","status":"publish","type":"product","link":"https:\/\/end.pt\/pt\/product\/secadora-automatica-structurix-dryer-dr\/","title":{"rendered":"Secadora Autom\u00e1tica STRUCTURIX DRYER DR"},"content":{"rendered":"<p>Secadora autom\u00e1tica STRUCTURIX DRYER DR, tipo 9450\/100\/140, com as dimens\u00f5es: comprimento 60 cm (com o tabuleiro de recolha aberto 80cm), largura 63cm, altura 35cm (com garrafa 45,5cm), e peso de 24kg.<br \/>\nA liga\u00e7\u00e3o \u00e9 a 220-240V \u2013 50\/60 Hz (fus\u00edvel 10\u00aa), e alimenta\u00e7\u00e3o m\u00e1x 1600W.<br \/>\nRecomenda-se o n\u00edvel de velocidade 14cm\/min \u2013 N\u00edvel 1 e o n\u00edvel de secagem 61\u00baC \u2013 N\u00edvel 5.<\/p>\n","protected":false},"excerpt":{"rendered":"<p>Secadora autom\u00e1tica STRUCTURIX DRYER DR, tipo 9450\/100\/140, com as dimens\u00f5es: comprimento 60 cm (com o tabuleiro de recolha aberto 80cm), largura 63cm, altura 35cm (com garrafa 45,5cm), e peso de 24kg. A liga\u00e7\u00e3o \u00e9 a 220-240V \u2013 50\/60 Hz (fus\u00edvel 10\u00aa), e alimenta\u00e7\u00e3o m\u00e1x 1600W. Recomenda-se o n\u00edvel de velocidade 14cm\/min \u2013 N\u00edvel 1 e [&hellip;]<\/p>\n","protected":false},"featured_media":2616,"template":"","meta":{"_mi_skip_tracking":false},"product_cat":[157,158,37],"product_tag":[],"class_list":["post-2615","product","type-product","status-publish","has-post-thumbnail","hentry","product_cat-acessorios-radiografia-industrial","product_cat-peliculas-quimicos-e-equipamentos-de-revelacao","product_cat-radiografia-industrial"],"_links":{"self":[{"href":"https:\/\/end.pt\/pt\/wp-json\/wp\/v3\/product\/2615","targetHints":{"allow":["GET"]}}],"collection":[{"href":"https:\/\/end.pt\/pt\/wp-json\/wp\/v3\/product"}],"about":[{"href":"https:\/\/end.pt\/pt\/wp-json\/wp\/v2\/types\/product"}],"version-history":[{"count":2,"href":"https:\/\/end.pt\/pt\/wp-json\/wp\/v3\/product\/2615\/revisions"}],"predecessor-version":[{"id":5136,"href":"https:\/\/end.pt\/pt\/wp-json\/wp\/v3\/product\/2615\/revisions\/5136"}],"wp:featuredmedia":[{"embeddable":true,"href":"https:\/\/end.pt\/pt\/wp-json\/wp\/v2\/media\/2616"}],"wp:attachment":[{"href":"https:\/\/end.pt\/pt\/wp-json\/wp\/v2\/media?parent=2615"}],"wp:term":[{"taxonomy":"product_cat","embeddable":true,"href":"https:\/\/end.pt\/pt\/wp-json\/wp\/v2\/product_cat?post=2615"},{"taxonomy":"product_tag","embeddable":true,"href":"https:\/\/end.pt\/pt\/wp-json\/wp\/v2\/product_tag?post=2615"}],"curies":[{"name":"wp","href":"https:\/\/api.w.org\/{rel}","templated":true}]}}