{"id":2618,"date":"2018-10-07T22:05:42","date_gmt":"2018-10-07T22:05:42","guid":{"rendered":"https:\/\/end.pt\/pt\/?post_type=product&#038;p=2618"},"modified":"2021-05-02T20:34:02","modified_gmt":"2021-05-02T20:34:02","slug":"processadora-automatica-carestream-industrex-m37-plus","status":"publish","type":"product","link":"https:\/\/end.pt\/pt\/product\/processadora-automatica-carestream-industrex-m37-plus\/","title":{"rendered":"Processadora autom\u00e1tica Carestream INDUSTREX M37 Plus"},"content":{"rendered":"<p>Processadora autom\u00e1tica que revela, processa e seca automaticamente os filmes radiogr\u00e1ficos industriais.<\/p>\n<p>Completa com processadora + tanques (revelador e fixador) + mesa de apoio.<\/p>\n<p>A INDUSTREX M37 Plus \u00e9 ideal para o processamento autom\u00e1tico de filmes em instala\u00e7\u00f5es de m\u00e9dio volume. Embora compacta, garante o output que necessita, e uma excelente qualidade de imagem e fiabilidade.<\/p>\n<p>A processadora garante o manuseamento totalmente autom\u00e1tico dos filmes e suporta nove canais de processamento program\u00e1veis que fornecem uma grande flexibilidade nas suas opera\u00e7\u00f5es di\u00e1rias de produ\u00e7\u00e3o de filmes radiogr\u00e1ficos industriais.<\/p>\n","protected":false},"excerpt":{"rendered":"<p>Processadora autom\u00e1tica que revela, processa e seca automaticamente os filmes radiogr\u00e1ficos industriais. Completa com processadora + tanques (revelador e fixador) + mesa de apoio. A INDUSTREX M37 Plus \u00e9 ideal para o processamento autom\u00e1tico de filmes em instala\u00e7\u00f5es de m\u00e9dio volume. Embora compacta, garante o output que necessita, e uma excelente qualidade de imagem e [&hellip;]<\/p>\n","protected":false},"featured_media":2619,"template":"","meta":{"_mi_skip_tracking":false},"product_cat":[157,158,37],"product_tag":[],"class_list":["post-2618","product","type-product","status-publish","has-post-thumbnail","hentry","product_cat-acessorios-radiografia-industrial","product_cat-peliculas-quimicos-e-equipamentos-de-revelacao","product_cat-radiografia-industrial"],"_links":{"self":[{"href":"https:\/\/end.pt\/pt\/wp-json\/wp\/v3\/product\/2618","targetHints":{"allow":["GET"]}}],"collection":[{"href":"https:\/\/end.pt\/pt\/wp-json\/wp\/v3\/product"}],"about":[{"href":"https:\/\/end.pt\/pt\/wp-json\/wp\/v2\/types\/product"}],"version-history":[{"count":4,"href":"https:\/\/end.pt\/pt\/wp-json\/wp\/v3\/product\/2618\/revisions"}],"predecessor-version":[{"id":5134,"href":"https:\/\/end.pt\/pt\/wp-json\/wp\/v3\/product\/2618\/revisions\/5134"}],"wp:featuredmedia":[{"embeddable":true,"href":"https:\/\/end.pt\/pt\/wp-json\/wp\/v2\/media\/2619"}],"wp:attachment":[{"href":"https:\/\/end.pt\/pt\/wp-json\/wp\/v2\/media?parent=2618"}],"wp:term":[{"taxonomy":"product_cat","embeddable":true,"href":"https:\/\/end.pt\/pt\/wp-json\/wp\/v2\/product_cat?post=2618"},{"taxonomy":"product_tag","embeddable":true,"href":"https:\/\/end.pt\/pt\/wp-json\/wp\/v2\/product_tag?post=2618"}],"curies":[{"name":"wp","href":"https:\/\/api.w.org\/{rel}","templated":true}]}}