{"id":2623,"date":"2018-10-07T22:19:08","date_gmt":"2018-10-07T22:19:08","guid":{"rendered":"https:\/\/end.pt\/pt\/?post_type=product&#038;p=2623"},"modified":"2021-05-02T19:36:49","modified_gmt":"2021-05-02T19:36:49","slug":"modelo-end-200","status":"publish","type":"product","link":"https:\/\/end.pt\/pt\/product\/modelo-end-200\/","title":{"rendered":"Modelo END 200"},"content":{"rendered":"<p>Constru\u00eddo em chapa de a\u00e7o pintado, com interruptor de pedal e manual, comut\u00e1vel entre modo interruptor de pedal ou modo de luz cont\u00ednua, com controlo electr\u00f3nico da luminosidade infinitamente vari\u00e1vel e luminosidade de fundo ajust\u00e1vel.<br \/>\n\u00c1rea iluminada de 8&#215;20 cm, alta densidade (at\u00e9 D=5), 3 l\u00e2mpadas de halog\u00e9neo 150W\/24V, para liga\u00e7\u00e3o 220V.<\/p>\n","protected":false},"excerpt":{"rendered":"<p>Constru\u00eddo em chapa de a\u00e7o pintado, com interruptor de pedal e manual, comut\u00e1vel entre modo interruptor de pedal ou modo de luz cont\u00ednua, com controlo electr\u00f3nico da luminosidade infinitamente vari\u00e1vel e luminosidade de fundo ajust\u00e1vel. \u00c1rea iluminada de 8&#215;20 cm, alta densidade (at\u00e9 D=5), 3 l\u00e2mpadas de halog\u00e9neo 150W\/24V, para liga\u00e7\u00e3o 220V.<\/p>\n","protected":false},"featured_media":2624,"template":"","meta":{"_mi_skip_tracking":false},"product_cat":[157,160,37],"product_tag":[],"class_list":["post-2623","product","type-product","status-publish","has-post-thumbnail","hentry","product_cat-acessorios-radiografia-industrial","product_cat-analise-de-peliculas","product_cat-radiografia-industrial"],"_links":{"self":[{"href":"https:\/\/end.pt\/pt\/wp-json\/wp\/v3\/product\/2623","targetHints":{"allow":["GET"]}}],"collection":[{"href":"https:\/\/end.pt\/pt\/wp-json\/wp\/v3\/product"}],"about":[{"href":"https:\/\/end.pt\/pt\/wp-json\/wp\/v2\/types\/product"}],"version-history":[{"count":4,"href":"https:\/\/end.pt\/pt\/wp-json\/wp\/v3\/product\/2623\/revisions"}],"predecessor-version":[{"id":5132,"href":"https:\/\/end.pt\/pt\/wp-json\/wp\/v3\/product\/2623\/revisions\/5132"}],"wp:featuredmedia":[{"embeddable":true,"href":"https:\/\/end.pt\/pt\/wp-json\/wp\/v2\/media\/2624"}],"wp:attachment":[{"href":"https:\/\/end.pt\/pt\/wp-json\/wp\/v2\/media?parent=2623"}],"wp:term":[{"taxonomy":"product_cat","embeddable":true,"href":"https:\/\/end.pt\/pt\/wp-json\/wp\/v2\/product_cat?post=2623"},{"taxonomy":"product_tag","embeddable":true,"href":"https:\/\/end.pt\/pt\/wp-json\/wp\/v2\/product_tag?post=2623"}],"curies":[{"name":"wp","href":"https:\/\/api.w.org\/{rel}","templated":true}]}}