{"id":2626,"date":"2018-10-07T22:25:49","date_gmt":"2018-10-07T22:25:49","guid":{"rendered":"https:\/\/end.pt\/pt\/?post_type=product&#038;p=2626"},"modified":"2021-05-02T19:36:32","modified_gmt":"2021-05-02T19:36:32","slug":"modelo-end-201","status":"publish","type":"product","link":"https:\/\/end.pt\/pt\/product\/modelo-end-201\/","title":{"rendered":"Modelo END 201"},"content":{"rendered":"<p>Constru\u00eddo em chapa de a\u00e7o pintado, com interruptor de pedal e manual, comut\u00e1vel entre modo interruptor de pedal ou modo de luz cont\u00ednua, com controlo electr\u00f3nico da luminosidade infinitamente vari\u00e1vel e luminosidade de fundo ajust\u00e1vel.<br \/>\n\u00c1rea iluminada de 10&#215;40 cm para filmes 6&#215;24, 10&#215;24, 6&#215;48, 10&#215;48, alta densidade (at\u00e9 D=5), 11 l\u00e2mpadas de halog\u00e9neo 150W\/24V, para liga\u00e7\u00e3o 220V.<\/p>\n","protected":false},"excerpt":{"rendered":"<p>Constru\u00eddo em chapa de a\u00e7o pintado, com interruptor de pedal e manual, comut\u00e1vel entre modo interruptor de pedal ou modo de luz cont\u00ednua, com controlo electr\u00f3nico da luminosidade infinitamente vari\u00e1vel e luminosidade de fundo ajust\u00e1vel. \u00c1rea iluminada de 10&#215;40 cm para filmes 6&#215;24, 10&#215;24, 6&#215;48, 10&#215;48, alta densidade (at\u00e9 D=5), 11 l\u00e2mpadas de halog\u00e9neo 150W\/24V, [&hellip;]<\/p>\n","protected":false},"featured_media":2628,"template":"","meta":{"_mi_skip_tracking":false},"product_cat":[157,160,37],"product_tag":[],"class_list":["post-2626","product","type-product","status-publish","has-post-thumbnail","hentry","product_cat-acessorios-radiografia-industrial","product_cat-analise-de-peliculas","product_cat-radiografia-industrial"],"_links":{"self":[{"href":"https:\/\/end.pt\/pt\/wp-json\/wp\/v3\/product\/2626","targetHints":{"allow":["GET"]}}],"collection":[{"href":"https:\/\/end.pt\/pt\/wp-json\/wp\/v3\/product"}],"about":[{"href":"https:\/\/end.pt\/pt\/wp-json\/wp\/v2\/types\/product"}],"version-history":[{"count":2,"href":"https:\/\/end.pt\/pt\/wp-json\/wp\/v3\/product\/2626\/revisions"}],"predecessor-version":[{"id":5131,"href":"https:\/\/end.pt\/pt\/wp-json\/wp\/v3\/product\/2626\/revisions\/5131"}],"wp:featuredmedia":[{"embeddable":true,"href":"https:\/\/end.pt\/pt\/wp-json\/wp\/v2\/media\/2628"}],"wp:attachment":[{"href":"https:\/\/end.pt\/pt\/wp-json\/wp\/v2\/media?parent=2626"}],"wp:term":[{"taxonomy":"product_cat","embeddable":true,"href":"https:\/\/end.pt\/pt\/wp-json\/wp\/v2\/product_cat?post=2626"},{"taxonomy":"product_tag","embeddable":true,"href":"https:\/\/end.pt\/pt\/wp-json\/wp\/v2\/product_tag?post=2626"}],"curies":[{"name":"wp","href":"https:\/\/api.w.org\/{rel}","templated":true}]}}