{"id":2629,"date":"2018-10-07T22:34:39","date_gmt":"2018-10-07T22:34:39","guid":{"rendered":"https:\/\/end.pt\/pt\/?post_type=product&#038;p=2629"},"modified":"2021-05-02T19:36:17","modified_gmt":"2021-05-02T19:36:17","slug":"modelo-wilnos-wilnosol-h-universal-ref-20-06-02","status":"publish","type":"product","link":"https:\/\/end.pt\/pt\/product\/modelo-wilnos-wilnosol-h-universal-ref-20-06-02\/","title":{"rendered":"Modelo WILNOS Wilnosol H \u201cUniversal\u201d, ref. 20 06 02"},"content":{"rendered":"<p>Lumin\u00e2ncia aproximada de 45.000 cd\/m<sup>2<\/sup>, para densidades at\u00e9 D=3.7, de acordo com a norma EN 25 580, \u00e1rea iluminada de 8.5&#215;22 cm, com ventilador de refrigera\u00e7\u00e3o para opera\u00e7\u00e3o cont\u00ednua, filtros de calor, interruptor de pedal, comut\u00e1vel entre modo interruptor de pedal ou modo de luz cont\u00ednua, com controlo electr\u00f3nico da luminosidade infinitamente vari\u00e1vel e luminosidade de fundo ajust\u00e1vel. Fornecido com 2 m\u00e1scaras adicionais, tamanho 5&#215;22 cm para filmes com 6 cm de largura e 4 cm de di\u00e2metro para visualiza\u00e7\u00e3o sem brilho intenso de sec\u00e7\u00f5es dos filmes.<br \/>\nCom 3 l\u00e2mpadas de halog\u00e9neo de 24V\/150W, para liga\u00e7\u00e3o 230V.<\/p>\n","protected":false},"excerpt":{"rendered":"<p>Lumin\u00e2ncia aproximada de 45.000 cd\/m2, para densidades at\u00e9 D=3.7, de acordo com a norma EN 25 580, \u00e1rea iluminada de 8.5&#215;22 cm, com ventilador de refrigera\u00e7\u00e3o para opera\u00e7\u00e3o cont\u00ednua, filtros de calor, interruptor de pedal, comut\u00e1vel entre modo interruptor de pedal ou modo de luz cont\u00ednua, com controlo electr\u00f3nico da luminosidade infinitamente vari\u00e1vel e luminosidade [&hellip;]<\/p>\n","protected":false},"featured_media":2630,"template":"","meta":{"_mi_skip_tracking":false},"product_cat":[157,160,37],"product_tag":[],"class_list":["post-2629","product","type-product","status-publish","has-post-thumbnail","hentry","product_cat-acessorios-radiografia-industrial","product_cat-analise-de-peliculas","product_cat-radiografia-industrial"],"_links":{"self":[{"href":"https:\/\/end.pt\/pt\/wp-json\/wp\/v3\/product\/2629","targetHints":{"allow":["GET"]}}],"collection":[{"href":"https:\/\/end.pt\/pt\/wp-json\/wp\/v3\/product"}],"about":[{"href":"https:\/\/end.pt\/pt\/wp-json\/wp\/v2\/types\/product"}],"version-history":[{"count":2,"href":"https:\/\/end.pt\/pt\/wp-json\/wp\/v3\/product\/2629\/revisions"}],"predecessor-version":[{"id":5130,"href":"https:\/\/end.pt\/pt\/wp-json\/wp\/v3\/product\/2629\/revisions\/5130"}],"wp:featuredmedia":[{"embeddable":true,"href":"https:\/\/end.pt\/pt\/wp-json\/wp\/v2\/media\/2630"}],"wp:attachment":[{"href":"https:\/\/end.pt\/pt\/wp-json\/wp\/v2\/media?parent=2629"}],"wp:term":[{"taxonomy":"product_cat","embeddable":true,"href":"https:\/\/end.pt\/pt\/wp-json\/wp\/v2\/product_cat?post=2629"},{"taxonomy":"product_tag","embeddable":true,"href":"https:\/\/end.pt\/pt\/wp-json\/wp\/v2\/product_tag?post=2629"}],"curies":[{"name":"wp","href":"https:\/\/api.w.org\/{rel}","templated":true}]}}