{"id":2631,"date":"2018-10-07T22:37:12","date_gmt":"2018-10-07T22:37:12","guid":{"rendered":"https:\/\/end.pt\/pt\/?post_type=product&#038;p=2631"},"modified":"2021-05-02T19:36:02","modified_gmt":"2021-05-02T19:36:02","slug":"modelo-wilnos-wilnosol-h-universal-plus-ref-20-13-02","status":"publish","type":"product","link":"https:\/\/end.pt\/pt\/product\/modelo-wilnos-wilnosol-h-universal-plus-ref-20-13-02\/","title":{"rendered":"Modelo WILNOS Wilnosol H \u201cUniversal-plus\u201d, ref. 20 13 02"},"content":{"rendered":"<p>Lumin\u00e2ncia aproximada de 200.000 cd\/m2, para densidades at\u00e9 D=4.3, de acordo com a norma EN 25 580, com ventilador de refrigera\u00e7\u00e3o e dois filtros de calor mais densos, para uma visualiza\u00e7\u00e3o praticamente ilimitada, sem perigo de deforma\u00e7\u00e3o permanente dos filmes a lumin\u00e2ncia m\u00e1xima. \u00c1rea iluminada de 12&#215;18 cm, painel frontal liso com dois \u00edmanes poderosos para fixar m\u00e1scaras adicionais para visualizar radiografias de soldadura (5&#215;18 cm , 8.5&#215;18 cm , 12&#215;18 cm).<br \/>\nCom 3 l\u00e2mpadas de halog\u00e9neo de 24V\/150W, para liga\u00e7\u00e3o 230V<\/p>\n","protected":false},"excerpt":{"rendered":"<p>Lumin\u00e2ncia aproximada de 200.000 cd\/m2, para densidades at\u00e9 D=4.3, de acordo com a norma EN 25 580, com ventilador de refrigera\u00e7\u00e3o e dois filtros de calor mais densos, para uma visualiza\u00e7\u00e3o praticamente ilimitada, sem perigo de deforma\u00e7\u00e3o permanente dos filmes a lumin\u00e2ncia m\u00e1xima. \u00c1rea iluminada de 12&#215;18 cm, painel frontal liso com dois \u00edmanes poderosos [&hellip;]<\/p>\n","protected":false},"featured_media":2632,"template":"","meta":{"_mi_skip_tracking":false},"product_cat":[157,160,37],"product_tag":[],"class_list":["post-2631","product","type-product","status-publish","has-post-thumbnail","hentry","product_cat-acessorios-radiografia-industrial","product_cat-analise-de-peliculas","product_cat-radiografia-industrial"],"_links":{"self":[{"href":"https:\/\/end.pt\/pt\/wp-json\/wp\/v3\/product\/2631","targetHints":{"allow":["GET"]}}],"collection":[{"href":"https:\/\/end.pt\/pt\/wp-json\/wp\/v3\/product"}],"about":[{"href":"https:\/\/end.pt\/pt\/wp-json\/wp\/v2\/types\/product"}],"version-history":[{"count":2,"href":"https:\/\/end.pt\/pt\/wp-json\/wp\/v3\/product\/2631\/revisions"}],"predecessor-version":[{"id":5129,"href":"https:\/\/end.pt\/pt\/wp-json\/wp\/v3\/product\/2631\/revisions\/5129"}],"wp:featuredmedia":[{"embeddable":true,"href":"https:\/\/end.pt\/pt\/wp-json\/wp\/v2\/media\/2632"}],"wp:attachment":[{"href":"https:\/\/end.pt\/pt\/wp-json\/wp\/v2\/media?parent=2631"}],"wp:term":[{"taxonomy":"product_cat","embeddable":true,"href":"https:\/\/end.pt\/pt\/wp-json\/wp\/v2\/product_cat?post=2631"},{"taxonomy":"product_tag","embeddable":true,"href":"https:\/\/end.pt\/pt\/wp-json\/wp\/v2\/product_tag?post=2631"}],"curies":[{"name":"wp","href":"https:\/\/api.w.org\/{rel}","templated":true}]}}