{"id":270,"date":"2018-02-26T21:37:30","date_gmt":"2018-02-26T21:37:30","guid":{"rendered":"https:\/\/end.pt\/pt\/?post_type=product&#038;p=270"},"modified":"2021-05-02T22:42:07","modified_gmt":"2021-05-02T22:42:07","slug":"escantilhao-hi-lo-ref-a-cat1","status":"publish","type":"product","link":"https:\/\/end.pt\/pt\/product\/escantilhao-hi-lo-ref-a-cat1\/","title":{"rendered":"Escantilh\u00e3o HI-LO (REF.\u00aa CAT1)"},"content":{"rendered":"<p>Escantilh\u00e3o para medi\u00e7\u00e3o de desalinhos; falhas, espessura das paredes dos tubos, filetes, linhas tra\u00e7adas e cavidades.<\/p>\n","protected":false},"excerpt":{"rendered":"<p>Escantilh\u00e3o para medi\u00e7\u00e3o de desalinhos; falhas, espessura das paredes dos tubos, filetes, linhas tra\u00e7adas e cavidades.<\/p>\n","protected":false},"featured_media":2062,"template":"","meta":{"_mi_skip_tracking":false},"product_cat":[20,24],"product_tag":[],"class_list":["post-270","product","type-product","status-publish","has-post-thumbnail","hentry","product_cat-ensaios-visuais","product_cat-escantilhoes-de-soldadura"],"_links":{"self":[{"href":"https:\/\/end.pt\/pt\/wp-json\/wp\/v3\/product\/270","targetHints":{"allow":["GET"]}}],"collection":[{"href":"https:\/\/end.pt\/pt\/wp-json\/wp\/v3\/product"}],"about":[{"href":"https:\/\/end.pt\/pt\/wp-json\/wp\/v2\/types\/product"}],"version-history":[{"count":2,"href":"https:\/\/end.pt\/pt\/wp-json\/wp\/v3\/product\/270\/revisions"}],"predecessor-version":[{"id":5352,"href":"https:\/\/end.pt\/pt\/wp-json\/wp\/v3\/product\/270\/revisions\/5352"}],"wp:featuredmedia":[{"embeddable":true,"href":"https:\/\/end.pt\/pt\/wp-json\/wp\/v2\/media\/2062"}],"wp:attachment":[{"href":"https:\/\/end.pt\/pt\/wp-json\/wp\/v2\/media?parent=270"}],"wp:term":[{"taxonomy":"product_cat","embeddable":true,"href":"https:\/\/end.pt\/pt\/wp-json\/wp\/v2\/product_cat?post=270"},{"taxonomy":"product_tag","embeddable":true,"href":"https:\/\/end.pt\/pt\/wp-json\/wp\/v2\/product_tag?post=270"}],"curies":[{"name":"wp","href":"https:\/\/api.w.org\/{rel}","templated":true}]}}