{"id":271,"date":"2018-02-26T21:41:16","date_gmt":"2018-02-26T21:41:16","guid":{"rendered":"https:\/\/end.pt\/pt\/?post_type=product&#038;p=271"},"modified":"2021-05-02T22:41:08","modified_gmt":"2021-05-02T22:41:08","slug":"escantilhao-tipo-cambridge-ref-a-cat4","status":"publish","type":"product","link":"https:\/\/end.pt\/pt\/product\/escantilhao-tipo-cambridge-ref-a-cat4\/","title":{"rendered":"Escantilh\u00e3o tipo \u201cCambridge\u201d  (REF.\u00aa CAT4)"},"content":{"rendered":"<p>Escantilh\u00e3o ideal para medi\u00e7\u00e3o de cortes inferiores, forma\u00e7\u00e3o de sulcos, corros\u00e3o e, excesso de metal de Soldadura.<\/p>\n","protected":false},"excerpt":{"rendered":"<p>Escantilh\u00e3o ideal para medi\u00e7\u00e3o de cortes inferiores, forma\u00e7\u00e3o de sulcos, corros\u00e3o e, excesso de metal de Soldadura.<\/p>\n","protected":false},"featured_media":2061,"template":"","meta":{"_mi_skip_tracking":false},"product_cat":[20,24],"product_tag":[],"class_list":["post-271","product","type-product","status-publish","has-post-thumbnail","hentry","product_cat-ensaios-visuais","product_cat-escantilhoes-de-soldadura"],"_links":{"self":[{"href":"https:\/\/end.pt\/pt\/wp-json\/wp\/v3\/product\/271","targetHints":{"allow":["GET"]}}],"collection":[{"href":"https:\/\/end.pt\/pt\/wp-json\/wp\/v3\/product"}],"about":[{"href":"https:\/\/end.pt\/pt\/wp-json\/wp\/v2\/types\/product"}],"version-history":[{"count":1,"href":"https:\/\/end.pt\/pt\/wp-json\/wp\/v3\/product\/271\/revisions"}],"predecessor-version":[{"id":5350,"href":"https:\/\/end.pt\/pt\/wp-json\/wp\/v3\/product\/271\/revisions\/5350"}],"wp:featuredmedia":[{"embeddable":true,"href":"https:\/\/end.pt\/pt\/wp-json\/wp\/v2\/media\/2061"}],"wp:attachment":[{"href":"https:\/\/end.pt\/pt\/wp-json\/wp\/v2\/media?parent=271"}],"wp:term":[{"taxonomy":"product_cat","embeddable":true,"href":"https:\/\/end.pt\/pt\/wp-json\/wp\/v2\/product_cat?post=271"},{"taxonomy":"product_tag","embeddable":true,"href":"https:\/\/end.pt\/pt\/wp-json\/wp\/v2\/product_tag?post=271"}],"curies":[{"name":"wp","href":"https:\/\/api.w.org\/{rel}","templated":true}]}}