{"id":272,"date":"2018-02-26T21:42:24","date_gmt":"2018-02-26T21:42:24","guid":{"rendered":"https:\/\/end.pt\/pt\/?post_type=product&#038;p=272"},"modified":"2021-05-02T22:40:45","modified_gmt":"2021-05-02T22:40:45","slug":"escantilhao-v-wac-ref-a-cat5","status":"publish","type":"product","link":"https:\/\/end.pt\/pt\/product\/escantilhao-v-wac-ref-a-cat5\/","title":{"rendered":"Escantilh\u00e3o \u201cV-WAC\u201d (REF.\u00aa CAT5)"},"content":{"rendered":"<p>Escantilh\u00e3o f\u00e1cil, utilizado para a f\u00e1cil verifica\u00e7\u00e3o das 4 medidas de soldadura, para aceita\u00e7\u00e3o visual: cortes inferiores, compara\u00e7\u00e3o de porosidade e quantidade de porosidade por polegada.<\/p>\n","protected":false},"excerpt":{"rendered":"<p>Escantilh\u00e3o f\u00e1cil, utilizado para a f\u00e1cil verifica\u00e7\u00e3o das 4 medidas de soldadura, para aceita\u00e7\u00e3o visual: cortes inferiores, compara\u00e7\u00e3o de porosidade e quantidade de porosidade por polegada.<\/p>\n","protected":false},"featured_media":2060,"template":"","meta":{"_mi_skip_tracking":false},"product_cat":[20,24],"product_tag":[],"class_list":["post-272","product","type-product","status-publish","has-post-thumbnail","hentry","product_cat-ensaios-visuais","product_cat-escantilhoes-de-soldadura"],"_links":{"self":[{"href":"https:\/\/end.pt\/pt\/wp-json\/wp\/v3\/product\/272","targetHints":{"allow":["GET"]}}],"collection":[{"href":"https:\/\/end.pt\/pt\/wp-json\/wp\/v3\/product"}],"about":[{"href":"https:\/\/end.pt\/pt\/wp-json\/wp\/v2\/types\/product"}],"version-history":[{"count":1,"href":"https:\/\/end.pt\/pt\/wp-json\/wp\/v3\/product\/272\/revisions"}],"predecessor-version":[{"id":5349,"href":"https:\/\/end.pt\/pt\/wp-json\/wp\/v3\/product\/272\/revisions\/5349"}],"wp:featuredmedia":[{"embeddable":true,"href":"https:\/\/end.pt\/pt\/wp-json\/wp\/v2\/media\/2060"}],"wp:attachment":[{"href":"https:\/\/end.pt\/pt\/wp-json\/wp\/v2\/media?parent=272"}],"wp:term":[{"taxonomy":"product_cat","embeddable":true,"href":"https:\/\/end.pt\/pt\/wp-json\/wp\/v2\/product_cat?post=272"},{"taxonomy":"product_tag","embeddable":true,"href":"https:\/\/end.pt\/pt\/wp-json\/wp\/v2\/product_tag?post=272"}],"curies":[{"name":"wp","href":"https:\/\/api.w.org\/{rel}","templated":true}]}}