{"id":273,"date":"2018-02-26T21:43:57","date_gmt":"2018-02-26T21:43:57","guid":{"rendered":"https:\/\/end.pt\/pt\/?post_type=product&#038;p=273"},"modified":"2021-05-02T22:40:18","modified_gmt":"2021-05-02T22:40:18","slug":"escantilhao-aws-ref-a-cat6","status":"publish","type":"product","link":"https:\/\/end.pt\/pt\/product\/escantilhao-aws-ref-a-cat6\/","title":{"rendered":"Escantilh\u00e3o \u201cAWS\u201d (REF.\u00aa CAT6)"},"content":{"rendered":"<p>Escantilh\u00e3o que determina o tamanho da soldadura e verifica a permiss\u00e3o para toler\u00e2ncias de convexidade e concavidade.<\/p>\n","protected":false},"excerpt":{"rendered":"<p>Escantilh\u00e3o que determina o tamanho da soldadura e verifica a permiss\u00e3o para toler\u00e2ncias de convexidade e concavidade.<\/p>\n","protected":false},"featured_media":2059,"template":"","meta":{"_mi_skip_tracking":false},"product_cat":[20,24],"product_tag":[],"class_list":["post-273","product","type-product","status-publish","has-post-thumbnail","hentry","product_cat-ensaios-visuais","product_cat-escantilhoes-de-soldadura"],"_links":{"self":[{"href":"https:\/\/end.pt\/pt\/wp-json\/wp\/v3\/product\/273","targetHints":{"allow":["GET"]}}],"collection":[{"href":"https:\/\/end.pt\/pt\/wp-json\/wp\/v3\/product"}],"about":[{"href":"https:\/\/end.pt\/pt\/wp-json\/wp\/v2\/types\/product"}],"version-history":[{"count":1,"href":"https:\/\/end.pt\/pt\/wp-json\/wp\/v3\/product\/273\/revisions"}],"predecessor-version":[{"id":5348,"href":"https:\/\/end.pt\/pt\/wp-json\/wp\/v3\/product\/273\/revisions\/5348"}],"wp:featuredmedia":[{"embeddable":true,"href":"https:\/\/end.pt\/pt\/wp-json\/wp\/v2\/media\/2059"}],"wp:attachment":[{"href":"https:\/\/end.pt\/pt\/wp-json\/wp\/v2\/media?parent=273"}],"wp:term":[{"taxonomy":"product_cat","embeddable":true,"href":"https:\/\/end.pt\/pt\/wp-json\/wp\/v2\/product_cat?post=273"},{"taxonomy":"product_tag","embeddable":true,"href":"https:\/\/end.pt\/pt\/wp-json\/wp\/v2\/product_tag?post=273"}],"curies":[{"name":"wp","href":"https:\/\/api.w.org\/{rel}","templated":true}]}}