{"id":274,"date":"2018-02-26T21:44:46","date_gmt":"2018-02-26T21:44:46","guid":{"rendered":"https:\/\/end.pt\/pt\/?post_type=product&#038;p=274"},"modified":"2021-05-02T22:40:00","modified_gmt":"2021-05-02T22:40:00","slug":"escantilhao-hi-lo-simples-ref-a-cat2","status":"publish","type":"product","link":"https:\/\/end.pt\/pt\/product\/escantilhao-hi-lo-simples-ref-a-cat2\/","title":{"rendered":"Escantilh\u00e3o \u201cHI-LO\u201d Simples (REF.\u00aa CAT2)"},"content":{"rendered":"<p>Escantilh\u00e3o com medida m\u00e9trica ou em polegadas que verifica os alinhamentos internos, elimina rejei\u00e7\u00f5es e aumenta a produtividade.<\/p>\n","protected":false},"excerpt":{"rendered":"<p>Escantilh\u00e3o com medida m\u00e9trica ou em polegadas que verifica os alinhamentos internos, elimina rejei\u00e7\u00f5es e aumenta a produtividade.<\/p>\n","protected":false},"featured_media":2058,"template":"","meta":{"_mi_skip_tracking":false},"product_cat":[20,24],"product_tag":[],"class_list":["post-274","product","type-product","status-publish","has-post-thumbnail","hentry","product_cat-ensaios-visuais","product_cat-escantilhoes-de-soldadura"],"_links":{"self":[{"href":"https:\/\/end.pt\/pt\/wp-json\/wp\/v3\/product\/274","targetHints":{"allow":["GET"]}}],"collection":[{"href":"https:\/\/end.pt\/pt\/wp-json\/wp\/v3\/product"}],"about":[{"href":"https:\/\/end.pt\/pt\/wp-json\/wp\/v2\/types\/product"}],"version-history":[{"count":1,"href":"https:\/\/end.pt\/pt\/wp-json\/wp\/v3\/product\/274\/revisions"}],"predecessor-version":[{"id":5347,"href":"https:\/\/end.pt\/pt\/wp-json\/wp\/v3\/product\/274\/revisions\/5347"}],"wp:featuredmedia":[{"embeddable":true,"href":"https:\/\/end.pt\/pt\/wp-json\/wp\/v2\/media\/2058"}],"wp:attachment":[{"href":"https:\/\/end.pt\/pt\/wp-json\/wp\/v2\/media?parent=274"}],"wp:term":[{"taxonomy":"product_cat","embeddable":true,"href":"https:\/\/end.pt\/pt\/wp-json\/wp\/v2\/product_cat?post=274"},{"taxonomy":"product_tag","embeddable":true,"href":"https:\/\/end.pt\/pt\/wp-json\/wp\/v2\/product_tag?post=274"}],"curies":[{"name":"wp","href":"https:\/\/api.w.org\/{rel}","templated":true}]}}