{"id":276,"date":"2018-02-26T21:46:42","date_gmt":"2018-02-26T21:46:42","guid":{"rendered":"https:\/\/end.pt\/pt\/?post_type=product&#038;p=276"},"modified":"2021-05-02T22:39:05","modified_gmt":"2021-05-02T22:39:05","slug":"escantilhao-pipe-pit-ref-a-cat17","status":"publish","type":"product","link":"https:\/\/end.pt\/pt\/product\/escantilhao-pipe-pit-ref-a-cat17\/","title":{"rendered":"Escantilh\u00e3o Pipe Pit (REF.\u00aa CAT17)"},"content":{"rendered":"<p>Escantilh\u00e3o feito totalmente de a\u00e7o inoxid\u00e1vel, com um bra\u00e7o que pode ser fixado em qualquer local, a qualquer dimens\u00e3o.<\/p>\n","protected":false},"excerpt":{"rendered":"<p>Escantilh\u00e3o feito totalmente de a\u00e7o inoxid\u00e1vel, com um bra\u00e7o que pode ser fixado em qualquer local, a qualquer dimens\u00e3o.<\/p>\n","protected":false},"featured_media":2056,"template":"","meta":{"_mi_skip_tracking":false},"product_cat":[20,24],"product_tag":[],"class_list":["post-276","product","type-product","status-publish","has-post-thumbnail","hentry","product_cat-ensaios-visuais","product_cat-escantilhoes-de-soldadura"],"_links":{"self":[{"href":"https:\/\/end.pt\/pt\/wp-json\/wp\/v3\/product\/276","targetHints":{"allow":["GET"]}}],"collection":[{"href":"https:\/\/end.pt\/pt\/wp-json\/wp\/v3\/product"}],"about":[{"href":"https:\/\/end.pt\/pt\/wp-json\/wp\/v2\/types\/product"}],"version-history":[{"count":1,"href":"https:\/\/end.pt\/pt\/wp-json\/wp\/v3\/product\/276\/revisions"}],"predecessor-version":[{"id":5344,"href":"https:\/\/end.pt\/pt\/wp-json\/wp\/v3\/product\/276\/revisions\/5344"}],"wp:featuredmedia":[{"embeddable":true,"href":"https:\/\/end.pt\/pt\/wp-json\/wp\/v2\/media\/2056"}],"wp:attachment":[{"href":"https:\/\/end.pt\/pt\/wp-json\/wp\/v2\/media?parent=276"}],"wp:term":[{"taxonomy":"product_cat","embeddable":true,"href":"https:\/\/end.pt\/pt\/wp-json\/wp\/v2\/product_cat?post=276"},{"taxonomy":"product_tag","embeddable":true,"href":"https:\/\/end.pt\/pt\/wp-json\/wp\/v2\/product_tag?post=276"}],"curies":[{"name":"wp","href":"https:\/\/api.w.org\/{rel}","templated":true}]}}