{"id":277,"date":"2018-02-26T21:47:40","date_gmt":"2018-02-26T21:47:40","guid":{"rendered":"https:\/\/end.pt\/pt\/?post_type=product&#038;p=277"},"modified":"2021-05-02T22:38:47","modified_gmt":"2021-05-02T22:38:47","slug":"escantilhao-de-bolso-bridge-cam-ref-a-cat4a","status":"publish","type":"product","link":"https:\/\/end.pt\/pt\/product\/escantilhao-de-bolso-bridge-cam-ref-a-cat4a\/","title":{"rendered":"Escantilh\u00e3o de Bolso Bridge Cam (REF.\u00aa CAT4a)"},"content":{"rendered":"<p>Escantilh\u00e3o que verifica o \u00e2ngulo de prepara\u00e7\u00e3o, o excesso de metal da soldadura, profundidade do corte inferior, profundidade do pitting, etc.<\/p>\n","protected":false},"excerpt":{"rendered":"<p>Escantilh\u00e3o que verifica o \u00e2ngulo de prepara\u00e7\u00e3o, o excesso de metal da soldadura, profundidade do corte inferior, profundidade do pitting, etc.<\/p>\n","protected":false},"featured_media":2055,"template":"","meta":{"_mi_skip_tracking":false},"product_cat":[20,24],"product_tag":[],"class_list":["post-277","product","type-product","status-publish","has-post-thumbnail","hentry","product_cat-ensaios-visuais","product_cat-escantilhoes-de-soldadura"],"_links":{"self":[{"href":"https:\/\/end.pt\/pt\/wp-json\/wp\/v3\/product\/277","targetHints":{"allow":["GET"]}}],"collection":[{"href":"https:\/\/end.pt\/pt\/wp-json\/wp\/v3\/product"}],"about":[{"href":"https:\/\/end.pt\/pt\/wp-json\/wp\/v2\/types\/product"}],"version-history":[{"count":1,"href":"https:\/\/end.pt\/pt\/wp-json\/wp\/v3\/product\/277\/revisions"}],"predecessor-version":[{"id":5343,"href":"https:\/\/end.pt\/pt\/wp-json\/wp\/v3\/product\/277\/revisions\/5343"}],"wp:featuredmedia":[{"embeddable":true,"href":"https:\/\/end.pt\/pt\/wp-json\/wp\/v2\/media\/2055"}],"wp:attachment":[{"href":"https:\/\/end.pt\/pt\/wp-json\/wp\/v2\/media?parent=277"}],"wp:term":[{"taxonomy":"product_cat","embeddable":true,"href":"https:\/\/end.pt\/pt\/wp-json\/wp\/v2\/product_cat?post=277"},{"taxonomy":"product_tag","embeddable":true,"href":"https:\/\/end.pt\/pt\/wp-json\/wp\/v2\/product_tag?post=277"}],"curies":[{"name":"wp","href":"https:\/\/api.w.org\/{rel}","templated":true}]}}