{"id":278,"date":"2018-02-26T21:48:49","date_gmt":"2018-02-26T21:48:49","guid":{"rendered":"https:\/\/end.pt\/pt\/?post_type=product&#038;p=278"},"modified":"2021-05-02T22:38:28","modified_gmt":"2021-05-02T22:38:28","slug":"escantilhao-de-bolso-p-soldadura-ref-a-cat10","status":"publish","type":"product","link":"https:\/\/end.pt\/pt\/product\/escantilhao-de-bolso-p-soldadura-ref-a-cat10\/","title":{"rendered":"Escantilh\u00e3o de Bolso p\/ Soldadura (REF.\u00aa CAT10)"},"content":{"rendered":"<p>Escantilh\u00e3o de bolso, feito em a\u00e7o inoxid\u00e1vel.<\/p>\n","protected":false},"excerpt":{"rendered":"<p>Escantilh\u00e3o de bolso, feito em a\u00e7o inoxid\u00e1vel.<\/p>\n","protected":false},"featured_media":2054,"template":"","meta":{"_mi_skip_tracking":false},"product_cat":[20,24],"product_tag":[],"class_list":["post-278","product","type-product","status-publish","has-post-thumbnail","hentry","product_cat-ensaios-visuais","product_cat-escantilhoes-de-soldadura"],"_links":{"self":[{"href":"https:\/\/end.pt\/pt\/wp-json\/wp\/v3\/product\/278","targetHints":{"allow":["GET"]}}],"collection":[{"href":"https:\/\/end.pt\/pt\/wp-json\/wp\/v3\/product"}],"about":[{"href":"https:\/\/end.pt\/pt\/wp-json\/wp\/v2\/types\/product"}],"version-history":[{"count":1,"href":"https:\/\/end.pt\/pt\/wp-json\/wp\/v3\/product\/278\/revisions"}],"predecessor-version":[{"id":5342,"href":"https:\/\/end.pt\/pt\/wp-json\/wp\/v3\/product\/278\/revisions\/5342"}],"wp:featuredmedia":[{"embeddable":true,"href":"https:\/\/end.pt\/pt\/wp-json\/wp\/v2\/media\/2054"}],"wp:attachment":[{"href":"https:\/\/end.pt\/pt\/wp-json\/wp\/v2\/media?parent=278"}],"wp:term":[{"taxonomy":"product_cat","embeddable":true,"href":"https:\/\/end.pt\/pt\/wp-json\/wp\/v2\/product_cat?post=278"},{"taxonomy":"product_tag","embeddable":true,"href":"https:\/\/end.pt\/pt\/wp-json\/wp\/v2\/product_tag?post=278"}],"curies":[{"name":"wp","href":"https:\/\/api.w.org\/{rel}","templated":true}]}}