{"id":279,"date":"2018-02-26T21:49:28","date_gmt":"2018-02-26T21:49:28","guid":{"rendered":"https:\/\/end.pt\/pt\/?post_type=product&#038;p=279"},"modified":"2021-05-02T22:38:14","modified_gmt":"2021-05-02T22:38:14","slug":"conjunto-de-escantilhoes-mini-p-soldadura-ref-a-cat16","status":"publish","type":"product","link":"https:\/\/end.pt\/pt\/product\/conjunto-de-escantilhoes-mini-p-soldadura-ref-a-cat16\/","title":{"rendered":"Conjunto de Escantilh\u00f5es Mini p\/ Soldadura (REF.\u00aa CAT16)"},"content":{"rendered":"<p>Escantilh\u00e3o de bolso, feito em a\u00e7o inoxid\u00e1vel.<\/p>\n","protected":false},"excerpt":{"rendered":"<p>Escantilh\u00e3o de bolso, feito em a\u00e7o inoxid\u00e1vel.<\/p>\n","protected":false},"featured_media":2053,"template":"","meta":{"_mi_skip_tracking":false},"product_cat":[20,24],"product_tag":[],"class_list":["post-279","product","type-product","status-publish","has-post-thumbnail","hentry","product_cat-ensaios-visuais","product_cat-escantilhoes-de-soldadura"],"_links":{"self":[{"href":"https:\/\/end.pt\/pt\/wp-json\/wp\/v3\/product\/279","targetHints":{"allow":["GET"]}}],"collection":[{"href":"https:\/\/end.pt\/pt\/wp-json\/wp\/v3\/product"}],"about":[{"href":"https:\/\/end.pt\/pt\/wp-json\/wp\/v2\/types\/product"}],"version-history":[{"count":1,"href":"https:\/\/end.pt\/pt\/wp-json\/wp\/v3\/product\/279\/revisions"}],"predecessor-version":[{"id":5341,"href":"https:\/\/end.pt\/pt\/wp-json\/wp\/v3\/product\/279\/revisions\/5341"}],"wp:featuredmedia":[{"embeddable":true,"href":"https:\/\/end.pt\/pt\/wp-json\/wp\/v2\/media\/2053"}],"wp:attachment":[{"href":"https:\/\/end.pt\/pt\/wp-json\/wp\/v2\/media?parent=279"}],"wp:term":[{"taxonomy":"product_cat","embeddable":true,"href":"https:\/\/end.pt\/pt\/wp-json\/wp\/v2\/product_cat?post=279"},{"taxonomy":"product_tag","embeddable":true,"href":"https:\/\/end.pt\/pt\/wp-json\/wp\/v2\/product_tag?post=279"}],"curies":[{"name":"wp","href":"https:\/\/api.w.org\/{rel}","templated":true}]}}