{"id":281,"date":"2018-02-26T23:09:11","date_gmt":"2018-02-26T23:09:11","guid":{"rendered":"https:\/\/end.pt\/pt\/?post_type=product&#038;p=281"},"modified":"2018-03-02T17:36:08","modified_gmt":"2018-03-02T17:36:08","slug":"kit-tipo-mala-de-inspeccao-ref-a-cat12","status":"publish","type":"product","link":"https:\/\/end.pt\/pt\/product\/kit-tipo-mala-de-inspeccao-ref-a-cat12\/","title":{"rendered":"Kit tipo Mala de Inspec\u00e7\u00e3o (REF.\u00aa CAT12)"},"content":{"rendered":"<p>Medidas: 45,7 x 31,8 x 7,6 (cm).<\/p>\n<p>Inclui:<\/p>\n<ul>\n<li>Escantilh\u00e3o V-WAC (CAT-5)<\/li>\n<li>Conjunto de Escantilh\u00f5es p\/ Soldadura (CAT-8)<\/li>\n<li>Escantilh\u00e3o WTPS (CAT-7)<\/li>\n<li>Escantilh\u00e3o tipo Cambridge (CAT-4)<\/li>\n<li>Escantilh\u00e3o HI-LO Simples (CAT-2)<\/li>\n<li>Escantilh\u00e3o HI-LO (CAT-1)<\/li>\n<li>Escantilh\u00e3o AWS (CAT-6)<\/li>\n<li>Escantilh\u00e3o p\/ \u00c2ngulos c\/ Calculadora (CAT-9c)<\/li>\n<li>Escantilh\u00e3o c\/ Ajuste (CAT-3)<\/li>\n<li>Escala Starrett de 6\u201d<\/li>\n<li>Espelho telesc\u00f3pico<\/li>\n<li>Micr\u00f3metro com bola<\/li>\n<li>Lupa<\/li>\n<li>Mala com fechadura e chave<\/li>\n<\/ul>\n","protected":false},"excerpt":{"rendered":"<p>Medidas: 45,7 x 31,8 x 7,6 (cm). Inclui: Escantilh\u00e3o V-WAC (CAT-5) Conjunto de Escantilh\u00f5es p\/ Soldadura (CAT-8) Escantilh\u00e3o WTPS (CAT-7) Escantilh\u00e3o tipo Cambridge (CAT-4) Escantilh\u00e3o HI-LO Simples (CAT-2) Escantilh\u00e3o HI-LO (CAT-1) Escantilh\u00e3o AWS (CAT-6) Escantilh\u00e3o p\/ \u00c2ngulos c\/ Calculadora (CAT-9c) Escantilh\u00e3o c\/ Ajuste (CAT-3) Escala Starrett de 6\u201d Espelho telesc\u00f3pico Micr\u00f3metro com bola Lupa Mala [&hellip;]<\/p>\n","protected":false},"featured_media":2051,"template":"","meta":{"_mi_skip_tracking":false},"product_cat":[20,24],"product_tag":[],"class_list":["post-281","product","type-product","status-publish","has-post-thumbnail","hentry","product_cat-ensaios-visuais","product_cat-escantilhoes-de-soldadura"],"_links":{"self":[{"href":"https:\/\/end.pt\/pt\/wp-json\/wp\/v3\/product\/281","targetHints":{"allow":["GET"]}}],"collection":[{"href":"https:\/\/end.pt\/pt\/wp-json\/wp\/v3\/product"}],"about":[{"href":"https:\/\/end.pt\/pt\/wp-json\/wp\/v2\/types\/product"}],"version-history":[{"count":0,"href":"https:\/\/end.pt\/pt\/wp-json\/wp\/v3\/product\/281\/revisions"}],"wp:featuredmedia":[{"embeddable":true,"href":"https:\/\/end.pt\/pt\/wp-json\/wp\/v2\/media\/2051"}],"wp:attachment":[{"href":"https:\/\/end.pt\/pt\/wp-json\/wp\/v2\/media?parent=281"}],"wp:term":[{"taxonomy":"product_cat","embeddable":true,"href":"https:\/\/end.pt\/pt\/wp-json\/wp\/v2\/product_cat?post=281"},{"taxonomy":"product_tag","embeddable":true,"href":"https:\/\/end.pt\/pt\/wp-json\/wp\/v2\/product_tag?post=281"}],"curies":[{"name":"wp","href":"https:\/\/api.w.org\/{rel}","templated":true}]}}